{"id":129,"date":"2019-03-08T20:24:11","date_gmt":"2019-03-08T19:24:11","guid":{"rendered":"http:\/\/enseignementdemichael.fr\/?page_id=129"},"modified":"2021-11-04T08:25:47","modified_gmt":"2021-11-04T07:25:47","slug":"panier","status":"publish","type":"page","link":"https:\/\/crea.enseignementdemichael.fr\/index.php\/panier\/","title":{"rendered":"Panier"},"content":{"rendered":"\n\r\n\r\n\r\n<p><strong>Attention : tout audio en t\u00e9l\u00e9chargement n&#8217;est pas rembours\u00e9<\/strong><\/p>\r\n","protected":false},"excerpt":{"rendered":"<p>Attention : tout audio en t\u00e9l\u00e9chargement n&#8217;est pas rembours\u00e9<\/p>\n","protected":false},"author":1239,"featured_media":0,"parent":0,"menu_order":0,"comment_status":"closed","ping_status":"closed","template":"","meta":[],"_links":{"self":[{"href":"https:\/\/crea.enseignementdemichael.fr\/index.php\/wp-json\/wp\/v2\/pages\/129"}],"collection":[{"href":"https:\/\/crea.enseignementdemichael.fr\/index.php\/wp-json\/wp\/v2\/pages"}],"about":[{"href":"https:\/\/crea.enseignementdemichael.fr\/index.php\/wp-json\/wp\/v2\/types\/page"}],"author":[{"embeddable":true,"href":"https:\/\/crea.enseignementdemichael.fr\/index.php\/wp-json\/wp\/v2\/users\/1239"}],"replies":[{"embeddable":true,"href":"https:\/\/crea.enseignementdemichael.fr\/index.php\/wp-json\/wp\/v2\/comments?post=129"}],"version-history":[{"count":3,"href":"https:\/\/crea.enseignementdemichael.fr\/index.php\/wp-json\/wp\/v2\/pages\/129\/revisions"}],"predecessor-version":[{"id":9187,"href":"https:\/\/crea.enseignementdemichael.fr\/index.php\/wp-json\/wp\/v2\/pages\/129\/revisions\/9187"}],"wp:attachment":[{"href":"https:\/\/crea.enseignementdemichael.fr\/index.php\/wp-json\/wp\/v2\/media?parent=129"}],"curies":[{"name":"wp","href":"https:\/\/api.w.org\/{rel}","templated":true}]}}