{"id":13853,"date":"2022-12-20T08:58:38","date_gmt":"2022-12-20T07:58:38","guid":{"rendered":"https:\/\/www.enseignementdemichael.fr\/?page_id=13853"},"modified":"2024-01-08T14:44:55","modified_gmt":"2024-01-08T13:44:55","slug":"soin-quantique-de-magnificence","status":"publish","type":"page","link":"https:\/\/crea.enseignementdemichael.fr\/index.php\/soin-quantique-de-magnificence\/","title":{"rendered":"Soin Quantique De Magnificence"},"content":{"rendered":"<p><img decoding=\"async\" loading=\"lazy\" class=\"size-full wp-image-14706 aligncenter\" src=\"https:\/\/enseignementdemichael.fr\/wp-content\/uploads\/2022\/12\/MAGNIFICENCE.jpg\" alt=\"\" width=\"615\" height=\"345\" srcset=\"https:\/\/crea.enseignementdemichael.fr\/wp-content\/uploads\/2022\/12\/MAGNIFICENCE.jpg 615w, https:\/\/crea.enseignementdemichael.fr\/wp-content\/uploads\/2022\/12\/MAGNIFICENCE-300x168.jpg 300w, https:\/\/crea.enseignementdemichael.fr\/wp-content\/uploads\/2022\/12\/MAGNIFICENCE-600x337.jpg 600w\" sizes=\"(max-width: 615px) 100vw, 615px\" \/><\/p>\n<p>&nbsp;<\/p>\n<div><span style=\"color: #000000; font-family: georgia, serif;\">Soin Quantique de Magnificence afin de cr\u00e9er votre espace vibratoire magnifi\u00e9.<\/span><\/div>\n<div><span style=\"color: #000000; font-family: georgia, serif;\">\u00a0<\/span><\/div>\n<div><span style=\"color: #000000; font-family: georgia, serif;\">Alignez-vous sur le niveau le plus \u00e9lev\u00e9 de votre \u00e2me, ouvrons ensemble pour vous un vortex de magnificence, une arche de gloire.<\/span><\/div>\n<div><span style=\"color: #000000; font-family: georgia, serif;\">\u00a0<\/span><\/div>\n<div><span style=\"color: #000000; font-family: georgia, serif;\">Entrez dans ce passage \u00e9nerg\u00e9tique divinis\u00e9. C&#8217;est essentiel pour votre prochaine phase d&#8217;ascension qui est la r\u00e9ception en continue des codes de lumi\u00e8re du nouveau mod\u00e8le.<\/span><\/div>\n<div><span style=\"color: #000000; font-family: georgia, serif;\">\u00a0<\/span><\/div>\n<div><span style=\"color: #000000; font-family: georgia, serif;\">Si vous lisez ceci, c&#8217;est que vous entrez dans votre cycle d&#8217;ach\u00e8vement pour que la phase suivante, magnifiquement brillante, devienne visible \u00e0 vos yeux.<\/span><\/div>\n<div><span style=\"color: #000000; font-family: georgia, serif;\">\u00a0<\/span><\/div>\n<div><span style=\"color: #000000; font-family: georgia, serif;\">Entrez en majest\u00e9!<\/span><\/div>\n<div><span style=\"color: #000000; font-family: georgia, serif;\">\u00a0<\/span><\/div>\n<div style=\"text-align: center;\"><span style=\"color: #000000; font-family: georgia, serif;\">Tarif : 110\u20ac\u00a0<\/span><\/div>\n<div style=\"text-align: center;\"><span style=\"color: #000000; font-family: georgia, serif;\">\u00a0<\/span><\/div>\n<div style=\"text-align: center;\"><a href=\"https:\/\/sg-autorepondeur.com\/public\/form.php?data=eyJmb3JtIjo3MDkwNiwidXNlciI6IjEyODk3In0-\"><span style=\"color: #000000; font-family: georgia, serif;\">Oui, je le veux!<\/span><\/a><\/div>\n","protected":false},"excerpt":{"rendered":"<p>&nbsp; Soin Quantique de Magnificence afin de cr\u00e9er votre espace vibratoire magnifi\u00e9. \u00a0 Alignez-vous sur le niveau le plus \u00e9lev\u00e9 de votre \u00e2me, ouvrons ensemble pour vous un vortex de magnificence, une arche de gloire. \u00a0 Entrez dans ce passage \u00e9nerg\u00e9tique divinis\u00e9. C&#8217;est essentiel pour votre prochaine phase d&#8217;ascension qui est la r\u00e9ception en continue [&hellip;]<\/p>\n","protected":false},"author":1,"featured_media":14706,"parent":0,"menu_order":0,"comment_status":"closed","ping_status":"closed","template":"","meta":[],"_links":{"self":[{"href":"https:\/\/crea.enseignementdemichael.fr\/index.php\/wp-json\/wp\/v2\/pages\/13853"}],"collection":[{"href":"https:\/\/crea.enseignementdemichael.fr\/index.php\/wp-json\/wp\/v2\/pages"}],"about":[{"href":"https:\/\/crea.enseignementdemichael.fr\/index.php\/wp-json\/wp\/v2\/types\/page"}],"author":[{"embeddable":true,"href":"https:\/\/crea.enseignementdemichael.fr\/index.php\/wp-json\/wp\/v2\/users\/1"}],"replies":[{"embeddable":true,"href":"https:\/\/crea.enseignementdemichael.fr\/index.php\/wp-json\/wp\/v2\/comments?post=13853"}],"version-history":[{"count":7,"href":"https:\/\/crea.enseignementdemichael.fr\/index.php\/wp-json\/wp\/v2\/pages\/13853\/revisions"}],"predecessor-version":[{"id":19431,"href":"https:\/\/crea.enseignementdemichael.fr\/index.php\/wp-json\/wp\/v2\/pages\/13853\/revisions\/19431"}],"wp:featuredmedia":[{"embeddable":true,"href":"https:\/\/crea.enseignementdemichael.fr\/index.php\/wp-json\/wp\/v2\/media\/14706"}],"wp:attachment":[{"href":"https:\/\/crea.enseignementdemichael.fr\/index.php\/wp-json\/wp\/v2\/media?parent=13853"}],"curies":[{"name":"wp","href":"https:\/\/api.w.org\/{rel}","templated":true}]}}