{"id":17863,"date":"2023-08-25T18:55:29","date_gmt":"2023-08-25T16:55:29","guid":{"rendered":"https:\/\/www.enseignementdemichael.fr\/?page_id=17863"},"modified":"2024-04-08T08:41:05","modified_gmt":"2024-04-08T06:41:05","slug":"enseignement-xvi-16-de-michael-archange","status":"publish","type":"page","link":"https:\/\/crea.enseignementdemichael.fr\/index.php\/enseignement-xvi-16-de-michael-archange\/","title":{"rendered":"ENSEIGNEMENT XVI (16) DE MICHA\u00cbL ARCHANGE"},"content":{"rendered":"<p>&nbsp;<\/p>\n<p><img decoding=\"async\" loading=\"lazy\" class=\" wp-image-17864 aligncenter\" src=\"https:\/\/enseignementdemichael.fr\/wp-content\/uploads\/2023\/08\/MINIATURE-POUR-SITE-INTERNET-ENSEIGNEMENT-16.jpeg\" alt=\"\" width=\"466\" height=\"347\" srcset=\"https:\/\/crea.enseignementdemichael.fr\/wp-content\/uploads\/2023\/08\/MINIATURE-POUR-SITE-INTERNET-ENSEIGNEMENT-16.jpeg 640w, https:\/\/crea.enseignementdemichael.fr\/wp-content\/uploads\/2023\/08\/MINIATURE-POUR-SITE-INTERNET-ENSEIGNEMENT-16-300x224.jpeg 300w, https:\/\/crea.enseignementdemichael.fr\/wp-content\/uploads\/2023\/08\/MINIATURE-POUR-SITE-INTERNET-ENSEIGNEMENT-16-600x447.jpeg 600w\" sizes=\"(max-width: 466px) 100vw, 466px\" \/><\/p>\n<p>&nbsp;<\/p>\n<p class=\"x_MsoNormal\">Tout part de la pens\u00e9e originelle.<\/p>\n<p class=\"x_MsoNormal\">La pens\u00e9e et le sentiment produisent une forme-pens\u00e9e.<\/p>\n<p class=\"x_MsoNormal\">Selon les enseignements anciens, au cours de votre processus de pens\u00e9e et de ressenti, deux ph\u00e9nom\u00e8nes se produisent.<\/p>\n<p class=\"x_MsoNormal\">La premi\u00e8re est que vous cr\u00e9ez une forme-pens\u00e9e (ou une entit\u00e9-pens\u00e9e). Une forme-pens\u00e9e est un \u00eatre ou une entit\u00e9 vivante r\u00e9elle cr\u00e9\u00e9e par le processus de pens\u00e9e.<\/p>\n<p class=\"x_MsoNormal\">Les pens\u00e9es sont la base de la manifestation, elles ont de la t\u00e9nacit\u00e9, de la coh\u00e9rence et de la vie.<\/p>\n<p class=\"x_MsoNormal\">Ce sont des entit\u00e9s r\u00e9elles qui peuvent ruiner ou am\u00e9liorer fortement votre existence.<\/p>\n<p class=\"x_MsoNormal\">Avec l\u2019enseignement XVI de la Hi\u00e9rarchie archang\u00e9lique de Micha\u00ebl, apprenez \u00e0 conna\u00eetre l&#8217;art et la science de la cr\u00e9ation d&#8217;une forme-pens\u00e9e puissante.<\/p>\n<p class=\"x_MsoNormal\">Deuxi\u00e8mement, l\u2019acte de penser ou de ressentir produit \u00e9galement ce qu\u2019on appelle un champ radiant psychique.<\/p>\n<p class=\"x_MsoNormal\">Un champ radiant psychique est similaire \u00e0 celui d\u2019une tour \u00e9mettrice qui envoie des signaux de t\u00e9l\u00e9vision.<\/p>\n<p class=\"x_MsoNormal\">Lorsque vous pensez et ressentez quelque chose avec force, vous aussi rayonnez un champ d\u2019\u00e9nergie avec la qualit\u00e9 de cette \u00e9nergie.<\/p>\n<p class=\"x_MsoNormal\">Cet enseignement extraordinaire va vous permettre, en toute simplicit\u00e9, d\u2019int\u00e9grer de nouvelles donn\u00e9es cr\u00e9atrices, pour entrer en coh\u00e9rence avec vos d\u00e9sirs de manifestation positive.<\/p>\n<p class=\"x_MsoNormal\"><a href=\"https:\/\/enseignementdemichael.fr\/wp-content\/uploads\/2023\/08\/4-PREMIERES-MINUTES-GRATUITES-1.mp3\">Ecoutez les 4 premi\u00e8res minutes gratuitement ici<\/a><\/p>\n<p class=\"x_MsoNormal\">C\u2019est une formation exceptionnelle d\u2019une heure et 40 minutes, \u00e0 \u00e9couter en \u00e9tant assis(e) une premi\u00e8re fois, dans le calme, seul(e), en notant les points essentiels si vous le d\u00e9sirez.<\/p>\n<p class=\"x_MsoNormal\">Formation audio \u00e0 t\u00e9l\u00e9charger et \u00e0 \u00e9couter s\u00e9rieusement au moins 7 fois ou 7 jours.<\/p>\n<p class=\"x_MsoNormal\">Pensez \u00e0 bien vous hydrater avant et apr\u00e8s l\u2019\u00e9coute attentive de cet enseignement sacr\u00e9, venu du plan divin.<\/p>\n<p class=\"x_MsoNormal\">Tarif\u00a0 :\u00a0 125\u20ac<\/p>\n<p class=\"x_MsoNormal\">Paiement en 3 fois possible.<\/p>\n<p class=\"x_MsoNormal\">Je vous en souhaite de grands changements et un sublime renouveau. Avec cet \u00e9minent enseignement, vous entrez dans la cour des grands.<\/p>\n<p class=\"x_MsoNormal\" align=\"center\"><a href=\"https:\/\/sg-autorepondeur.com\/public\/form.php?data=eyJmb3JtIjo3MjAxOSwidXNlciI6IjEyODk3In0-\" target=\"_blank\" rel=\"noopener noreferrer\" data-auth=\"NotApplicable\" data-linkindex=\"0\">Oui, je le veux !<\/a><\/p>\n","protected":false},"excerpt":{"rendered":"<p>&nbsp; &nbsp; Tout part de la pens\u00e9e originelle. La pens\u00e9e et le sentiment produisent une forme-pens\u00e9e. Selon les enseignements anciens, au cours de votre processus de pens\u00e9e et de ressenti, deux ph\u00e9nom\u00e8nes se produisent. La premi\u00e8re est que vous cr\u00e9ez une forme-pens\u00e9e (ou une entit\u00e9-pens\u00e9e). Une forme-pens\u00e9e est un \u00eatre ou une entit\u00e9 vivante r\u00e9elle [&hellip;]<\/p>\n","protected":false},"author":1,"featured_media":17864,"parent":0,"menu_order":0,"comment_status":"closed","ping_status":"closed","template":"","meta":[],"_links":{"self":[{"href":"https:\/\/crea.enseignementdemichael.fr\/index.php\/wp-json\/wp\/v2\/pages\/17863"}],"collection":[{"href":"https:\/\/crea.enseignementdemichael.fr\/index.php\/wp-json\/wp\/v2\/pages"}],"about":[{"href":"https:\/\/crea.enseignementdemichael.fr\/index.php\/wp-json\/wp\/v2\/types\/page"}],"author":[{"embeddable":true,"href":"https:\/\/crea.enseignementdemichael.fr\/index.php\/wp-json\/wp\/v2\/users\/1"}],"replies":[{"embeddable":true,"href":"https:\/\/crea.enseignementdemichael.fr\/index.php\/wp-json\/wp\/v2\/comments?post=17863"}],"version-history":[{"count":7,"href":"https:\/\/crea.enseignementdemichael.fr\/index.php\/wp-json\/wp\/v2\/pages\/17863\/revisions"}],"predecessor-version":[{"id":18162,"href":"https:\/\/crea.enseignementdemichael.fr\/index.php\/wp-json\/wp\/v2\/pages\/17863\/revisions\/18162"}],"wp:featuredmedia":[{"embeddable":true,"href":"https:\/\/crea.enseignementdemichael.fr\/index.php\/wp-json\/wp\/v2\/media\/17864"}],"wp:attachment":[{"href":"https:\/\/crea.enseignementdemichael.fr\/index.php\/wp-json\/wp\/v2\/media?parent=17863"}],"curies":[{"name":"wp","href":"https:\/\/api.w.org\/{rel}","templated":true}]}}