{"id":18727,"date":"2023-10-30T14:54:39","date_gmt":"2023-10-30T13:54:39","guid":{"rendered":"https:\/\/www.enseignementdemichael.fr\/?page_id=18727"},"modified":"2024-02-13T13:14:27","modified_gmt":"2024-02-13T12:14:27","slug":"pack-des-8-enseignements-de-michael","status":"publish","type":"page","link":"https:\/\/crea.enseignementdemichael.fr\/index.php\/pack-des-8-enseignements-de-michael\/","title":{"rendered":"Pack des 8 ENSEIGNEMENTS DE MICHAEL"},"content":{"rendered":"<p>&nbsp;<\/p>\n<p><img decoding=\"async\" loading=\"lazy\" class=\"size-full wp-image-17167 aligncenter\" src=\"https:\/\/enseignementdemichael.fr\/wp-content\/uploads\/2021\/04\/archangeOK-8-1.png\" alt=\"\" width=\"963\" height=\"574\" srcset=\"https:\/\/crea.enseignementdemichael.fr\/wp-content\/uploads\/2021\/04\/archangeOK-8-1.png 963w, https:\/\/crea.enseignementdemichael.fr\/wp-content\/uploads\/2021\/04\/archangeOK-8-1-300x179.png 300w, https:\/\/crea.enseignementdemichael.fr\/wp-content\/uploads\/2021\/04\/archangeOK-8-1-768x458.png 768w, https:\/\/crea.enseignementdemichael.fr\/wp-content\/uploads\/2021\/04\/archangeOK-8-1-600x358.png 600w\" sizes=\"(max-width: 963px) 100vw, 963px\" \/><\/p>\n<p>&nbsp;<\/p>\n<p>Si vous avez l\u2019impression que la vie n\u2019est qu\u2019un encha\u00eenement d\u2019obstacles, de crises et que chaque jour est plus difficile que le pr\u00e9c\u00e9dent\u2026<\/p>\n<p>&nbsp;<\/p>\n<p>Une crise qui s\u2019\u00e9ternise ce n\u2019est plus une crise, c\u2019est un mal-\u00eatre int\u00e9rieur profond.<\/p>\n<p>&nbsp;<\/p>\n<p><strong>Il faut changer de regard sur votre droit divin au bien-\u00eatre.<\/strong><\/p>\n<p>Osez \u00e9lever votre fa\u00e7on de prendre soin de votre\u00a0<strong>Capital Bonheur.<\/strong><\/p>\n<div><span style=\"color: #000000; font-family: Arial;\"><b>\u00a0<\/b><\/span><\/div>\n<div>\n<p>\u00ab\u00a0<em>Notre pouvoir ne r\u00e9side pas dans notre capacit\u00e9 \u00e0 refaire le monde, mais dans notre capacit\u00e9 \u00e0 nous recr\u00e9er nous-m\u00eame\u00a0<\/em>\u00bb, disait Gandhi.<\/p>\n<p>&nbsp;<\/p>\n<p><strong>Le secret des gens qui redoublent d\u2019\u00e9nergie\u2026<\/strong><\/p>\n<p><strong>\u00a0<\/strong><\/p>\n<p>\u00catre \u00e0 bout, vid\u00e9 de son \u00e9nergie n\u2019est jamais anodin et peut m\u00eame\u00a0<strong>conduire \u00e0 des \u00e9pisodes d\u00e9pressifs majeurs&#8230;<\/strong><\/p>\n<p>&nbsp;<\/p>\n<p>Celles et ceux qui sont en pleine forme toute l\u2019ann\u00e9e, malgr\u00e9 un planning charg\u00e9 et une vie familiale bien remplie, l\u2019ont bien compris.<\/p>\n<p><strong>De la joie et des synchronicit\u00e9s \u00ab \u00e0 la demande \u00bb<\/strong><\/p>\n<p><strong>\u00a0<\/strong><\/p>\n<p>En transmettant des informations de bien-\u00eatre, de plaisir et de succ\u00e8s directement dans le cerveau, les Enseignements\u00a0Canalis\u00e9s de l&#8217;Archange Michael<strong>\u00a0<\/strong>agissent comme un\u00a0<strong>v\u00e9ritable interrupteur du plaisir et du succ\u00e8s.<\/strong><\/p>\n<p>&nbsp;<\/p>\n<p>Quand cet interrupteur est allum\u00e9 :<\/p>\n<p>1.\u00a0\u00a0\u00a0\u00a0 Votre concentration en s\u00e9rotonine augmente<\/p>\n<p>2.\u00a0\u00a0\u00a0\u00a0 La circulation de votre dopamine est plus fluide<\/p>\n<p>3.\u00a0\u00a0\u00a0\u00a0 Votre taux d\u2019ocytocine est boost\u00e9<\/p>\n<p>4.\u00a0\u00a0\u00a0\u00a0 Vous \u00e9prouvez consolation, soulagement, r\u00e9confort et bien-\u00eatre.<\/p>\n<p>&nbsp;<\/p>\n<p>Vous pouvez ainsi stimuler vos propres ressources et vos hormones du bonheur gr\u00e2ce aux<strong>\u00a0pouvoirs des Enseignements de l&#8217;Archange Michael.<\/strong><\/p>\n<p><b><br \/>\n<\/b>Depuis chez vous, simplement, rapidement et \u00e0 tout moment pour :<\/p>\n<p>\u25cf\u00a0\u00a0\u00a0\u00a0\u00a0 Vous relaxer et vous connecter aux plans sup\u00e9rieurs<\/p>\n<p>\u25cf\u00a0\u00a0\u00a0\u00a0\u00a0 Supprimer vos \u00e9motions et pens\u00e9es n\u00e9gatives<\/p>\n<p>\u25cf\u00a0\u00a0\u00a0\u00a0\u00a0 \u00c9liminer votre stress, vos angoisses et inqui\u00e9tudes<\/p>\n<p>\u25cf\u00a0\u00a0\u00a0\u00a0\u00a0 D\u00e9velopper votre \u00e9nergie cr\u00e9ative<\/p>\n<p>\u25cf\u00a0\u00a0\u00a0\u00a0\u00a0 Exalter les sensations de bien-\u00eatre physique et psychique<\/p>\n<p>Vous allez vous reconna\u00eetre en tant\u00a0<b>qu&#8217;\u00eatre divin incarn\u00e9\u00a0<\/b>sur terre, vous allez\u00a0<b>rapatrier\u00a0un savoir<\/b>\u00a0oubli\u00e9 qui vous appartient,\u00a0<b>dissoudre et transmuter<\/b>\u00a0de nombreux freins et blocages, ces m\u00e9moires transg\u00e9n\u00e9rationnelles et karmiques qui scl\u00e9rosent de nombreux aspects de votre vie.<\/p>\n<p>Vous recevrez dans un mail unique les 8 liens de t\u00e9l\u00e9chargement des enseignements audio en format MP3:<\/p>\n<p>&nbsp;<\/p>\n<div>\n<p>Enseignement 1 SAGESSE<\/p>\n<p>Enseignement 2 Le corps \u00e9lectrique<\/p>\n<p>Enseignement 3 codification de l&#8217;Adn<\/p>\n<p>Enseignement 4 La puissance de la visualisation<\/p>\n<p>Enseignement 5 La vibration du d\u00e9sir<\/p>\n<p>Enseignement 6 La cellule ma\u00eetresse<\/p>\n<p>Enseignement 7 Exorciser la peur<\/p>\n<p>Enseignement 8 Vos droits \u00e0 l&#8217;abondance<\/p>\n<p>&nbsp;<\/p>\n<p><strong>Mais mettez-y votre c\u0153ur<\/strong>\u00a0\u2026 Il est important de vous consacrer \u00e0 votre bien-\u00eatre en \u00e9tat d\u2019ouverture et d\u2019harmonie, en alignement corps-esprit-c\u0153ur.<\/p>\n<\/div>\n<p style=\"text-align: center;\"><strong>47.00\u20ac<span class=\"x_gmail-woocommerce-Price-currencySymbol\">\u00a0<\/span><i><span class=\"x_gmail-woocommerce-Price-currencySymbol\">(au lieu de 1000<\/span>\u20ac)<\/i><\/strong><\/p>\n<p style=\"text-align: center;\">\u00a0<a href=\"https:\/\/www.enseignementdemichael.fr\/index.php\/produit\/pack-8-enseignements-de-michael-newsletter\/\">Oui, je veux le COFFRET <\/a><\/p>\n<\/div>\n","protected":false},"excerpt":{"rendered":"<p>&nbsp; &nbsp; Si vous avez l\u2019impression que la vie n\u2019est qu\u2019un encha\u00eenement d\u2019obstacles, de crises et que chaque jour est plus difficile que le pr\u00e9c\u00e9dent\u2026 &nbsp; Une crise qui s\u2019\u00e9ternise ce n\u2019est plus une crise, c\u2019est un mal-\u00eatre int\u00e9rieur profond. &nbsp; Il faut changer de regard sur votre droit divin au bien-\u00eatre. Osez \u00e9lever votre [&hellip;]<\/p>\n","protected":false},"author":1,"featured_media":17167,"parent":0,"menu_order":0,"comment_status":"closed","ping_status":"closed","template":"","meta":[],"_links":{"self":[{"href":"https:\/\/crea.enseignementdemichael.fr\/index.php\/wp-json\/wp\/v2\/pages\/18727"}],"collection":[{"href":"https:\/\/crea.enseignementdemichael.fr\/index.php\/wp-json\/wp\/v2\/pages"}],"about":[{"href":"https:\/\/crea.enseignementdemichael.fr\/index.php\/wp-json\/wp\/v2\/types\/page"}],"author":[{"embeddable":true,"href":"https:\/\/crea.enseignementdemichael.fr\/index.php\/wp-json\/wp\/v2\/users\/1"}],"replies":[{"embeddable":true,"href":"https:\/\/crea.enseignementdemichael.fr\/index.php\/wp-json\/wp\/v2\/comments?post=18727"}],"version-history":[{"count":2,"href":"https:\/\/crea.enseignementdemichael.fr\/index.php\/wp-json\/wp\/v2\/pages\/18727\/revisions"}],"predecessor-version":[{"id":19591,"href":"https:\/\/crea.enseignementdemichael.fr\/index.php\/wp-json\/wp\/v2\/pages\/18727\/revisions\/19591"}],"wp:featuredmedia":[{"embeddable":true,"href":"https:\/\/crea.enseignementdemichael.fr\/index.php\/wp-json\/wp\/v2\/media\/17167"}],"wp:attachment":[{"href":"https:\/\/crea.enseignementdemichael.fr\/index.php\/wp-json\/wp\/v2\/media?parent=18727"}],"curies":[{"name":"wp","href":"https:\/\/api.w.org\/{rel}","templated":true}]}}