{"id":1923,"date":"2020-02-12T17:11:40","date_gmt":"2020-02-12T16:11:40","guid":{"rendered":"https:\/\/www.enseignementdemichael.fr\/?page_id=1923"},"modified":"2024-11-14T12:15:05","modified_gmt":"2024-11-14T11:15:05","slug":"newsletter","status":"publish","type":"page","link":"https:\/\/crea.enseignementdemichael.fr\/index.php\/newsletter\/","title":{"rendered":"Newsletter"},"content":{"rendered":"<div>\n<p>&nbsp;<\/p>\n<p>&nbsp;<\/p>\n<p>La mission de ce courrier est essentielle, il s&#8217;agit de vous communiquer des outils simples, des astuces, et des \u201cp\u00e9pites\u201d d&#8217;enseignements qui vous aideront au quotidien.<\/p>\n<p>Il est pour les personnes ressentant une profonde envie d&#8217;aller mieux et de se d\u00e9velopper personnellement et spirituellement.<\/p>\n<p>En cadeau, je vous offre la nouvelle vid\u00e9o sur les missions de vie et missions d&#8217;\u00e2me.<\/p>\n<p>Et en bonus\u00a0 vous aurez aussi la formulation quantique audio+texte, pour trancher les cordes \u00e9th\u00e9riques entre vous et les \u00e9nergies financi\u00e8res, pour \u00e9purer les freins \u00e0 l\u2019argent.<\/p>\n<p>Alors foncez!<\/p>\n<\/div>\n<div><\/div>\n<div style=\"text-align: center;\"><span style=\"color: #351c75; font-family: georgia, serif;\">\u00a0 \u00a0 \u00a0 \u00a0 \u00a0 \u00a0 \u00a0 \u00a0<a href=\"https:\/\/sg-autorepondeur.com\/public\/form.php?data=eyJmb3JtIjo2MTQ5NywidXNlciI6IjEyODk3In0-\">OUI JE M&#8217;INSCRIS<\/a><\/span><\/div>\n","protected":false},"excerpt":{"rendered":"<p>&nbsp; &nbsp; La mission de ce courrier est essentielle, il s&#8217;agit de vous communiquer des outils simples, des astuces, et des \u201cp\u00e9pites\u201d d&#8217;enseignements qui vous aideront au quotidien. Il est pour les personnes ressentant une profonde envie d&#8217;aller mieux et de se d\u00e9velopper personnellement et spirituellement. En cadeau, je vous offre la nouvelle vid\u00e9o sur [&hellip;]<\/p>\n","protected":false},"author":1239,"featured_media":0,"parent":0,"menu_order":0,"comment_status":"closed","ping_status":"closed","template":"","meta":[],"_links":{"self":[{"href":"https:\/\/crea.enseignementdemichael.fr\/index.php\/wp-json\/wp\/v2\/pages\/1923"}],"collection":[{"href":"https:\/\/crea.enseignementdemichael.fr\/index.php\/wp-json\/wp\/v2\/pages"}],"about":[{"href":"https:\/\/crea.enseignementdemichael.fr\/index.php\/wp-json\/wp\/v2\/types\/page"}],"author":[{"embeddable":true,"href":"https:\/\/crea.enseignementdemichael.fr\/index.php\/wp-json\/wp\/v2\/users\/1239"}],"replies":[{"embeddable":true,"href":"https:\/\/crea.enseignementdemichael.fr\/index.php\/wp-json\/wp\/v2\/comments?post=1923"}],"version-history":[{"count":10,"href":"https:\/\/crea.enseignementdemichael.fr\/index.php\/wp-json\/wp\/v2\/pages\/1923\/revisions"}],"predecessor-version":[{"id":21170,"href":"https:\/\/crea.enseignementdemichael.fr\/index.php\/wp-json\/wp\/v2\/pages\/1923\/revisions\/21170"}],"wp:attachment":[{"href":"https:\/\/crea.enseignementdemichael.fr\/index.php\/wp-json\/wp\/v2\/media?parent=1923"}],"curies":[{"name":"wp","href":"https:\/\/api.w.org\/{rel}","templated":true}]}}