{"id":20970,"date":"2024-10-24T18:48:27","date_gmt":"2024-10-24T16:48:27","guid":{"rendered":"https:\/\/www.enseignementdemichael.fr\/?page_id=20970"},"modified":"2024-11-04T11:20:09","modified_gmt":"2024-11-04T10:20:09","slug":"lecture-personnalisee-de-vos-annales-akashiques","status":"publish","type":"page","link":"https:\/\/crea.enseignementdemichael.fr\/index.php\/lecture-personnalisee-de-vos-annales-akashiques\/","title":{"rendered":"LECTURE PERSONNALIS\u00c9E\u00a0DE VOS ANNALES AKASHIQUES"},"content":{"rendered":"<div data-olk-copy-source=\"MessageBody\"><\/div>\n<div data-olk-copy-source=\"MessageBody\"><img decoding=\"async\" loading=\"lazy\" class=\"wp-image-20971 aligncenter\" src=\"https:\/\/enseignementdemichael.fr\/wp-content\/uploads\/2024\/10\/LECTURE-DES-ANNALES-AKASHIQUES.png\" alt=\"\" width=\"638\" height=\"359\" srcset=\"https:\/\/crea.enseignementdemichael.fr\/wp-content\/uploads\/2024\/10\/LECTURE-DES-ANNALES-AKASHIQUES.png 1280w, https:\/\/crea.enseignementdemichael.fr\/wp-content\/uploads\/2024\/10\/LECTURE-DES-ANNALES-AKASHIQUES-300x169.png 300w, https:\/\/crea.enseignementdemichael.fr\/wp-content\/uploads\/2024\/10\/LECTURE-DES-ANNALES-AKASHIQUES-1024x576.png 1024w, https:\/\/crea.enseignementdemichael.fr\/wp-content\/uploads\/2024\/10\/LECTURE-DES-ANNALES-AKASHIQUES-768x432.png 768w, https:\/\/crea.enseignementdemichael.fr\/wp-content\/uploads\/2024\/10\/LECTURE-DES-ANNALES-AKASHIQUES-600x338.png 600w\" sizes=\"(max-width: 638px) 100vw, 638px\" \/><\/div>\n<div data-olk-copy-source=\"MessageBody\"><\/div>\n<div data-olk-copy-source=\"MessageBody\"><\/div>\n<div data-olk-copy-source=\"MessageBody\">.<\/div>\n<div data-olk-copy-source=\"MessageBody\"><\/div>\n<div data-olk-copy-source=\"MessageBody\">Les annales ou m\u00e9moires akashiques sont une sorte de biblioth\u00e8que cosmique qui contient les informations de toutes les exp\u00e9riences, pens\u00e9es, \u00e9motions et actions de chaque \u00e2me \u00e0 travers le temps.<\/div>\n<div>Elles contiennent les archives de votre \u00e2me.<\/div>\n<div><\/div>\n<div>En acc\u00e9dant \u00e0 ces archives, il est possible de comprendre ses vies ant\u00e9rieures, de d\u00e9couvrir les causes profondes des blocages actuels, et de recevoir des conseils pour avancer dans sa vie avec clart\u00e9 et alignement.<\/div>\n<div>\n<p><strong>D\u00e9couvrez la sagesse de vos annales akashiques pour transformer votre vie<\/strong><\/p>\n<p>Je vous propose une s\u00e9ance unique de lecture des annales akashiques, r\u00e9alis\u00e9e par \u00e9crit, afin de vous apporter des r\u00e9ponses pr\u00e9cises et des recommandations adapt\u00e9es \u00e0 vos d\u00e9fis actuels. Voici comment cela fonctionne :<\/p>\n<ol>\n<li><strong>Envoyez-moi un r\u00e9sum\u00e9 d\u00e9taill\u00e9 de votre vie par mail<\/strong>. Vous aborderez les domaines suivants :\n<ul>\n<li>L&#8217;enfance<\/li>\n<li>L&#8217;argent<\/li>\n<li>La famille<\/li>\n<li>L&#8217;amour<\/li>\n<li>Le couple<\/li>\n<li>Les relations amicales<\/li>\n<li>Le domaine professionnel<\/li>\n<li>Vos 5 principales probl\u00e9matiques actuelles<\/li>\n<li><span data-olk-copy-source=\"MessageBody\">Date et lieu de naissance<\/span><\/li>\n<li><span data-olk-copy-source=\"MessageBody\">Nom et pr\u00e9nom<\/span><\/li>\n<\/ul>\n<\/li>\n<li><strong>Une semaine apr\u00e8s<\/strong>, vous recevrez une lecture personnalis\u00e9e et unique de vos annales akashiques, au format PDF. Cette lecture vous r\u00e9v\u00e9lera des informations essentielles sur vos blocages et vos forces, accompagn\u00e9es de recommandations pratiques pour avancer.<\/li>\n<\/ol>\n<h3>5 bienfaits concrets d&#8217;une lecture de vos annales akashiques :<\/h3>\n<ol>\n<li><strong>Clart\u00e9 sur vos blocages karmiques<\/strong> : Identifiez les sch\u00e9mas r\u00e9p\u00e9t\u00e9s et les influences de vos vies ant\u00e9rieures qui freinent votre progression dans des domaines cl\u00e9s.<\/li>\n<li><strong>Guidance personnalis\u00e9e<\/strong> : Recevez des recommandations adapt\u00e9es \u00e0 votre situation actuelle pour surmonter vos d\u00e9fis avec confiance.<\/li>\n<li><strong>Lib\u00e9ration \u00e9motionnelle<\/strong> : Comprenez les causes profondes de vos \u00e9motions et de vos conflits, pour mieux les gu\u00e9rir et les apaiser.<\/li>\n<li><strong>\u00c9volution spirituelle<\/strong> : Acc\u00e9dez \u00e0 des r\u00e9ponses profondes sur votre mission de vie et vos relations, vous aidant \u00e0 vous aligner avec votre chemin d&#8217;\u00e2me.<\/li>\n<li><strong>Transformation dans la vie quotidienne<\/strong> : Appliquez les enseignements des annales akashiques pour am\u00e9liorer concr\u00e8tement votre bien-\u00eatre financier, familial, amoureux et professionnel.<\/li>\n<\/ol>\n<p>Ce format par \u00e9crit vous permet de consulter votre lecture \u00e0 tout moment, en prenant le temps d&#8217;int\u00e9grer les informations re\u00e7ues et de mettre en pratique les recommandations \u00e0 votre rythme.<\/p>\n<\/div>\n<div><\/div>\n<div><strong>Pr\u00eat \u00e0 d\u00e9couvrir les messages de votre \u00e2me ?<\/strong><br \/>\nContactez-moi pour d\u00e9marrer votre lecture personnalis\u00e9e de vos annales akashiques !<\/div>\n<div>A faire au moins une fois dans votre vie, c&#8217;est crucial.<\/div>\n<div><\/div>\n<div><\/div>\n<div>.<\/div>\n<div style=\"text-align: center;\"><a href=\"https:\/\/www.enseignementdemichael.fr\/index.php\/produit\/lecture-personnalisee-de-vos-annales-akashiques\/\">Tarif : 222\u20ac<\/a><\/div>\n","protected":false},"excerpt":{"rendered":"<p>. Les annales ou m\u00e9moires akashiques sont une sorte de biblioth\u00e8que cosmique qui contient les informations de toutes les exp\u00e9riences, pens\u00e9es, \u00e9motions et actions de chaque \u00e2me \u00e0 travers le temps. Elles contiennent les archives de votre \u00e2me. En acc\u00e9dant \u00e0 ces archives, il est possible de comprendre ses vies ant\u00e9rieures, de d\u00e9couvrir les causes [&hellip;]<\/p>\n","protected":false},"author":3184,"featured_media":20971,"parent":0,"menu_order":0,"comment_status":"closed","ping_status":"closed","template":"","meta":[],"_links":{"self":[{"href":"https:\/\/crea.enseignementdemichael.fr\/index.php\/wp-json\/wp\/v2\/pages\/20970"}],"collection":[{"href":"https:\/\/crea.enseignementdemichael.fr\/index.php\/wp-json\/wp\/v2\/pages"}],"about":[{"href":"https:\/\/crea.enseignementdemichael.fr\/index.php\/wp-json\/wp\/v2\/types\/page"}],"author":[{"embeddable":true,"href":"https:\/\/crea.enseignementdemichael.fr\/index.php\/wp-json\/wp\/v2\/users\/3184"}],"replies":[{"embeddable":true,"href":"https:\/\/crea.enseignementdemichael.fr\/index.php\/wp-json\/wp\/v2\/comments?post=20970"}],"version-history":[{"count":7,"href":"https:\/\/crea.enseignementdemichael.fr\/index.php\/wp-json\/wp\/v2\/pages\/20970\/revisions"}],"predecessor-version":[{"id":21121,"href":"https:\/\/crea.enseignementdemichael.fr\/index.php\/wp-json\/wp\/v2\/pages\/20970\/revisions\/21121"}],"wp:featuredmedia":[{"embeddable":true,"href":"https:\/\/crea.enseignementdemichael.fr\/index.php\/wp-json\/wp\/v2\/media\/20971"}],"wp:attachment":[{"href":"https:\/\/crea.enseignementdemichael.fr\/index.php\/wp-json\/wp\/v2\/media?parent=20970"}],"curies":[{"name":"wp","href":"https:\/\/api.w.org\/{rel}","templated":true}]}}