{"id":21186,"date":"2024-11-22T12:24:09","date_gmt":"2024-11-22T11:24:09","guid":{"rendered":"https:\/\/www.enseignementdemichael.fr\/?page_id=21186"},"modified":"2024-11-28T08:42:28","modified_gmt":"2024-11-28T07:42:28","slug":"hypnose-dalignement-spirituel-a-labondance","status":"publish","type":"page","link":"https:\/\/crea.enseignementdemichael.fr\/index.php\/hypnose-dalignement-spirituel-a-labondance\/","title":{"rendered":"HYPNOSE D&#8217;ALIGNEMENT SPIRITUEL A L&#8217;ABONDANCE\u00a0"},"content":{"rendered":"<div data-olk-copy-source=\"MessageBody\"><img decoding=\"async\" loading=\"lazy\" class=\"alignnone size-full wp-image-21187\" src=\"https:\/\/enseignementdemichael.fr\/wp-content\/uploads\/2024\/11\/miniature-hypnose-alignement-spirituel-abondance.png\" alt=\"\" width=\"1280\" height=\"720\" srcset=\"https:\/\/crea.enseignementdemichael.fr\/wp-content\/uploads\/2024\/11\/miniature-hypnose-alignement-spirituel-abondance.png 1280w, https:\/\/crea.enseignementdemichael.fr\/wp-content\/uploads\/2024\/11\/miniature-hypnose-alignement-spirituel-abondance-300x169.png 300w, https:\/\/crea.enseignementdemichael.fr\/wp-content\/uploads\/2024\/11\/miniature-hypnose-alignement-spirituel-abondance-1024x576.png 1024w, https:\/\/crea.enseignementdemichael.fr\/wp-content\/uploads\/2024\/11\/miniature-hypnose-alignement-spirituel-abondance-768x432.png 768w, https:\/\/crea.enseignementdemichael.fr\/wp-content\/uploads\/2024\/11\/miniature-hypnose-alignement-spirituel-abondance-600x338.png 600w\" sizes=\"(max-width: 1280px) 100vw, 1280px\" \/><\/div>\n<div data-olk-copy-source=\"MessageBody\"><\/div>\n<div data-olk-copy-source=\"MessageBody\"><\/div>\n<div data-olk-copy-source=\"MessageBody\">Voici un protocole audio de 53 minutes \u00e0 avoir absolument.<\/div>\n<div>\u00a0D\u00e9couvrez l\u2019Hypnose Spirituelle pour Attirer l\u2019Abondance \ud83c\udf1f<\/div>\n<div>\n<p>Avez-vous parfois l\u2019impression que l\u2019abondance vous \u00e9chappe, malgr\u00e9 vos efforts ?<br \/>\nVous n\u2019\u00eates pas seul.<\/p>\n<p>Beaucoup de personnes se heurtent \u00e0 des blocages invisibles qui freinent la manifestation de leur prosp\u00e9rit\u00e9.<\/p>\n<p>Avec le puissant protocole audio <strong>&#8220;Hypnose spirituelle pour attirer l&#8217;abondance&#8221;<\/strong>, vous allez pouvoir activer une transformation int\u00e9rieure puissante pour ouvrir les portes de la prosp\u00e9rit\u00e9.<\/p>\n<h3>\ud83c\udfaf <strong>Ce qui peut arriver si vous ne passez pas \u00e0 l\u2019action :<\/strong><\/h3>\n<ol>\n<li><strong>Vos blocages inconscients resteront intacts<\/strong>, vous emp\u00eachant de recevoir ce que l\u2019univers a \u00e0 vous offrir.<\/li>\n<li><strong>Le stress financier pourrait persister<\/strong>, alimentant vos peurs, vos inqui\u00e9tudes et vos doutes face \u00e0 l\u2019avenir.<\/li>\n<li><strong>Les opportunit\u00e9s risquent de passer inaper\u00e7ues<\/strong>, car votre esprit et votre \u00e9nergie ne seront pas align\u00e9s avec l\u2019\u00e9nergie positive d&#8217;abondance.<\/li>\n<\/ol>\n<p>Mais tout cela peut changer d\u00e8s aujourd\u2019hui.<\/p>\n<h3>\ud83c\udf1f <strong>Voici 6 bienfaits imm\u00e9diats que vous recevrez en \u00e9coutant cet audio :<\/strong><\/h3>\n<ol>\n<li><strong>Nettoyage \u00e9nerg\u00e9tique<\/strong> : Lib\u00e9rez les peurs et les croyances limitantes autour de l\u2019argent et de l\u2019abondance infinie qui existe.<\/li>\n<li><strong>Connexion spirituelle<\/strong> : Recevez les \u00e9nergies bienveillantes de l\u2019univers et de l\u2019Archange Rapha\u00ebl pour gu\u00e9rir vos blessures li\u00e9es \u00e0 l\u2019ins\u00e9curit\u00e9 financi\u00e8re.<\/li>\n<li><strong>\u00c9l\u00e9vation vibratoire<\/strong> : Alignez votre esprit et votre c\u0153ur avec une fr\u00e9quence de prosp\u00e9rit\u00e9 et de divine providence.<\/li>\n<li><strong>Manifestation puissante<\/strong> : Attirez des opportunit\u00e9s, des ressources et des solutions inattendues pour vos besoins mat\u00e9riels pour vous et vos proches.<\/li>\n<li><strong>Paix int\u00e9rieure<\/strong> : Installez un sentiment profond de s\u00e9r\u00e9nit\u00e9 et de confiance face \u00e0 l\u2019avenir.<\/li>\n<li><strong>Ancrage dans l\u2019abondance<\/strong>\u00a0<b>positive<\/b>: Harmonisez vos pens\u00e9es et votre \u00e9nergie pour attirer une abondance durable et harmonieuse.<\/li>\n<\/ol>\n<h3>\ud83d\udca1 <strong>Un pas simple pour une transformation puissante<\/strong><\/h3>\n<p>Cet audio a \u00e9t\u00e9 con\u00e7u pour agir en profondeur, en seulement quelques minutes par jour. Vous m\u00e9ritez de vivre une vie abondante, en paix et align\u00e9e avec votre essence spirituelle.<\/p>\n<p>\ud83d\udc49\u00a053 minutes de protocole quantique transfigurateur, avec musique archang\u00e9lique \u00e0 432 Hz\u00a0 \u00a0 \u00a0 \u00a0 \u00a0 \u00a0(fr\u00e9quence des hautes sph\u00e8res) ou sans musique, au choix!<\/p>\n<p>\ud83d\udc49 Tarif <i><span style=\"color: #990000;\">\u00a0125\u20ac<\/span><\/i><\/p>\n<p>Ne laissez pas vos blocages vous freiner plus longtemps.<\/p>\n<p>Offrez-vous cette opportunit\u00e9 d\u2019alignement aux hautes fr\u00e9quences de prosp\u00e9rit\u00e9.<\/p>\n<\/div>\n<div>\n<div class=\"x_gmail_signature\" dir=\"ltr\" data-smartmail=\"gmail_signature\">\n<div dir=\"ltr\">\n<div dir=\"ltr\">\n<div dir=\"ltr\">\n<div dir=\"ltr\">\n<div dir=\"ltr\">\n<div dir=\"ltr\">\n<div dir=\"ltr\">\n<div dir=\"ltr\">\n<div dir=\"ltr\">\n<div dir=\"ltr\">\n<div dir=\"ltr\">\n<div dir=\"ltr\">\n<div dir=\"ltr\">\n<div dir=\"ltr\">\n<div dir=\"ltr\">\n<div dir=\"ltr\">\n<div dir=\"ltr\">\n<div dir=\"ltr\">\n<div dir=\"ltr\">\n<div dir=\"ltr\">\n<div dir=\"ltr\">\n<div dir=\"ltr\">\n<div dir=\"ltr\">\n<div dir=\"ltr\">\n<div dir=\"ltr\">\n<div dir=\"ltr\">\n<div dir=\"ltr\">\n<div dir=\"ltr\">\n<div dir=\"ltr\">\n<div dir=\"ltr\">\n<div dir=\"ltr\">\n<div dir=\"ltr\">\n<div dir=\"ltr\">\n<div dir=\"ltr\">\n<div dir=\"ltr\">\n<div dir=\"ltr\">\n<div dir=\"ltr\">\n<div dir=\"ltr\">\n<div dir=\"ltr\">\n<div dir=\"ltr\">\n<div dir=\"ltr\">\n<div dir=\"ltr\">\n<div dir=\"ltr\">\n<div dir=\"ltr\">\n<div dir=\"ltr\">\n<div dir=\"ltr\">\n<div dir=\"ltr\">\n<div dir=\"ltr\">\n<div dir=\"ltr\">\n<div dir=\"ltr\">\n<div dir=\"ltr\">\n<div dir=\"ltr\">\n<div dir=\"ltr\">\n<div dir=\"ltr\">\n<div dir=\"ltr\">\n<div dir=\"ltr\">\n<div dir=\"ltr\">\n<div dir=\"ltr\">\n<div dir=\"ltr\">\n<div dir=\"ltr\">\n<div dir=\"ltr\">\n<div dir=\"ltr\">\n<div dir=\"ltr\">\n<div dir=\"ltr\">\n<div dir=\"ltr\">\n<div dir=\"ltr\">\n<div dir=\"ltr\">\n<div dir=\"ltr\">\n<div dir=\"ltr\">\n<div dir=\"ltr\">\n<div dir=\"ltr\">\n<div dir=\"ltr\">\n<div dir=\"ltr\">\n<div dir=\"ltr\">\n<div dir=\"ltr\">\n<div dir=\"ltr\">\n<div dir=\"ltr\">\n<div dir=\"ltr\">\n<div dir=\"ltr\">\n<div dir=\"ltr\">\n<div dir=\"ltr\">\n<div dir=\"ltr\">\n<div dir=\"ltr\">\n<div dir=\"ltr\">\n<div dir=\"ltr\">\n<div dir=\"ltr\">\n<div dir=\"ltr\">\n<div dir=\"ltr\">\n<div dir=\"ltr\">\n<div dir=\"ltr\">\n<div dir=\"ltr\">\n<div dir=\"ltr\">\n<div dir=\"ltr\">\n<div dir=\"ltr\">\n<div dir=\"ltr\">\n<div dir=\"ltr\">\n<div dir=\"ltr\">\n<div dir=\"ltr\">\n<div dir=\"ltr\">\n<div dir=\"ltr\">\n<div dir=\"ltr\">\n<div dir=\"ltr\">\n<div dir=\"ltr\">\n<div dir=\"ltr\">\n<div dir=\"ltr\">\n<div dir=\"ltr\">\n<div dir=\"ltr\">\n<div dir=\"ltr\">\n<div dir=\"ltr\">\n<div dir=\"ltr\">\n<div dir=\"ltr\">\n<div dir=\"ltr\">\n<div dir=\"ltr\">\n<div dir=\"ltr\">\n<div dir=\"ltr\">\n<div dir=\"ltr\">\n<div dir=\"ltr\">\n<div dir=\"ltr\">\n<div dir=\"ltr\">\n<div dir=\"ltr\">\n<div dir=\"ltr\">\n<div dir=\"ltr\">\n<div dir=\"ltr\">\n<div dir=\"ltr\">\n<div dir=\"ltr\">\n<div dir=\"ltr\">\n<div dir=\"ltr\">\n<div dir=\"ltr\">\n<div dir=\"ltr\">\n<div dir=\"ltr\">\n<div dir=\"ltr\">\n<div dir=\"ltr\">\n<div dir=\"ltr\">\n<div dir=\"ltr\">\n<div dir=\"ltr\">\n<div dir=\"ltr\">\n<div dir=\"ltr\">\n<div dir=\"ltr\">\n<div dir=\"ltr\">\n<div dir=\"ltr\">\n<div dir=\"ltr\">\n<div dir=\"ltr\">\n<div dir=\"ltr\">\n<div dir=\"ltr\">\n<div dir=\"ltr\">\n<div dir=\"ltr\">\n<div dir=\"ltr\">\n<div dir=\"ltr\">\n<div dir=\"ltr\">\n<div dir=\"ltr\">\n<div dir=\"ltr\">\n<div dir=\"ltr\">\n<div dir=\"ltr\">\n<div dir=\"ltr\">\n<div dir=\"ltr\">\n<div dir=\"ltr\">\n<div style=\"text-align: center;\"><\/div>\n<div style=\"text-align: center;\">Tarif 125\u20ac<\/div>\n<div style=\"text-align: center;\"><a href=\"https:\/\/www.enseignementdemichael.fr\/index.php\/produit\/hypnose-dalignement-spirituel-a-labondance\/\"><strong>Oui je commande de suite!<\/strong><\/a><\/div>\n<\/div>\n<\/div>\n<\/div>\n<\/div>\n<\/div>\n<\/div>\n<\/div>\n<\/div>\n<\/div>\n<\/div>\n<\/div>\n<\/div>\n<\/div>\n<\/div>\n<\/div>\n<\/div>\n<\/div>\n<\/div>\n<\/div>\n<\/div>\n<\/div>\n<\/div>\n<\/div>\n<\/div>\n<\/div>\n<\/div>\n<\/div>\n<\/div>\n<\/div>\n<\/div>\n<\/div>\n<\/div>\n<\/div>\n<\/div>\n<\/div>\n<\/div>\n<\/div>\n<\/div>\n<\/div>\n<\/div>\n<\/div>\n<\/div>\n<\/div>\n<\/div>\n<\/div>\n<\/div>\n<\/div>\n<\/div>\n<\/div>\n<\/div>\n<\/div>\n<\/div>\n<\/div>\n<\/div>\n<\/div>\n<\/div>\n<\/div>\n<\/div>\n<\/div>\n<\/div>\n<\/div>\n<\/div>\n<\/div>\n<\/div>\n<\/div>\n<\/div>\n<\/div>\n<\/div>\n<\/div>\n<\/div>\n<\/div>\n<\/div>\n<\/div>\n<\/div>\n<\/div>\n<\/div>\n<\/div>\n<\/div>\n<\/div>\n<\/div>\n<\/div>\n<\/div>\n<\/div>\n<\/div>\n<\/div>\n<\/div>\n<\/div>\n<\/div>\n<\/div>\n<\/div>\n<\/div>\n<\/div>\n<\/div>\n<\/div>\n<\/div>\n<\/div>\n<\/div>\n<\/div>\n<\/div>\n<\/div>\n<\/div>\n<\/div>\n<\/div>\n<\/div>\n<\/div>\n<\/div>\n<\/div>\n<\/div>\n<\/div>\n<\/div>\n<\/div>\n<\/div>\n<\/div>\n<\/div>\n<\/div>\n<\/div>\n<\/div>\n<\/div>\n<\/div>\n<\/div>\n<\/div>\n<\/div>\n<\/div>\n<\/div>\n<\/div>\n<\/div>\n<\/div>\n<\/div>\n<\/div>\n<\/div>\n<\/div>\n<\/div>\n<\/div>\n<\/div>\n<\/div>\n<\/div>\n<\/div>\n<\/div>\n<\/div>\n<\/div>\n<\/div>\n<\/div>\n<\/div>\n<\/div>\n<\/div>\n<\/div>\n<\/div>\n<\/div>\n<\/div>\n<\/div>\n<\/div>\n<\/div>\n<\/div>\n<\/div>\n<\/div>\n<\/div>\n<\/div>\n<\/div>\n","protected":false},"excerpt":{"rendered":"<p>Voici un protocole audio de 53 minutes \u00e0 avoir absolument. \u00a0D\u00e9couvrez l\u2019Hypnose Spirituelle pour Attirer l\u2019Abondance \ud83c\udf1f Avez-vous parfois l\u2019impression que l\u2019abondance vous \u00e9chappe, malgr\u00e9 vos efforts ? Vous n\u2019\u00eates pas seul. Beaucoup de personnes se heurtent \u00e0 des blocages invisibles qui freinent la manifestation de leur prosp\u00e9rit\u00e9. Avec le puissant protocole audio &#8220;Hypnose spirituelle [&hellip;]<\/p>\n","protected":false},"author":3184,"featured_media":21187,"parent":0,"menu_order":0,"comment_status":"closed","ping_status":"closed","template":"","meta":[],"_links":{"self":[{"href":"https:\/\/crea.enseignementdemichael.fr\/index.php\/wp-json\/wp\/v2\/pages\/21186"}],"collection":[{"href":"https:\/\/crea.enseignementdemichael.fr\/index.php\/wp-json\/wp\/v2\/pages"}],"about":[{"href":"https:\/\/crea.enseignementdemichael.fr\/index.php\/wp-json\/wp\/v2\/types\/page"}],"author":[{"embeddable":true,"href":"https:\/\/crea.enseignementdemichael.fr\/index.php\/wp-json\/wp\/v2\/users\/3184"}],"replies":[{"embeddable":true,"href":"https:\/\/crea.enseignementdemichael.fr\/index.php\/wp-json\/wp\/v2\/comments?post=21186"}],"version-history":[{"count":3,"href":"https:\/\/crea.enseignementdemichael.fr\/index.php\/wp-json\/wp\/v2\/pages\/21186\/revisions"}],"predecessor-version":[{"id":21339,"href":"https:\/\/crea.enseignementdemichael.fr\/index.php\/wp-json\/wp\/v2\/pages\/21186\/revisions\/21339"}],"wp:featuredmedia":[{"embeddable":true,"href":"https:\/\/crea.enseignementdemichael.fr\/index.php\/wp-json\/wp\/v2\/media\/21187"}],"wp:attachment":[{"href":"https:\/\/crea.enseignementdemichael.fr\/index.php\/wp-json\/wp\/v2\/media?parent=21186"}],"curies":[{"name":"wp","href":"https:\/\/api.w.org\/{rel}","templated":true}]}}