{"id":30,"date":"2019-03-07T20:01:36","date_gmt":"2019-03-07T19:01:36","guid":{"rendered":"http:\/\/enseignementdemichael.fr\/?page_id=30"},"modified":"2021-02-23T23:17:22","modified_gmt":"2021-02-23T22:17:22","slug":"contact-2","status":"publish","type":"page","link":"https:\/\/crea.enseignementdemichael.fr\/index.php\/contact-2\/","title":{"rendered":"Contact"},"content":{"rendered":"\t\t<div data-elementor-type=\"wp-post\" data-elementor-id=\"30\" class=\"elementor elementor-30 elementor-bc-flex-widget\" data-elementor-settings=\"[]\">\n\t\t\t<div class=\"elementor-inner\">\n\t\t\t\t<div class=\"elementor-section-wrap\">\n\t\t\t\t\t\t\t<section class=\"elementor-element elementor-element-3f56b26b elementor-section-boxed elementor-section-height-default elementor-section-height-default elementor-section elementor-top-section\" data-id=\"3f56b26b\" data-element_type=\"section\">\n\t\t\t\t\t\t<div class=\"elementor-container elementor-column-gap-default\">\n\t\t\t\t<div class=\"elementor-row\">\n\t\t\t\t<div class=\"elementor-element elementor-element-12f393fd elementor-column elementor-col-100 elementor-top-column\" data-id=\"12f393fd\" data-element_type=\"column\">\n\t\t\t<div class=\"elementor-column-wrap  elementor-element-populated\">\n\t\t\t\t\t<div class=\"elementor-widget-wrap\">\n\t\t\t\t<div class=\"elementor-element elementor-element-327d094e elementor-widget elementor-widget-text-editor\" data-id=\"327d094e\" data-element_type=\"widget\" data-widget_type=\"text-editor.default\">\n\t\t\t\t<div class=\"elementor-widget-container\">\n\t\t\t\t\t<div class=\"elementor-text-editor elementor-clearfix\"><!-- wp:paragraph -->\n<p>Contact: fabiolatherapeute@gmail.com<\/p>\n<!-- \/wp:paragraph --><!-- wp:image -->\n<figure class=\"wp-block-image\"><img decoding=\"async\" src=\"http:\/\/www.therapies-quantiques.net\/wpimages\/wp85a2bdd6_06.png\" alt=\"Que votre lumi\u00e8re soit.\" \/><\/figure>\n<!-- \/wp:image --><!-- wp:paragraph -->\n<p>Suite \u00e0 un grand nombre d\u2019appels, je suis souvent dans l\u2019impossibilit\u00e9 de vous r\u00e9pondre au t\u00e9l\u00e9phone bien malgr\u00e9 moi, car je travaille aussi essentiellement par t\u00e9l\u00e9phone.<\/p>\n<!-- \/wp:paragraph --><!-- wp:paragraph -->\n<p>J\u2019en suis d\u00e9sol\u00e9e, mais vous pouvez bien s\u00fbr me joindre facilement par mail \u00e0 fabiolatherapeute@gmail.com et je me ferai un plaisir de vous r\u00e9pondre, m\u00eame si c\u2019est tr\u00e8s tard le soir, je r\u00e9pond \u00e0 tous les mails que je re\u00e7ois.<\/p>\n<!-- \/wp:paragraph --><!-- wp:spacer {\"height\":56} -->\n<div class=\"wp-block-spacer\" style=\"height: 56px;\" aria-hidden=\"true\">\u00a0<\/div>\n<!-- \/wp:spacer --><!-- wp:heading {\"level\":4} -->\n<h4>Pourquoi me contacter? A quoi sert une s\u00e9ance?<\/h4>\n<!-- \/wp:heading --><!-- wp:spacer {\"height\":35} -->\n<div class=\"wp-block-spacer\" style=\"height: 35px;\" aria-hidden=\"true\">\u00a0<\/div>\n<!-- \/wp:spacer --><!-- wp:paragraph -->\n<p>Magn\u00e9tiseur, \u00e9nerg\u00e9ticienne, accompagnatrice aux changements,\u00a0<\/p>\n<!-- \/wp:paragraph --><!-- wp:paragraph -->\n<p>Je m\u2019appuie sur l\u2019utilisation des quantas, ces infimes quantit\u00e9s de lumi\u00e8re, d&#8217;ondes \u00e9lectromagn\u00e9tiques qui composent l\u2019information \u00e9nerg\u00e9tique de toute mati\u00e8re, dans vos cellules et dans votre ADN, en vue de la pr\u00e9vention et \u00e0 la r\u00e9g\u00e9n\u00e9ration de votre mieux-\u00eatre, vitalit\u00e9 et r\u00e9g\u00e9n\u00e9ration.<\/p>\n<!-- \/wp:paragraph --><!-- wp:paragraph -->\n<p>Voici pourquoi les personnes sont d\u00e9j\u00e0 venues me voir avec succ\u00e8s, par exemple pour:<\/p>\n<!-- \/wp:paragraph --><!-- wp:paragraph -->\n<p>&#8211;\u00a0R\u00e9ussir un entrevue\/un entretien\/une r\u00e9union\u00a0<\/p>\n<!-- \/wp:paragraph --><!-- wp:paragraph -->\n<p>&#8211;\u00a0Oublier un ex-compagnon sans douleur et stopper la tristesse &#8211;\u00a0Soulager les douleurs de varices &#8211;\u00a0\u00c9vacuer le stress &#8211;\u00a0Soulager les maux de dos et toutes autres douleurs &#8211;\u00a0Changer sa situation financi\u00e8re, barrer le feu, atteindre le mieux-\u00eatre<\/p>\n<!-- \/wp:paragraph --><!-- wp:paragraph -->\n<p>&#8211;\u00a0Retrouver des rapports conviviaux dans sa relation de couple ou avec les enfants &#8211;\u00a0\u00a0Soulager l\u2019ecz\u00e9ma ou le psoriasis<\/p>\n<!-- \/wp:paragraph --><!-- wp:paragraph -->\n<p>&#8211;\u00a0Retrouver la stabilit\u00e9 \u00e9motionnelle &#8211;\u00a0Faire partir les verrues &#8211;\u00a0Soulager les probl\u00e8mes de peau<\/p>\n<!-- \/wp:paragraph --><!-- wp:paragraph -->\n<p>&#8211;\u00a0Stopper les affections chroniques &#8211;\u00a0Arr\u00eater les douleurs ou br\u00fblures -Gu\u00e9rir les blessures \u00e9motionnelles<\/p>\n<!-- \/wp:paragraph --><\/div>\n\t\t\t\t<\/div>\n\t\t\t\t<\/div>\n\t\t\t\t\t\t<\/div>\n\t\t\t<\/div>\n\t\t<\/div>\n\t\t\t\t\t\t<\/div>\n\t\t\t<\/div>\n\t\t<\/section>\n\t\t\t\t\t\t<\/div>\n\t\t\t<\/div>\n\t\t<\/div>\n\t\t","protected":false},"excerpt":{"rendered":"<p>Contact: fabiolatherapeute@gmail.com Suite \u00e0 un grand nombre d\u2019appels, je suis souvent dans l\u2019impossibilit\u00e9 de vous r\u00e9pondre au t\u00e9l\u00e9phone bien malgr\u00e9 moi, car je travaille aussi essentiellement par t\u00e9l\u00e9phone. J\u2019en suis d\u00e9sol\u00e9e, mais vous pouvez bien s\u00fbr me joindre facilement par mail \u00e0 fabiolatherapeute@gmail.com et je me ferai un plaisir de vous r\u00e9pondre, m\u00eame si c\u2019est [&hellip;]<\/p>\n","protected":false},"author":1239,"featured_media":0,"parent":0,"menu_order":0,"comment_status":"closed","ping_status":"closed","template":"","meta":[],"_links":{"self":[{"href":"https:\/\/crea.enseignementdemichael.fr\/index.php\/wp-json\/wp\/v2\/pages\/30"}],"collection":[{"href":"https:\/\/crea.enseignementdemichael.fr\/index.php\/wp-json\/wp\/v2\/pages"}],"about":[{"href":"https:\/\/crea.enseignementdemichael.fr\/index.php\/wp-json\/wp\/v2\/types\/page"}],"author":[{"embeddable":true,"href":"https:\/\/crea.enseignementdemichael.fr\/index.php\/wp-json\/wp\/v2\/users\/1239"}],"replies":[{"embeddable":true,"href":"https:\/\/crea.enseignementdemichael.fr\/index.php\/wp-json\/wp\/v2\/comments?post=30"}],"version-history":[{"count":5,"href":"https:\/\/crea.enseignementdemichael.fr\/index.php\/wp-json\/wp\/v2\/pages\/30\/revisions"}],"predecessor-version":[{"id":287,"href":"https:\/\/crea.enseignementdemichael.fr\/index.php\/wp-json\/wp\/v2\/pages\/30\/revisions\/287"}],"wp:attachment":[{"href":"https:\/\/crea.enseignementdemichael.fr\/index.php\/wp-json\/wp\/v2\/media?parent=30"}],"curies":[{"name":"wp","href":"https:\/\/api.w.org\/{rel}","templated":true}]}}