{"id":3214,"date":"2020-07-29T09:31:24","date_gmt":"2020-07-29T07:31:24","guid":{"rendered":"https:\/\/www.enseignementdemichael.fr\/?page_id=3214"},"modified":"2021-02-23T23:17:58","modified_gmt":"2021-02-23T22:17:58","slug":"enseignement-iii-de-michael-codification-de-ladn","status":"publish","type":"page","link":"https:\/\/crea.enseignementdemichael.fr\/index.php\/enseignement-iii-de-michael-codification-de-ladn\/","title":{"rendered":"ENSEIGNEMENT III DE MICHAEL CODIFICATION DE L&#8217;ADN"},"content":{"rendered":"<p>&nbsp;<\/p>\n<p><img decoding=\"async\" loading=\"lazy\" class=\"size-medium wp-image-1709 aligncenter\" src=\"https:\/\/enseignementdemichael.fr\/wp-content\/uploads\/2020\/01\/archangeOK--300x179.jpg\" alt=\"\" width=\"300\" height=\"179\" srcset=\"https:\/\/crea.enseignementdemichael.fr\/wp-content\/uploads\/2020\/01\/archangeOK--300x179.jpg 300w, https:\/\/crea.enseignementdemichael.fr\/wp-content\/uploads\/2020\/01\/archangeOK--768x458.jpg 768w, https:\/\/crea.enseignementdemichael.fr\/wp-content\/uploads\/2020\/01\/archangeOK--600x358.jpg 600w, https:\/\/crea.enseignementdemichael.fr\/wp-content\/uploads\/2020\/01\/archangeOK-.jpg 963w\" sizes=\"(max-width: 300px) 100vw, 300px\" \/><\/p>\n<div>\n<p>&nbsp;<\/p>\n<p class=\"x_MsoNormal\"><span style=\"color: #351c75; font-family: georgia, serif; font-size: large;\">L\u2019archange Michael nous fait ce cadeau, la codification de l\u2019Adn. Un enseignement extraordinaire.<\/span><\/p>\n<p class=\"x_MsoNormal\"><span style=\"color: #351c75; font-family: georgia, serif; font-size: large;\">Tout ce qui nous relie aux diff\u00e9rents plans de conscience est inscrit dans notre ADN.<\/span><\/p>\n<p class=\"x_MsoNormal\"><span style=\"color: #351c75; font-family: georgia, serif; font-size: large;\">Tout ce qui nous relie aux m\u00e9moires ancestrales de la Terre est inscrit dans notre ADN.<\/span><\/p>\n<p class=\"x_MsoNormal\"><span style=\"color: #351c75; font-family: georgia, serif; font-size: large;\">Chaque fois que nous nettoyons un plan de conscience, nous travaillons sur tous les corps des diff\u00e9rentes structures, sur chaque brin de notre ADN.<\/span><\/p>\n<p class=\"x_MsoNormal\"><span style=\"color: #351c75; font-family: georgia, serif; font-size: large;\">La lib\u00e9ration des m\u00e9moires mal qualifi\u00e9es permet de codifier l\u2019ADN interg\u00e9nique ou \u00ab\u00a0endormi\u00a0\u00bb.<\/span><\/p>\n<p class=\"x_MsoNormal\"><span style=\"color: #351c75; font-family: georgia, serif; font-size: large;\">Ce puissant enseignement III de Michael travaille sur chaque plan concern\u00e9 dans chaque structure qui le n\u00e9cessite, dans chaque couche d&#8217;ADN, o\u00f9 sont log\u00e9s de vieux programmes, des asp\u00e9rit\u00e9s et des incompr\u00e9hensions \u00e0 lib\u00e9rer, jusqu&#8217;\u00e0 la r\u00e9unification totale de notre \u00catre.<\/span><\/p>\n<p class=\"x_MsoNormal\"><span style=\"color: #351c75; font-family: georgia, serif; font-size: large;\">L&#8217;activation de la conscience-connaissance, par ce nouvel enseignement de l&#8217;archange Michael, lib\u00e8re et actives les 36 brins d\u2019ADN spirituel, ce qui permet de recevoir toutes les compr\u00e9hensions \u00e0 tous les niveaux de conscience.<\/span><\/p>\n<\/div>\n<div>\n<p class=\"x_gmail-Standard\"><span style=\"color: #351c75; font-family: georgia, serif; font-size: large;\">Par rapport \u00e0 l&#8217;\u00e9nergie qui est ici avec vous, accueillez-vous en tant qu&#8217;\u00eatre de lumi\u00e8re.<\/span><\/p>\n<p class=\"x_gmail-MsoListParagraph\"><span style=\"color: #351c75; font-family: georgia, serif; font-size: large;\">\u00a0<\/span><\/p>\n<p class=\"x_gmail-Standard\"><span style=\"color: #351c75; font-family: georgia, serif; font-size: large;\">Ouvrez en grand votre c\u0153ur \u00e0 toute vibration qualifiante dans cette lumi\u00e8re&#8230; Et c&#8217;est dans cet \u00e9crin divin que nous recevons l\u2019enseignement de l&#8217;archange Michael.<\/span><\/p>\n<p class=\"x_gmail-MsoListParagraph\"><span style=\"color: #351c75; font-family: georgia, serif; font-size: large;\">\u00a0<\/span><\/p>\n<p class=\"x_gmail-Standard\"><span style=\"color: #351c75; font-family: georgia, serif; font-size: large;\">Michael est ici ce v\u00e9hicule d&#8217;enseignement sup\u00e9rieur nous refl\u00e9tant cette conscience-connaissance que nous allons activer maintenant.<\/span><\/p>\n<\/div>\n<div><\/div>\n<div>\n<div>\n<div class=\"x_gmail_signature\" dir=\"ltr\">\n<div dir=\"ltr\">\n<div dir=\"ltr\">\n<div dir=\"ltr\">\n<div dir=\"ltr\">\n<div dir=\"ltr\">\n<div dir=\"ltr\">\n<div dir=\"ltr\">\n<div dir=\"ltr\">\n<div dir=\"ltr\">\n<div dir=\"ltr\">\n<div dir=\"ltr\">\n<div dir=\"ltr\">\n<div dir=\"ltr\">\n<div dir=\"ltr\">\n<div dir=\"ltr\">\n<div dir=\"ltr\">\n<div dir=\"ltr\">\n<div dir=\"ltr\">\n<div dir=\"ltr\">\n<div dir=\"ltr\">\n<div dir=\"ltr\">\n<div dir=\"ltr\">\n<div dir=\"ltr\">\n<div dir=\"ltr\">\n<div dir=\"ltr\">\n<div dir=\"ltr\">\n<div dir=\"ltr\">\n<div dir=\"ltr\">\n<div dir=\"ltr\">\n<div dir=\"ltr\">\n<div dir=\"ltr\">\n<div dir=\"ltr\">\n<div dir=\"ltr\">\n<div dir=\"ltr\">\n<div dir=\"ltr\">\n<div dir=\"ltr\">\n<div dir=\"ltr\">\n<div dir=\"ltr\">\n<div dir=\"ltr\">\n<div dir=\"ltr\">\n<div dir=\"ltr\">\n<div dir=\"ltr\">\n<div dir=\"ltr\">\n<div dir=\"ltr\">\n<div dir=\"ltr\">\n<div dir=\"ltr\">\n<div dir=\"ltr\">\n<div dir=\"ltr\">\n<div dir=\"ltr\">\n<div dir=\"ltr\">\n<div dir=\"ltr\">\n<div dir=\"ltr\">\n<div dir=\"ltr\">\n<div dir=\"ltr\">\n<div dir=\"ltr\">\n<div dir=\"ltr\">\n<div dir=\"ltr\">\n<div dir=\"ltr\">\n<div dir=\"ltr\">\n<div dir=\"ltr\">\n<div dir=\"ltr\">\n<div dir=\"ltr\">\n<div dir=\"ltr\">\n<div dir=\"ltr\">\n<div dir=\"ltr\">\n<div dir=\"ltr\">\n<div dir=\"ltr\">\n<div dir=\"ltr\">\n<div dir=\"ltr\">\n<div dir=\"ltr\">\n<div dir=\"ltr\">\n<div dir=\"ltr\">\n<div dir=\"ltr\">\n<div dir=\"ltr\">\n<div dir=\"ltr\">\n<div dir=\"ltr\">\n<div dir=\"ltr\">\n<div dir=\"ltr\">\n<div dir=\"ltr\">\n<div dir=\"ltr\">\n<div dir=\"ltr\">\n<div dir=\"ltr\">\n<div dir=\"ltr\">\n<div dir=\"ltr\">\n<div dir=\"ltr\">\n<div dir=\"ltr\">\n<div dir=\"ltr\">\n<div dir=\"ltr\">\n<div dir=\"ltr\">\n<div dir=\"ltr\">\n<div dir=\"ltr\">\n<div dir=\"ltr\">\n<div dir=\"ltr\">\n<div dir=\"ltr\">\n<div dir=\"ltr\">\n<div dir=\"ltr\">\n<div dir=\"ltr\">\n<div dir=\"ltr\">\n<div dir=\"ltr\">\n<div dir=\"ltr\">\n<div dir=\"ltr\">\n<div dir=\"ltr\">\n<div dir=\"ltr\">\n<div dir=\"ltr\">\n<div dir=\"ltr\">\n<div dir=\"ltr\">\n<div dir=\"ltr\">\n<div dir=\"ltr\">\n<div dir=\"ltr\">\n<div dir=\"ltr\">\n<div dir=\"ltr\">\n<div dir=\"ltr\">\n<div dir=\"ltr\">\n<div dir=\"ltr\">\n<div dir=\"ltr\">\n<div dir=\"ltr\">\n<div dir=\"ltr\">\n<div dir=\"ltr\">\n<div dir=\"ltr\">\n<div dir=\"ltr\">\n<div dir=\"ltr\">\n<div dir=\"ltr\">\n<div dir=\"ltr\">\n<div dir=\"ltr\">\n<div dir=\"ltr\">\n<div dir=\"ltr\">\n<div dir=\"ltr\">\n<div dir=\"ltr\">\n<div dir=\"ltr\">\n<div dir=\"ltr\">\n<div dir=\"ltr\">\n<div dir=\"ltr\">\n<div dir=\"ltr\">\n<div dir=\"ltr\">\n<div dir=\"ltr\">\n<div dir=\"ltr\">\n<div dir=\"ltr\">\n<div dir=\"ltr\">\n<div dir=\"ltr\">\n<div dir=\"ltr\">\n<div dir=\"ltr\">\n<div dir=\"ltr\">\n<div dir=\"ltr\">\n<div dir=\"ltr\">\n<div dir=\"ltr\">\n<div dir=\"ltr\">\n<div dir=\"ltr\">\n<div dir=\"ltr\">\n<div dir=\"ltr\">\n<div dir=\"ltr\">\n<div dir=\"ltr\">\n<div dir=\"ltr\">\n<div dir=\"ltr\">\n<div dir=\"ltr\">\n<div dir=\"ltr\">\n<div dir=\"ltr\">\n<div style=\"text-align: center;\"><span style=\"font-size: xx-small;\"><br \/>\n<\/span><strong><a href=\"https:\/\/sg-autorepondeur.com\/public\/form.php?data=eyJmb3JtIjo2NDI2NCwidXNlciI6IjEyODk3In0-\" target=\"_blank\" rel=\"noopener noreferrer\" data-auth=\"NotApplicable\">Oui je commande l&#8217;Audio<\/a><\/strong><\/div>\n<\/div>\n<\/div>\n<\/div>\n<\/div>\n<\/div>\n<\/div>\n<\/div>\n<\/div>\n<\/div>\n<\/div>\n<\/div>\n<\/div>\n<\/div>\n<\/div>\n<\/div>\n<\/div>\n<\/div>\n<\/div>\n<\/div>\n<\/div>\n<\/div>\n<\/div>\n<\/div>\n<\/div>\n<\/div>\n<\/div>\n<\/div>\n<\/div>\n<\/div>\n<\/div>\n<\/div>\n<\/div>\n<\/div>\n<\/div>\n<\/div>\n<\/div>\n<\/div>\n<\/div>\n<\/div>\n<\/div>\n<\/div>\n<\/div>\n<\/div>\n<\/div>\n<\/div>\n<\/div>\n<\/div>\n<\/div>\n<\/div>\n<\/div>\n<\/div>\n<\/div>\n<\/div>\n<\/div>\n<\/div>\n<\/div>\n<\/div>\n<\/div>\n<\/div>\n<\/div>\n<\/div>\n<\/div>\n<\/div>\n<\/div>\n<\/div>\n<\/div>\n<\/div>\n<\/div>\n<\/div>\n<\/div>\n<\/div>\n<\/div>\n<\/div>\n<\/div>\n<\/div>\n<\/div>\n<\/div>\n<\/div>\n<\/div>\n<\/div>\n<\/div>\n<\/div>\n<\/div>\n<\/div>\n<\/div>\n<\/div>\n<\/div>\n<\/div>\n<\/div>\n<\/div>\n<\/div>\n<\/div>\n<\/div>\n<\/div>\n<\/div>\n<\/div>\n<\/div>\n<\/div>\n<\/div>\n<\/div>\n<\/div>\n<\/div>\n<\/div>\n<\/div>\n<\/div>\n<\/div>\n<\/div>\n<\/div>\n<\/div>\n<\/div>\n<\/div>\n<\/div>\n<\/div>\n<\/div>\n<\/div>\n<\/div>\n<\/div>\n<\/div>\n<\/div>\n<\/div>\n<\/div>\n<\/div>\n<\/div>\n<\/div>\n<\/div>\n<\/div>\n<\/div>\n<\/div>\n<\/div>\n<\/div>\n<\/div>\n<\/div>\n<\/div>\n<\/div>\n<\/div>\n<\/div>\n<\/div>\n<\/div>\n<\/div>\n<\/div>\n<\/div>\n<\/div>\n<\/div>\n<\/div>\n<\/div>\n<\/div>\n<\/div>\n<\/div>\n<\/div>\n<\/div>\n<\/div>\n<\/div>\n<\/div>\n<\/div>\n<\/div>\n<\/div>\n<\/div>\n<\/div>\n<\/div>\n","protected":false},"excerpt":{"rendered":"<p>&nbsp; &nbsp; L\u2019archange Michael nous fait ce cadeau, la codification de l\u2019Adn. Un enseignement extraordinaire. Tout ce qui nous relie aux diff\u00e9rents plans de conscience est inscrit dans notre ADN. Tout ce qui nous relie aux m\u00e9moires ancestrales de la Terre est inscrit dans notre ADN. Chaque fois que nous nettoyons un plan de conscience, [&hellip;]<\/p>\n","protected":false},"author":1239,"featured_media":1709,"parent":0,"menu_order":0,"comment_status":"closed","ping_status":"closed","template":"","meta":[],"_links":{"self":[{"href":"https:\/\/crea.enseignementdemichael.fr\/index.php\/wp-json\/wp\/v2\/pages\/3214"}],"collection":[{"href":"https:\/\/crea.enseignementdemichael.fr\/index.php\/wp-json\/wp\/v2\/pages"}],"about":[{"href":"https:\/\/crea.enseignementdemichael.fr\/index.php\/wp-json\/wp\/v2\/types\/page"}],"author":[{"embeddable":true,"href":"https:\/\/crea.enseignementdemichael.fr\/index.php\/wp-json\/wp\/v2\/users\/1239"}],"replies":[{"embeddable":true,"href":"https:\/\/crea.enseignementdemichael.fr\/index.php\/wp-json\/wp\/v2\/comments?post=3214"}],"version-history":[{"count":3,"href":"https:\/\/crea.enseignementdemichael.fr\/index.php\/wp-json\/wp\/v2\/pages\/3214\/revisions"}],"predecessor-version":[{"id":3219,"href":"https:\/\/crea.enseignementdemichael.fr\/index.php\/wp-json\/wp\/v2\/pages\/3214\/revisions\/3219"}],"wp:featuredmedia":[{"embeddable":true,"href":"https:\/\/crea.enseignementdemichael.fr\/index.php\/wp-json\/wp\/v2\/media\/1709"}],"wp:attachment":[{"href":"https:\/\/crea.enseignementdemichael.fr\/index.php\/wp-json\/wp\/v2\/media?parent=3214"}],"curies":[{"name":"wp","href":"https:\/\/api.w.org\/{rel}","templated":true}]}}