{"id":348,"date":"2019-04-15T12:32:57","date_gmt":"2019-04-15T10:32:57","guid":{"rendered":"http:\/\/enseignementdemichael.fr\/?page_id=348"},"modified":"2021-02-23T23:17:18","modified_gmt":"2021-02-23T22:17:18","slug":"conference-en-live","status":"publish","type":"page","link":"https:\/\/crea.enseignementdemichael.fr\/index.php\/conference-en-live\/","title":{"rendered":"Conf\u00e9rence par internet"},"content":{"rendered":"\n<p>Conf\u00e9rence en live le samedi 11 Mai 2019 de 14h00 \u00e0 19h00<\/p>\n\n\n\n<p> &nbsp; &nbsp; <\/p>\n\n\n\n<p style=\"text-align:center\">S\u2019EVEILLER AU MEILLEUR EN SOI <\/p>\n\n\n\n<p><\/p>\n\n\n\n<p>-Activez vos pouvoirs et prenez les r\u00eanes de votre vie <\/p>\n\n\n\n<p>-Prenez pleinement confiance en vous <\/p>\n\n\n\n<p>-Comment utiliser la loi de l\u2019attraction <\/p>\n\n\n\n<p>-Supprimer les vieux blocages et vos croyances <\/p>\n\n\n\n<p>-Identifiez vos freins \u00e0 une vie heureuse <\/p>\n\n\n\n<p>-Actionnez vos leviers de croissance <\/p>\n\n\n\n<p>-Prenez de la hauteur et d\u00e9couvrez vos infinies possibilit\u00e9s Que vive votre l\u00e9gende et que brille votre lumi\u00e8re <\/p>\n\n\n\n<p>Prix 9 euros <\/p>\n\n\n\n<p><\/p>\n\n\n<div style='margin-left: auto;margin-right: auto;width:170px'><form target='_blank' action='https:\/\/www.paypal.com\/cgi-bin\/webscr' method='post'><input type='hidden' name='cmd' value='_xclick' \/><input type='hidden' name='business' value='fabienne.mazet@wanadoo.fr' \/><input type='hidden' name='item_name' value='live' \/><input type='hidden' name='currency_code' value='EUR' \/><input type='hidden' name='amount' value='9' \/><input type='hidden' name='lc' value='fr_CA'><input type='hidden' name='no_note' value=''><input type='hidden' name='paymentaction' value='sale'><input type='hidden' name='return' value='http:\/\/enseignementdemichael.fr\/index.php\/merci\/' \/><input type='hidden' name='bn' value='WPPlugin_SP'><input type='hidden' name='cancel_return' value='' \/><input style='border: none;' class='paypalbuttonimage' type='image' src='https:\/\/www.paypalobjects.com\/fr_CA\/i\/btn\/btn_buynow_LG.gif' border='0' name='submit' alt='Make your payments with PayPal. It is free, secure, effective.'><img alt='' border='0' style='border:none;display:none;' src='https:\/\/www.paypal.com\/fr_CA\/i\/scr\/pixel.gif' width='1' height='1'><\/form><\/div>\n","protected":false},"excerpt":{"rendered":"<p>Conf\u00e9rence en live le samedi 11 Mai 2019 de 14h00 \u00e0 19h00 &nbsp; &nbsp; S\u2019EVEILLER AU MEILLEUR EN SOI -Activez vos pouvoirs et prenez les r\u00eanes de votre vie -Prenez pleinement confiance en vous -Comment utiliser la loi de l\u2019attraction -Supprimer les vieux blocages et vos croyances -Identifiez vos freins \u00e0 une vie heureuse -Actionnez [&hellip;]<\/p>\n","protected":false},"author":1239,"featured_media":0,"parent":0,"menu_order":0,"comment_status":"closed","ping_status":"closed","template":"","meta":[],"_links":{"self":[{"href":"https:\/\/crea.enseignementdemichael.fr\/index.php\/wp-json\/wp\/v2\/pages\/348"}],"collection":[{"href":"https:\/\/crea.enseignementdemichael.fr\/index.php\/wp-json\/wp\/v2\/pages"}],"about":[{"href":"https:\/\/crea.enseignementdemichael.fr\/index.php\/wp-json\/wp\/v2\/types\/page"}],"author":[{"embeddable":true,"href":"https:\/\/crea.enseignementdemichael.fr\/index.php\/wp-json\/wp\/v2\/users\/1239"}],"replies":[{"embeddable":true,"href":"https:\/\/crea.enseignementdemichael.fr\/index.php\/wp-json\/wp\/v2\/comments?post=348"}],"version-history":[{"count":6,"href":"https:\/\/crea.enseignementdemichael.fr\/index.php\/wp-json\/wp\/v2\/pages\/348\/revisions"}],"predecessor-version":[{"id":499,"href":"https:\/\/crea.enseignementdemichael.fr\/index.php\/wp-json\/wp\/v2\/pages\/348\/revisions\/499"}],"wp:attachment":[{"href":"https:\/\/crea.enseignementdemichael.fr\/index.php\/wp-json\/wp\/v2\/media?parent=348"}],"curies":[{"name":"wp","href":"https:\/\/api.w.org\/{rel}","templated":true}]}}