{"id":4296,"date":"2020-10-26T09:43:05","date_gmt":"2020-10-26T08:43:05","guid":{"rendered":"https:\/\/www.enseignementdemichael.fr\/?page_id=4296"},"modified":"2023-10-25T14:41:06","modified_gmt":"2023-10-25T12:41:06","slug":"enseignement-iv-de-michael-la-puissance-de-la-visualisation","status":"publish","type":"page","link":"https:\/\/crea.enseignementdemichael.fr\/index.php\/enseignement-iv-de-michael-la-puissance-de-la-visualisation\/","title":{"rendered":"ENSEIGNEMENT IV DE MICHAEL LA PUISSANCE DE LA VISUALISATION"},"content":{"rendered":"<p class=\"x_MsoNormal\">Enseignement canalis\u00e9 de l&#8217;archange Michael.<\/p>\n<p class=\"x_MsoNormal\">Activez avec sagesse votre plan divin de prodigieuses r\u00e9alisations.<\/p>\n<p class=\"x_MsoNormal\">Votre imagination est dot\u00e9e d\u2019une puissance beaucoup plus grande que vous ne sauriez le croire.<\/p>\n<p class=\"x_MsoNormal\">La puissance de la visualisation est un proc\u00e9d\u00e9 quantique \u00e0 mettre en place afin d&#8217;activer tout changement personnel positif dans votre vie.<\/p>\n<p class=\"x_MsoNormal\">Cet enseignement nouveau explique la puissance de la visualisation et comment pratiquer la visualisation cr\u00e9atrice, afin d&#8217;aller vous connecter au champ universel de tous vos possibles.<\/p>\n<p class=\"x_MsoNormal\">Ou comment vous mettre en r\u00e9ception de ce que l&#8217;univers a pr\u00e9vu de grand pour vous.<\/p>\n<p class=\"x_MsoNormal\">Que vous souhaitiez am\u00e9liorer vos relations ou trouver un sens nouveau \u00e0 votre vie, cet enseignement divin vous soutiendra au quotidien, et vous accompagnera dans votre chemin de r\u00e9alisations manifest\u00e9es.<\/p>\n<p class=\"x_gmail-xgmail-standard\">Par rapport \u00e0 l&#8217;\u00e9nergie qui est ici avec vous, accueillez-vous en tant qu&#8217;\u00eatre de lumi\u00e8re puissamment cr\u00e9ateur.<\/p>\n<p class=\"x_gmail-xgmail-standard\">Ouvrez en grand votre c\u0153ur \u00e0 toute vibration qualifiante dans cette lumi\u00e8re\u2026<\/p>\n<p class=\"x_gmail-xgmail-standard\">Et c&#8217;est dans cet \u00e9crin divin que nous recevons l\u2019enseignement de l&#8217;archange Michael.<\/p>\n<p class=\"x_gmail-xgmail-standard\">Michael est ici ce v\u00e9hicule d\u2019enseignement sup\u00e9rieur nous refl\u00e9tant cette conscience-connaissance que nous allons contacter maintenant.<\/p>\n<p class=\"x_gmail-xgmail-standard\">Installez-vous confortablement, soyez assur\u00e9\u00a0d&#8217;\u00eatre en paix pendant une heure, vous pouvez \u00e9couter cet enseignement\u00a0en plusieurs fois, il dure 1h06&#8242;.<\/p>\n<p class=\"x_gmail-xgmail-standard\">C&#8217;est puissant, c&#8217;est divin, je vous en souhaite une profonde connection et de belles r\u00e9ceptions.<\/p>\n<p class=\"x_gmail-x_MsoNormal\" style=\"text-align: center;\"><strong>Tarif: 125 euros\u00a0\u00a0<\/strong><\/p>\n<p class=\"x_gmail-x_MsoNormal\" style=\"text-align: center;\"><a href=\"https:\/\/sg-autorepondeur.com\/public\/form.php?data=eyJmb3JtIjo2NTI1MSwidXNlciI6IjEyODk3In0-\" target=\"_blank\" rel=\"noopener noreferrer\" data-auth=\"NotApplicable\"><strong>Oui je veux mon enseignement audio<\/strong><\/a><\/p>\n","protected":false},"excerpt":{"rendered":"<p>Enseignement canalis\u00e9 de l&#8217;archange Michael. Activez avec sagesse votre plan divin de prodigieuses r\u00e9alisations. Votre imagination est dot\u00e9e d\u2019une puissance beaucoup plus grande que vous ne sauriez le croire. La puissance de la visualisation est un proc\u00e9d\u00e9 quantique \u00e0 mettre en place afin d&#8217;activer tout changement personnel positif dans votre vie. Cet enseignement nouveau explique [&hellip;]<\/p>\n","protected":false},"author":1239,"featured_media":1709,"parent":0,"menu_order":0,"comment_status":"closed","ping_status":"closed","template":"","meta":[],"_links":{"self":[{"href":"https:\/\/crea.enseignementdemichael.fr\/index.php\/wp-json\/wp\/v2\/pages\/4296"}],"collection":[{"href":"https:\/\/crea.enseignementdemichael.fr\/index.php\/wp-json\/wp\/v2\/pages"}],"about":[{"href":"https:\/\/crea.enseignementdemichael.fr\/index.php\/wp-json\/wp\/v2\/types\/page"}],"author":[{"embeddable":true,"href":"https:\/\/crea.enseignementdemichael.fr\/index.php\/wp-json\/wp\/v2\/users\/1239"}],"replies":[{"embeddable":true,"href":"https:\/\/crea.enseignementdemichael.fr\/index.php\/wp-json\/wp\/v2\/comments?post=4296"}],"version-history":[{"count":6,"href":"https:\/\/crea.enseignementdemichael.fr\/index.php\/wp-json\/wp\/v2\/pages\/4296\/revisions"}],"predecessor-version":[{"id":18687,"href":"https:\/\/crea.enseignementdemichael.fr\/index.php\/wp-json\/wp\/v2\/pages\/4296\/revisions\/18687"}],"wp:featuredmedia":[{"embeddable":true,"href":"https:\/\/crea.enseignementdemichael.fr\/index.php\/wp-json\/wp\/v2\/media\/1709"}],"wp:attachment":[{"href":"https:\/\/crea.enseignementdemichael.fr\/index.php\/wp-json\/wp\/v2\/media?parent=4296"}],"curies":[{"name":"wp","href":"https:\/\/api.w.org\/{rel}","templated":true}]}}