{"id":4842,"date":"2020-12-07T11:22:39","date_gmt":"2020-12-07T10:22:39","guid":{"rendered":"https:\/\/www.enseignementdemichael.fr\/?page_id=4842"},"modified":"2023-10-25T14:37:25","modified_gmt":"2023-10-25T12:37:25","slug":"enseignementvi-de-michael-la-cellule-maitresse-et-ladn","status":"publish","type":"page","link":"https:\/\/crea.enseignementdemichael.fr\/index.php\/enseignementvi-de-michael-la-cellule-maitresse-et-ladn\/","title":{"rendered":"ENSEIGNEMENT VI DE MICHAEL LA CELLULE MA\u00ceTRESSE ET L&#8217;ADN"},"content":{"rendered":"<p><img decoding=\"async\" loading=\"lazy\" class=\"size-medium wp-image-1709 aligncenter\" src=\"https:\/\/enseignementdemichael.fr\/wp-content\/uploads\/2020\/01\/archangeOK--300x179.jpg\" alt=\"\" width=\"300\" height=\"179\" srcset=\"https:\/\/crea.enseignementdemichael.fr\/wp-content\/uploads\/2020\/01\/archangeOK--300x179.jpg 300w, https:\/\/crea.enseignementdemichael.fr\/wp-content\/uploads\/2020\/01\/archangeOK--768x458.jpg 768w, https:\/\/crea.enseignementdemichael.fr\/wp-content\/uploads\/2020\/01\/archangeOK--600x358.jpg 600w, https:\/\/crea.enseignementdemichael.fr\/wp-content\/uploads\/2020\/01\/archangeOK-.jpg 963w\" sizes=\"(max-width: 300px) 100vw, 300px\" \/><\/p>\n<p class=\"x_MsoNormal\">Nous traversons un portail cosmique durable de retournement\u00a0; les \u00e9nergies entrantes de Feu Sacr\u00e9 bousculent tous nos centres \u00e9nerg\u00e9tiques.<\/p>\n<p class=\"x_MsoNormal\">Vos intuitions et votre inspiration sont en augmentation exponentielle, la fulgurance du changement est activ\u00e9e, au c\u0153ur m\u00eame de notre Adn, dans la cellule ma\u00eetresse dans votre centre cardiaque.<\/p>\n<p class=\"x_MsoNormal\">Le corps physique humain proprement dit est constitu\u00e9 de 30 \u00d7\u202f1012 cellules de 300 sortes diff\u00e9rentes.<\/p>\n<p class=\"x_MsoNormal\">Chaque organe contient une cellule ma\u00eetresse, chef d\u2019orchestre de l\u2019organisation et de la structuration dudit organe.<\/p>\n<p class=\"x_MsoNormal\">Chaque cellule contient environ 2 kilom\u00e8tres d\u2019Adn, donc des milliards de codes d\u2019information.<\/p>\n<p class=\"x_MsoNormal\">Vous avez en vous la cellule divine, implant\u00e9e dans le c\u0153ur, qui transmet les codes nouveaux aux diff\u00e9rents chefs d\u2019orchestre, dans l\u2019Adn physique mais aussi dans l\u2019Adn mental, dans l\u2019Adn \u00e9motionnel et dans l\u2019Adn \u00e9th\u00e9rique.<\/p>\n<p class=\"x_MsoNormal\">Comment recevoir les bonnes reprogrammations dans chacun de vos 12 corps\u00a0? Pour se lib\u00e9rer de l\u2019attachement\u00a0?<\/p>\n<p class=\"x_MsoNormal\">Comment accueillir les fr\u00e9quences \u00e9lev\u00e9es de cette phase cosmique de retournement que nous vivons\u00a0?<\/p>\n<p class=\"x_MsoNormal\">Pour atteindre un taux vibratoire bien plus \u00e9lev\u00e9\u00a0? Pour dissoudre les sch\u00e9mas anciens\u00a0? Pour co cr\u00e9er avec votre double \u00e9thique\u00a0?<\/p>\n<p class=\"x_MsoNormal\">Pour br\u00fbler les pens\u00e9es anciennes\u00a0? Pour s\u2019accomplir et se r\u00e9aliser\u00a0?<\/p>\n<p class=\"x_MsoNormal\">Nous sommes pouss\u00e9s \u00e0 aller de l\u2019avant, \u00e0 changer.<\/p>\n<p class=\"x_MsoNormal\">L\u2019enseignement VI de MICHAEL ARCHANGE, LA CELLULE MA\u00ceTRESSE ET L\u2019ADN, nous apporte un \u00e9clairage divin rempli de nombreuses pistes de compr\u00e9hension, nous livrant ici des outils de clairvoyance et d&#8217;avancement qui n\u2019avaient encore jamais \u00e9t\u00e9 divulgu\u00e9s.<\/p>\n<p class=\"x_MsoNormal\"><b>\u00c0 la suite de cet enseignement sacr\u00e9, vous pourrez mettre en place, naturellement, d\u2019autres mani\u00e8res de fonctionner pour vous connecter \u00e0 la V\u00e9ritable Lumi\u00e8re de notre \u00c2me, votre Joie d\u2019\u00catre.<\/b><\/p>\n<p class=\"x_MsoNormal\"><b>Pour br\u00fbler les pens\u00e9es anciennes, pour retrouver le feu sacr\u00e9 qui transcende, afin de vous accomplir et vous r\u00e9aliser, sans vous br\u00fbler les ailes.<\/b><\/p>\n<p class=\"x_MsoNormal\">Par rapport \u00e0 l\u2019\u00e9nergie qui est ici avec vous, accueillez-vous en tant qu\u2019\u00eatre de lumi\u00e8re.<\/p>\n<p class=\"x_MsoNormal\">Ouvrez en grand votre c\u0153ur \u00e0 toute vibration qualifiante dans ce feu sacr\u00e9\u2026 Et c\u2019est dans ce portail divin que nous recevons l\u2019enseignement de l\u2019archange Michael.<\/p>\n<p class=\"x_MsoNormal\">Michael est ici ce v\u00e9hicule d\u2019enseignement sup\u00e9rieur nous refl\u00e9tant cette conscience-connaissance que nous allons activer maintenant.<\/p>\n<p class=\"x_MsoNormal\">Protocole quantique \/enseignement sacr\u00e9 en 2 parties.<\/p>\n<p class=\"x_MsoNormal\">Dur\u00e9e: 1<sup>\u00e8re<\/sup>\u00a0partie 13 minutes + 2<sup>\u00e8me<\/sup>\u00a0partie 46 minutes (vous pouvez l\u2019\u00e9couter en plusieurs fois et cela sera parfait).<\/p>\n<p class=\"x_MsoNormal\" align=\"center\">Tarif: 125 euros<\/p>\n<p class=\"x_MsoNormal\" align=\"center\"><a href=\"https:\/\/sg-autorepondeur.com\/public\/form.php?data=eyJmb3JtIjo2NTkxNCwidXNlciI6IjEyODk3In0-\">Oui je veux l\u2019Enseignement Audio<\/a><\/p>\n","protected":false},"excerpt":{"rendered":"<p>Nous traversons un portail cosmique durable de retournement\u00a0; les \u00e9nergies entrantes de Feu Sacr\u00e9 bousculent tous nos centres \u00e9nerg\u00e9tiques. Vos intuitions et votre inspiration sont en augmentation exponentielle, la fulgurance du changement est activ\u00e9e, au c\u0153ur m\u00eame de notre Adn, dans la cellule ma\u00eetresse dans votre centre cardiaque. Le corps physique humain proprement dit est [&hellip;]<\/p>\n","protected":false},"author":1239,"featured_media":1709,"parent":0,"menu_order":0,"comment_status":"closed","ping_status":"closed","template":"","meta":[],"_links":{"self":[{"href":"https:\/\/crea.enseignementdemichael.fr\/index.php\/wp-json\/wp\/v2\/pages\/4842"}],"collection":[{"href":"https:\/\/crea.enseignementdemichael.fr\/index.php\/wp-json\/wp\/v2\/pages"}],"about":[{"href":"https:\/\/crea.enseignementdemichael.fr\/index.php\/wp-json\/wp\/v2\/types\/page"}],"author":[{"embeddable":true,"href":"https:\/\/crea.enseignementdemichael.fr\/index.php\/wp-json\/wp\/v2\/users\/1239"}],"replies":[{"embeddable":true,"href":"https:\/\/crea.enseignementdemichael.fr\/index.php\/wp-json\/wp\/v2\/comments?post=4842"}],"version-history":[{"count":7,"href":"https:\/\/crea.enseignementdemichael.fr\/index.php\/wp-json\/wp\/v2\/pages\/4842\/revisions"}],"predecessor-version":[{"id":18685,"href":"https:\/\/crea.enseignementdemichael.fr\/index.php\/wp-json\/wp\/v2\/pages\/4842\/revisions\/18685"}],"wp:featuredmedia":[{"embeddable":true,"href":"https:\/\/crea.enseignementdemichael.fr\/index.php\/wp-json\/wp\/v2\/media\/1709"}],"wp:attachment":[{"href":"https:\/\/crea.enseignementdemichael.fr\/index.php\/wp-json\/wp\/v2\/media?parent=4842"}],"curies":[{"name":"wp","href":"https:\/\/api.w.org\/{rel}","templated":true}]}}