{"id":5482,"date":"2021-01-22T12:18:01","date_gmt":"2021-01-22T11:18:01","guid":{"rendered":"https:\/\/www.enseignementdemichael.fr\/index.php\/subscribe-to-podcast\/"},"modified":"2024-09-06T11:29:57","modified_gmt":"2024-09-06T09:29:57","slug":"abonner-podcast","status":"publish","type":"page","link":"https:\/\/crea.enseignementdemichael.fr\/index.php\/abonner-podcast\/","title":{"rendered":"S&#8217;abonner au Podcast"},"content":{"rendered":"<p>En vous abonnant \u00e0 ce podcast, vous recevrez automatiquement les derniers \u00e9pisodes t\u00e9l\u00e9charg\u00e9s sur votre ordinateur ou votre appareil portable. S\u00e9lectionnez la m\u00e9thode d\u2019abonnement ci-dessous qui correspond le mieux \u00e0 votre style de vie.<\/p>\n<p><em><strong>Vous pouvez aussi \u00e9couter le dernier podcast directement sur le site en suivant ce <a href=\"https:\/\/www.enseignementdemichael.fr\/index.php\/2024\/09\/06\/eloge-de-la-non-performance-episode-196\/\">lien<\/a>.<\/strong><\/em><\/p>\n\n<p>&nbsp;<\/p>\n<h3>iOS (iPhone, iPad, and iPod)<\/h3>\n<p>Pour vous abonner, s\u00e9lectionnez le bouton \u00ab\u00a0Abonnez-vous sur les podcasts Apple\u00a0\u00bb ci-dessus.<\/p>\n<h3>Mac and Windows<\/h3>\n<p>Pour vous abonner, s\u00e9lectionnez le bouton \u00ab\u00a0Abonnez-vous sur les podcasts Apple\u00a0\u00bb ci-dessus.<\/p>\n<h3>Android and Amazon Fire<\/h3>\n<p>Pour vous abonner, s\u00e9lectionnez le bouton \u00ab\u00a0Abonnez-vous sur Android\u00a0\u00bb ci-dessus.<\/p>\n<h3>Votre application pr\u00e9f\u00e9r\u00e9e<\/h3>\n<p>Copiez l\u2019adresse trouv\u00e9e dans la bo\u00eete ci-dessus et coller dans votre application podcast pr\u00e9f\u00e9r\u00e9e ou lecteur de nouvelles.<\/p>\n<h3>Ajouter en favori cette page<\/h3>\n<p>Pour ajouter en favori, appuyez sur les touches \u00ab Ctrl \u00bb et \u00ab D \u00bb sur votre clavier Windows, ou \u00ab Commande \u00bb + \u00ab D \u00bb pour Mac.<\/p>\n","protected":false},"excerpt":{"rendered":"<p>En vous abonnant \u00e0 ce podcast, vous recevrez automatiquement les derniers \u00e9pisodes t\u00e9l\u00e9charg\u00e9s sur votre ordinateur ou votre appareil portable. S\u00e9lectionnez la m\u00e9thode d\u2019abonnement ci-dessous qui correspond le mieux \u00e0 votre style de vie. Vous pouvez aussi \u00e9couter le dernier podcast directement sur le site en suivant ce lien. &nbsp; iOS (iPhone, iPad, and iPod) [&hellip;]<\/p>\n","protected":false},"author":1239,"featured_media":0,"parent":0,"menu_order":0,"comment_status":"closed","ping_status":"closed","template":"","meta":[],"_links":{"self":[{"href":"https:\/\/crea.enseignementdemichael.fr\/index.php\/wp-json\/wp\/v2\/pages\/5482"}],"collection":[{"href":"https:\/\/crea.enseignementdemichael.fr\/index.php\/wp-json\/wp\/v2\/pages"}],"about":[{"href":"https:\/\/crea.enseignementdemichael.fr\/index.php\/wp-json\/wp\/v2\/types\/page"}],"author":[{"embeddable":true,"href":"https:\/\/crea.enseignementdemichael.fr\/index.php\/wp-json\/wp\/v2\/users\/1239"}],"replies":[{"embeddable":true,"href":"https:\/\/crea.enseignementdemichael.fr\/index.php\/wp-json\/wp\/v2\/comments?post=5482"}],"version-history":[{"count":89,"href":"https:\/\/crea.enseignementdemichael.fr\/index.php\/wp-json\/wp\/v2\/pages\/5482\/revisions"}],"predecessor-version":[{"id":20794,"href":"https:\/\/crea.enseignementdemichael.fr\/index.php\/wp-json\/wp\/v2\/pages\/5482\/revisions\/20794"}],"wp:attachment":[{"href":"https:\/\/crea.enseignementdemichael.fr\/index.php\/wp-json\/wp\/v2\/media?parent=5482"}],"curies":[{"name":"wp","href":"https:\/\/api.w.org\/{rel}","templated":true}]}}