{"id":5882,"date":"2021-02-22T00:37:23","date_gmt":"2021-02-21T23:37:23","guid":{"rendered":"https:\/\/www.enseignementdemichael.fr\/?page_id=5882"},"modified":"2021-02-23T23:20:14","modified_gmt":"2021-02-23T22:20:14","slug":"priere-pour-couper-et-inverser-toute-malediction","status":"publish","type":"page","link":"https:\/\/crea.enseignementdemichael.fr\/index.php\/priere-pour-couper-et-inverser-toute-malediction\/","title":{"rendered":"Pri\u00e8re pour couper et inverser toute mal\u00e9diction"},"content":{"rendered":"<p align=\"center\">\n<p align=\"center\"><img decoding=\"async\" loading=\"lazy\" class=\"alignnone size-medium wp-image-1709\" src=\"https:\/\/enseignementdemichael.fr\/wp-content\/uploads\/2020\/01\/archangeOK--300x179.jpg\" alt=\"\" width=\"300\" height=\"179\" srcset=\"https:\/\/crea.enseignementdemichael.fr\/wp-content\/uploads\/2020\/01\/archangeOK--300x179.jpg 300w, https:\/\/crea.enseignementdemichael.fr\/wp-content\/uploads\/2020\/01\/archangeOK--768x458.jpg 768w, https:\/\/crea.enseignementdemichael.fr\/wp-content\/uploads\/2020\/01\/archangeOK--600x358.jpg 600w, https:\/\/crea.enseignementdemichael.fr\/wp-content\/uploads\/2020\/01\/archangeOK-.jpg 963w\" sizes=\"(max-width: 300px) 100vw, 300px\" \/><\/p>\n<p class=\"v1MsoNormal\" align=\"center\"><b>Mauvais oeil, mauvais sort, mal\u00e9diction, \u00e9nergies noires, malchance ou poisse\u00a0: \u00e0 chacun son vocabulaire pour d\u00e9signer les mauvaises choses qui n&#8217;arrivent qu&#8217;\u00e0 soi. Quoi qu&#8217;il en soit, vous aimeriez vous en d\u00e9barrasser. Mais comment\u00a0?<\/b><\/p>\n<p>&nbsp;<\/p>\n<p class=\"v1MsoNormal\">On a parfois l&#8217;impression d&#8217;avoir la poisse. Que les mauvaises choses n&#8217;arrivent qu&#8217;\u00e0 nous, des \u00e9v\u00e9nements les plus tragiques aux petits soucis de la vie. Un peu comme si quelqu&#8217;un nous avait\u00a0<b>jet\u00e9 un mauvais sort<\/b>&#8230;<\/p>\n<p>&nbsp;<\/p>\n<p class=\"v1MsoNormal\"><b>D&#8217;o\u00f9 vient le mauvais sort ? C&#8217;est une puissance n\u00e9gative, voire \u00e9nergie mal\u00e9fique suppos\u00e9e fixer le cours des choses.<\/b><\/p>\n<p>&nbsp;<\/p>\n<p class=\"v1MsoNormal\">Est-ce vrai\u00a0? Le mauvais \u0153il existe-t-il vraiment\u00a0? Bien s\u00fbr, tout d\u00e9pend de nos croyances et de notre foi. N&#8217;emp\u00eache qu&#8217;il existe des faits \u00e9tablis pour chaque culture, \u00e0 chaque \u00e9poque.<\/p>\n<p>&nbsp;<\/p>\n<p class=\"v1MsoNormal\">Le mauvais \u0153il est connu au moins depuis l&#8217;antiquit\u00e9 gr\u00e9co-romaine. Nous connaissons l&#8217;existence d&#8217;\u00e9nergies divines puissamment cr\u00e9atrices et \u00e9nergies n\u00e9gatives puissamment d\u00e9vastatrices.<\/p>\n<p>&nbsp;<\/p>\n<p class=\"v1MsoNormal\"><b>Comment se prot\u00e9ger du mauvais \u0153il ? Comment<\/b>\u00a0<b>se d\u00e9barrasser de cette malchance<\/b>\u00a0?\u00a0Ou d&#8217;une mal\u00e9diction\u00a0familiale ?<\/p>\n<p>&nbsp;<\/p>\n<p class=\"v1MsoNormal\" style=\"text-align: center;\"><a href=\"https:\/\/sg-autorepondeur.com\/public\/form.php?data=eyJmb3JtIjo2NjcyNSwidXNlciI6IjEyODk3In0-\">Cliquez ici pour recevoir cette puissante pri\u00e8re c&#8217;est gratuit<\/a><\/p>\n","protected":false},"excerpt":{"rendered":"<p>Mauvais oeil, mauvais sort, mal\u00e9diction, \u00e9nergies noires, malchance ou poisse\u00a0: \u00e0 chacun son vocabulaire pour d\u00e9signer les mauvaises choses qui n&#8217;arrivent qu&#8217;\u00e0 soi. Quoi qu&#8217;il en soit, vous aimeriez vous en d\u00e9barrasser. Mais comment\u00a0? &nbsp; On a parfois l&#8217;impression d&#8217;avoir la poisse. Que les mauvaises choses n&#8217;arrivent qu&#8217;\u00e0 nous, des \u00e9v\u00e9nements les plus tragiques aux [&hellip;]<\/p>\n","protected":false},"author":1239,"featured_media":0,"parent":0,"menu_order":0,"comment_status":"closed","ping_status":"closed","template":"","meta":[],"_links":{"self":[{"href":"https:\/\/crea.enseignementdemichael.fr\/index.php\/wp-json\/wp\/v2\/pages\/5882"}],"collection":[{"href":"https:\/\/crea.enseignementdemichael.fr\/index.php\/wp-json\/wp\/v2\/pages"}],"about":[{"href":"https:\/\/crea.enseignementdemichael.fr\/index.php\/wp-json\/wp\/v2\/types\/page"}],"author":[{"embeddable":true,"href":"https:\/\/crea.enseignementdemichael.fr\/index.php\/wp-json\/wp\/v2\/users\/1239"}],"replies":[{"embeddable":true,"href":"https:\/\/crea.enseignementdemichael.fr\/index.php\/wp-json\/wp\/v2\/comments?post=5882"}],"version-history":[{"count":3,"href":"https:\/\/crea.enseignementdemichael.fr\/index.php\/wp-json\/wp\/v2\/pages\/5882\/revisions"}],"predecessor-version":[{"id":5886,"href":"https:\/\/crea.enseignementdemichael.fr\/index.php\/wp-json\/wp\/v2\/pages\/5882\/revisions\/5886"}],"wp:attachment":[{"href":"https:\/\/crea.enseignementdemichael.fr\/index.php\/wp-json\/wp\/v2\/media?parent=5882"}],"curies":[{"name":"wp","href":"https:\/\/api.w.org\/{rel}","templated":true}]}}