{"id":5911,"date":"2021-02-25T07:36:16","date_gmt":"2021-02-25T06:36:16","guid":{"rendered":"https:\/\/www.enseignementdemichael.fr\/?page_id=5911"},"modified":"2023-10-25T14:29:27","modified_gmt":"2023-10-25T12:29:27","slug":"enseignement-viii-de-michael-vos-droits-a-labondance","status":"publish","type":"page","link":"https:\/\/crea.enseignementdemichael.fr\/index.php\/enseignement-viii-de-michael-vos-droits-a-labondance\/","title":{"rendered":"ENSEIGNEMENT VIII DE MICHAEL VOS DROITS A L&#8217;ABONDANCE"},"content":{"rendered":"<p><img decoding=\"async\" loading=\"lazy\" class=\" wp-image-5912 aligncenter\" src=\"https:\/\/enseignementdemichael.fr\/wp-content\/uploads\/2021\/02\/ENSEIGNEMENT-VIII-DE-MICHAEL-VOS-DROITS-A-LABONDANCE-300x179.jpg\" alt=\"\" width=\"341\" height=\"209\" \/><\/p>\n<p>L\u2019abondance, ce n\u2019est pas simplement avoir de l\u2019argent ou \u00eatre riche.<\/p>\n<p>C\u2019est aussi \u00eatre riche d\u2019amour, riche de joie, riche de ses relations et \u00eatre en sant\u00e9 prodigieuse\u2026 C\u2019est avoir tout ce dont on a plaisir pour vivre au lieu de survivre.<\/p>\n<p>L&#8217;enseignement VIII de l&#8217;archange Michael, donne des cl\u00e9s de compr\u00e9hension nouvelle, c&#8217;est un enseignement pr\u00e9cieux, canalis\u00e9 pour vous, qui va aller expurger vos freins inconscients \u00e0 l&#8217;argent, et vous apportera de nouvelles ouvertures pour jouir de l\u2019abondance, il faut se sentir digne de la recevoir \u2013 ce qui n\u2019est pas toujours ais\u00e9.<\/p>\n<p>Si vous ne vous en sentez pas digne, cet enseignement\u00a0 d\u2019abondance ouvrira votre c\u0153ur divin afin de passer au-dessus des blocages transg\u00e9n\u00e9rationnels et m\u00e9moires cellulaires mal programm\u00e9es.<\/p>\n<p>Avant votre naissance, votre p\u00e8re\/m\u00e8re divins ont plac\u00e9 une malle aux tr\u00e9sors dans un endroit s\u00fbr, en vous, \u00e0 l\u2019abri des effractions.<\/p>\n<p>Ils ont imprim\u00e9 des instructions sp\u00e9cifiques codifi\u00e9es dans votre Adn, de sorte qu\u2019au moment appropri\u00e9, vous puissiez acc\u00e9der \u00e0 votre \u00ab malle aux tr\u00e9sors \u00bb.<\/p>\n<p><span style=\"font-family: Verdana, Geneva, sans-serif;\">Vous allez int\u00e9grer dans chaque cellule\u00a0de votre \u00eatre qu&#8217;une r\u00e9serve sans fin venant du champ cosmique de tous les possibles est pour vous.\u00a0<\/span><\/p>\n<p>Cr\u00e9er l&#8217;abondance est un de vos droits divins de naissance,\u00a0LE DISCERNEMENT\/ L\u2019INTENTION CENTR\u00c9E SUR LE COEUR\/ L\u2019ACTION aboutit \u00e0 une manifestation positive abondante.<\/p>\n<p>Par cet enseignement VIII de Micha\u00ebl archange, , vous apprendrez \u00e0 \u00eatre un cr\u00e9ateur spirituellement conscient et un ma\u00eetre de Soi qui accomplit activement sa mission Divine sur le plan terrestre.<\/p>\n<p>Quand vous \u00eates dans le manque, dans la pauvret\u00e9, dans la spoliation, dans l&#8217;injustice, dans la mis\u00e8re ou les fuites financi\u00e8res et le mal-\u00eatre, c&#8217;est:<\/p>\n<p>1\/Que vous n&#8217;\u00eates pas dans votre plan divin<\/p>\n<p>2\/Qu&#8217;il est temps de retrouver les cl\u00e9s de votre chemin de prosp\u00e9rit\u00e9.<\/p>\n<p><span style=\"font-family: Verdana, Geneva, sans-serif;\">L&#8217;archange Micha\u00ebl, gr\u00e2ce\u00a0\u00e0 cet enseignement canalis\u00e9 vous guidera, dirigera, et vous inspirera afin d&#8217; agir pour concr\u00e9tiser vos r\u00eaves.\u00a0<\/span><\/p>\n<p><span style=\"font-family: Verdana, Geneva, sans-serif;\">Les domaines de Lumi\u00e8re vous proposent\u00a0cet enseignement,\u00a0<\/span>le n\u00b08 de l&#8217;archange Micha\u00ebl, pour vous permettre de comprendre pourquoi\u00a0il n\u2019y a pas de limite \u00e0 ce que vous pouvez manifester, et comment mettre vos visions en harmonie avec l\u2019Abondance qui vous est due.<\/p>\n<p>Dans cet enseignement vous verrez que les poches perc\u00e9es, les fuites d&#8217;argent et les fins de mois ne sont pas une fatalit\u00e9, et que tout est r\u00e9versible.<\/p>\n<p>Enseignement audio \u00e0 t\u00e9l\u00e9charger, dur\u00e9e de 50 minutes environ. Vous pouvez l&#8217;\u00e9couter en plusieurs fois, et m\u00eame prendre des notes si cela vous convient.<\/p>\n<p><span style=\"font-family: Verdana, Geneva, sans-serif;\">Plusieurs \u00e9coutes sont certainement n\u00e9cessaires, 7 jours si possible, pour enlever couche apr\u00e8s couche les amas de croyances limitantes et les r\u00e9sidus de dogmes ancestraux, et les anciennes\u00a0r\u00e8gles\u00a0obsol\u00e8tes qui ont limit\u00e9 depuis plusieurs vies vos merveilleux droits \u00e0 l&#8217;abondance positive de l&#8217;Univers.<\/span><\/p>\n<p class=\"x_gmail-x_gmail-x_MsoNormal\" align=\"center\">Tarif de lancement: 125 euros<\/p>\n<p class=\"x_gmail-x_gmail-x_MsoNormal\" align=\"center\"><a href=\"https:\/\/sg-autorepondeur.com\/public\/form.php?data=eyJmb3JtIjo2Njc1NiwidXNlciI6IjEyODk3In0-\" target=\"_blank\" rel=\"noopener noreferrer\" data-auth=\"NotApplicable\">Oui je veux L&#8217;enseignement de Mes Droits \u00e0 l&#8217;Abondance<\/a><\/p>\n","protected":false},"excerpt":{"rendered":"<p>L\u2019abondance, ce n\u2019est pas simplement avoir de l\u2019argent ou \u00eatre riche. C\u2019est aussi \u00eatre riche d\u2019amour, riche de joie, riche de ses relations et \u00eatre en sant\u00e9 prodigieuse\u2026 C\u2019est avoir tout ce dont on a plaisir pour vivre au lieu de survivre. L&#8217;enseignement VIII de l&#8217;archange Michael, donne des cl\u00e9s de compr\u00e9hension nouvelle, c&#8217;est un [&hellip;]<\/p>\n","protected":false},"author":1,"featured_media":5912,"parent":0,"menu_order":0,"comment_status":"closed","ping_status":"closed","template":"","meta":[],"_links":{"self":[{"href":"https:\/\/crea.enseignementdemichael.fr\/index.php\/wp-json\/wp\/v2\/pages\/5911"}],"collection":[{"href":"https:\/\/crea.enseignementdemichael.fr\/index.php\/wp-json\/wp\/v2\/pages"}],"about":[{"href":"https:\/\/crea.enseignementdemichael.fr\/index.php\/wp-json\/wp\/v2\/types\/page"}],"author":[{"embeddable":true,"href":"https:\/\/crea.enseignementdemichael.fr\/index.php\/wp-json\/wp\/v2\/users\/1"}],"replies":[{"embeddable":true,"href":"https:\/\/crea.enseignementdemichael.fr\/index.php\/wp-json\/wp\/v2\/comments?post=5911"}],"version-history":[{"count":6,"href":"https:\/\/crea.enseignementdemichael.fr\/index.php\/wp-json\/wp\/v2\/pages\/5911\/revisions"}],"predecessor-version":[{"id":18683,"href":"https:\/\/crea.enseignementdemichael.fr\/index.php\/wp-json\/wp\/v2\/pages\/5911\/revisions\/18683"}],"wp:featuredmedia":[{"embeddable":true,"href":"https:\/\/crea.enseignementdemichael.fr\/index.php\/wp-json\/wp\/v2\/media\/5912"}],"wp:attachment":[{"href":"https:\/\/crea.enseignementdemichael.fr\/index.php\/wp-json\/wp\/v2\/media?parent=5911"}],"curies":[{"name":"wp","href":"https:\/\/api.w.org\/{rel}","templated":true}]}}