{"id":6132,"date":"2021-03-03T07:57:57","date_gmt":"2021-03-03T06:57:57","guid":{"rendered":"https:\/\/www.enseignementdemichael.fr\/?page_id=6132"},"modified":"2021-04-21T15:16:40","modified_gmt":"2021-04-21T13:16:40","slug":"bienvenue-dans-cette-newsletter","status":"publish","type":"page","link":"https:\/\/crea.enseignementdemichael.fr\/index.php\/bienvenue-dans-cette-newsletter\/","title":{"rendered":"Bienvenue dans cette newsletter"},"content":{"rendered":"<div>\n<p><strong>Voici votre cadeau, cliquez dessus:<\/strong><\/p>\n<p><a href=\"https:\/\/www.youtube.com\/watch?v=wW4zPaIBRvc\" target=\"_blank\" rel=\"noopener noreferrer\" data-cke-saved-href=\"https:\/\/www.youtube.com\/watch?v=wW4zPaIBRvc\">MISSION DE VIE &amp; MISSION D&#8217;\u00c2ME<\/a><\/p>\n<div><\/div>\n<div><strong>EN SUPER BONUS<\/strong>: voici le lien pour \u00e9couter\/t\u00e9l\u00e9charger l&#8217;audio quantique pour dissoudre les m\u00e9moires financi\u00e8res n\u00e9gatives:<\/div>\n<div><a href=\"https:\/\/enseignementdemichael.fr\/wp-content\/uploads\/2021\/04\/CADEAU-NEWSLETTER-Prie\u0300re-de-pardon-finances-freins-argent-MP3-EFFACEMENT-KARMIQUE-DISSOLUTION-FREINS-FINANCIERS-ARGENT.mp3\" data-cke-saved-href=\"https:\/\/www.enseignementdemichael.fr\/?download_file=3158&amp;order=wc_order_sXjmgadAr0XrB&amp;email=contact%40webservices34.fr&amp;key=cbc260bc-32f7-41ae-a0c5-fbe81daa818a\">TELECHARGER L&#8217;AUDIO<\/a><\/div>\n<div><a href=\"https:\/\/enseignementdemichael.fr\/wp-content\/uploads\/2021\/04\/NEWSLETTER-MEDITATION-QUANTIQUE-PRIERE-PARDON-FINANCES.pdf\" data-cke-saved-href=\"https:\/\/www.enseignementdemichael.fr\/?download_file=3158&amp;order=wc_order_sXjmgadAr0XrB&amp;email=contact%40webservices34.fr&amp;key=011044d5-46ec-4229-adbb-7217a05dbd2b\">TELECHARGER LE TEXTE<\/a><\/div>\n<div><\/div>\n<\/div>\n<div>\n<p>&nbsp;<\/p>\n<p>De tout coeur,<\/p>\n<\/div>\n<div>\n<p>&nbsp;<\/p>\n<p>De Fabiola<\/p>\n<p>Th\u00e9rapeute quantique Energ\u00e9ticienne<\/p>\n<p>Accompagnatrice aux changements<\/p>\n<p>Tous Droits R\u00e9serv\u00e9s Copyrights<\/p>\n<p><a href=\"mailto:fabiolatherapeute@gmail.com\" rel=\"noreferrer\" data-cke-saved-href=\"mailto:fabiolatherapeute@gmail.com\" data-cke-pa-onclick=\"return rcmail.command('compose','fabiolatherapeute@gmail.com',this)\">fabiolatherapeute@gmail.com<\/a><\/p>\n<\/div>\n","protected":false},"excerpt":{"rendered":"<p>Voici votre cadeau, cliquez dessus: MISSION DE VIE &amp; MISSION D&#8217;\u00c2ME EN SUPER BONUS: voici le lien pour \u00e9couter\/t\u00e9l\u00e9charger l&#8217;audio quantique pour dissoudre les m\u00e9moires financi\u00e8res n\u00e9gatives: TELECHARGER L&#8217;AUDIO TELECHARGER LE TEXTE &nbsp; De tout coeur, &nbsp; De Fabiola Th\u00e9rapeute quantique Energ\u00e9ticienne Accompagnatrice aux changements Tous Droits R\u00e9serv\u00e9s Copyrights fabiolatherapeute@gmail.com<\/p>\n","protected":false},"author":1,"featured_media":0,"parent":0,"menu_order":0,"comment_status":"closed","ping_status":"closed","template":"","meta":[],"_links":{"self":[{"href":"https:\/\/crea.enseignementdemichael.fr\/index.php\/wp-json\/wp\/v2\/pages\/6132"}],"collection":[{"href":"https:\/\/crea.enseignementdemichael.fr\/index.php\/wp-json\/wp\/v2\/pages"}],"about":[{"href":"https:\/\/crea.enseignementdemichael.fr\/index.php\/wp-json\/wp\/v2\/types\/page"}],"author":[{"embeddable":true,"href":"https:\/\/crea.enseignementdemichael.fr\/index.php\/wp-json\/wp\/v2\/users\/1"}],"replies":[{"embeddable":true,"href":"https:\/\/crea.enseignementdemichael.fr\/index.php\/wp-json\/wp\/v2\/comments?post=6132"}],"version-history":[{"count":9,"href":"https:\/\/crea.enseignementdemichael.fr\/index.php\/wp-json\/wp\/v2\/pages\/6132\/revisions"}],"predecessor-version":[{"id":6985,"href":"https:\/\/crea.enseignementdemichael.fr\/index.php\/wp-json\/wp\/v2\/pages\/6132\/revisions\/6985"}],"wp:attachment":[{"href":"https:\/\/crea.enseignementdemichael.fr\/index.php\/wp-json\/wp\/v2\/media?parent=6132"}],"curies":[{"name":"wp","href":"https:\/\/api.w.org\/{rel}","templated":true}]}}