{"id":7207,"date":"2021-05-06T08:22:59","date_gmt":"2021-05-06T06:22:59","guid":{"rendered":"https:\/\/www.enseignementdemichael.fr\/?page_id=7207"},"modified":"2021-05-06T08:47:04","modified_gmt":"2021-05-06T06:47:04","slug":"soin-collectif-gratuit","status":"publish","type":"page","link":"https:\/\/crea.enseignementdemichael.fr\/index.php\/soin-collectif-gratuit\/","title":{"rendered":"SOIN COLLECTIF GRATUIT"},"content":{"rendered":"<p><span style=\"font-family: garamond, times new roman, serif; font-size: large;\">Bonjour belle \u00e2me,<\/span><\/p>\n<div>Voici le formulaire pour vous inscrire au soin collectif gratuit:<\/div>\n<div><!-- ## Largeur & hauteur ## width : R\u00e9glage de la largeur du formulaire en hauteur. height : R\u00e9glage de la hauteur du formulaire en hauteur. ## D\u00e9filement ## scrolling=\"yes\" : Pour ajouter les barres de defilement. scrolling=\"no\" : Pour ajouter les barres de defilement (c'est plus joli sans). scrolling=\"auto\" : Pour ajouter les barres de defilement. --><br \/>\n<iframe loading=\"lazy\" id=\"sg-form-67343\" style=\"border: none;\" title=\"Formulaire d'inscription SG Autor\u00e9pondeur\" src=\"https:\/\/sg-autorepondeur.com\/public\/form.php?data=eyJmb3JtIjo2NzM0MywidXNlciI6IjEyODk3In0-&amp;without-background=true\" width=\"300\" height=\"950\" scrolling=\"no\"><br \/>\n<\/iframe><\/p>\n<div><\/div>\n<\/div>\n","protected":false},"excerpt":{"rendered":"<p>Bonjour belle \u00e2me, Voici le formulaire pour vous inscrire au soin collectif gratuit:<\/p>\n","protected":false},"author":1,"featured_media":0,"parent":0,"menu_order":0,"comment_status":"closed","ping_status":"closed","template":"","meta":[],"_links":{"self":[{"href":"https:\/\/crea.enseignementdemichael.fr\/index.php\/wp-json\/wp\/v2\/pages\/7207"}],"collection":[{"href":"https:\/\/crea.enseignementdemichael.fr\/index.php\/wp-json\/wp\/v2\/pages"}],"about":[{"href":"https:\/\/crea.enseignementdemichael.fr\/index.php\/wp-json\/wp\/v2\/types\/page"}],"author":[{"embeddable":true,"href":"https:\/\/crea.enseignementdemichael.fr\/index.php\/wp-json\/wp\/v2\/users\/1"}],"replies":[{"embeddable":true,"href":"https:\/\/crea.enseignementdemichael.fr\/index.php\/wp-json\/wp\/v2\/comments?post=7207"}],"version-history":[{"count":4,"href":"https:\/\/crea.enseignementdemichael.fr\/index.php\/wp-json\/wp\/v2\/pages\/7207\/revisions"}],"predecessor-version":[{"id":7213,"href":"https:\/\/crea.enseignementdemichael.fr\/index.php\/wp-json\/wp\/v2\/pages\/7207\/revisions\/7213"}],"wp:attachment":[{"href":"https:\/\/crea.enseignementdemichael.fr\/index.php\/wp-json\/wp\/v2\/media?parent=7207"}],"curies":[{"name":"wp","href":"https:\/\/api.w.org\/{rel}","templated":true}]}}