{"id":7607,"date":"2021-06-09T09:21:26","date_gmt":"2021-06-09T07:21:26","guid":{"rendered":"https:\/\/www.enseignementdemichael.fr\/?page_id=7607"},"modified":"2023-10-25T14:28:29","modified_gmt":"2023-10-25T12:28:29","slug":"enseignement-ix-de-michael-portrait-et-pouvoir-de-lastral","status":"publish","type":"page","link":"https:\/\/crea.enseignementdemichael.fr\/index.php\/enseignement-ix-de-michael-portrait-et-pouvoir-de-lastral\/","title":{"rendered":"ENSEIGNEMENT IX DE MICHA\u00cbL PORTRAIT ET POUVOIR DE L&#8217;ASTRAL"},"content":{"rendered":"<p align=\"center\"><img decoding=\"async\" loading=\"lazy\" class=\"alignnone wp-image-7606\" src=\"https:\/\/enseignementdemichael.fr\/wp-content\/uploads\/2021\/06\/ENSEIGNEMENT-IX-DE-MICHA\u00cbL-PORTRAIT-ET-POUVOIR-DE-LASTRAL.jpg\" alt=\"\" width=\"530\" height=\"316\" srcset=\"https:\/\/crea.enseignementdemichael.fr\/wp-content\/uploads\/2021\/06\/ENSEIGNEMENT-IX-DE-MICHA\u00cbL-PORTRAIT-ET-POUVOIR-DE-LASTRAL.jpg 963w, https:\/\/crea.enseignementdemichael.fr\/wp-content\/uploads\/2021\/06\/ENSEIGNEMENT-IX-DE-MICHA\u00cbL-PORTRAIT-ET-POUVOIR-DE-LASTRAL-300x179.jpg 300w, https:\/\/crea.enseignementdemichael.fr\/wp-content\/uploads\/2021\/06\/ENSEIGNEMENT-IX-DE-MICHA\u00cbL-PORTRAIT-ET-POUVOIR-DE-LASTRAL-768x458.jpg 768w, https:\/\/crea.enseignementdemichael.fr\/wp-content\/uploads\/2021\/06\/ENSEIGNEMENT-IX-DE-MICHA\u00cbL-PORTRAIT-ET-POUVOIR-DE-LASTRAL-600x358.jpg 600w\" sizes=\"(max-width: 530px) 100vw, 530px\" \/><\/p>\n<p class=\"x_MsoNormal\" style=\"text-align: left;\" align=\"center\">Portrait et pouvoir de l\u2019astral.<\/p>\n<p class=\"x_MsoNormal\">Le corps physique meurt, l\u2019\u00e2me qui s\u2019est d\u00e9tach\u00e9e arrive dans le monde astral, mais comment est-il articul\u00e9\u00a0?<\/p>\n<p class=\"x_MsoNormal\">Les \u00e2mes exp\u00e9rimentent la dimension astrale qui correspond aux \u00e9tats \u00e9motionnels et mental dans lesquels elles vivent sur Terre.<\/p>\n<p class=\"x_MsoNormal\">Le plan astral peut-il ajuster notre \u00e9volution d\u2019\u00e2me\u00a0?<\/p>\n<p class=\"x_MsoNormal\">Plus une \u00e2me est \u00e9volu\u00e9e, plus elle se reconnait et plus elle s\u2019\u00e9l\u00e8ve rapidement d\u2019un niveau \u00e0 l\u2019autre.<\/p>\n<p class=\"x_MsoNormal\">Voyage astral et projection, de conscience, quels effets pour quel b\u00e9n\u00e9fice\u00a0?<\/p>\n<p class=\"x_MsoNormal\">Comment mieux comprendre le plan astral et notre cheminement \u00e0 travers lui\u00a0?<\/p>\n<p class=\"x_MsoNormal\">Pourquoi aller voir au-del\u00e0 de la forme (corps physique) et au-del\u00e0 des \u00e9motions (corps \u00e9motionnel)\u00a0?<\/p>\n<p class=\"x_MsoNormal\">Voici un enseignement riche et puissant, contenant de grandes cl\u00e9s fondamentales pour l\u2019\u00eatre humain, canalis\u00e9 de l\u2019Archange Michael et son v\u00e9hicule de conscience sup\u00e9rieure.<\/p>\n<p class=\"x_MsoNormal\">Apr\u00e8s cet enseignement venu des plans sup\u00e9rieurs, vous ne verrez plus jamais l\u2019astral comme avant.<\/p>\n<p class=\"x_MsoNormal\">Cet enseignement vous apportera vigilance, discernement, c\u2019est de l\u2019intelligence en action.<\/p>\n<p class=\"x_MsoNormal\">Comptez au moins une heure de votre temps, prenez de quoi noter si vous le souhaitez, \u00e0 chaque \u00e9coute vous allez d\u00e9couvrir de nouvelles cl\u00e9s de compr\u00e9hension dissimul\u00e9es sous une premi\u00e8re couche d\u2019informations.<\/p>\n<p class=\"x_MsoNormal\">A \u00e9couter id\u00e9alement 7 jours. Je vous en souhaite une grande connaissance int\u00e9rieure, et un retour \u00e0 soi prodigieux, pour votre meilleur.<\/p>\n<p class=\"x_gmail-xmsonormal\">Les 100 premiers inscrits auront\u00a0<u>le privil\u00e8ge<\/u>\u00a0de recevoir en cadeau le Proc\u00e9d\u00e9 Quantique pour effacer bon nombre de croyances limitantes qui freinent votre avanc\u00e9e et votre r\u00e9ussite.<\/p>\n<p class=\"x_gmail-xmsonormal\">Pr\u00e9parez-vous \u00e0 60 minutes d\u2019intenses \u00e9nergies, vous pouvez suivre attentivement cet enseignement quantique pendant 7 jours id\u00e9alement, pour une impr\u00e9gnation maximale.<\/p>\n<p>&nbsp;<\/p>\n<p align=\"center\">Tarif: 125 euros<\/p>\n<p align=\"center\"><a href=\"https:\/\/sg-autorepondeur.com\/public\/form.php?data=eyJmb3JtIjo2NzYwNywidXNlciI6IjEyODk3In0-\">Oui je veux l\u2019Enseignement IX de l\u2019archange Micha\u00ebl<\/a><\/p>\n<p class=\"x_MsoNormal\">\n","protected":false},"excerpt":{"rendered":"<p>Portrait et pouvoir de l\u2019astral. Le corps physique meurt, l\u2019\u00e2me qui s\u2019est d\u00e9tach\u00e9e arrive dans le monde astral, mais comment est-il articul\u00e9\u00a0? Les \u00e2mes exp\u00e9rimentent la dimension astrale qui correspond aux \u00e9tats \u00e9motionnels et mental dans lesquels elles vivent sur Terre. Le plan astral peut-il ajuster notre \u00e9volution d\u2019\u00e2me\u00a0? Plus une \u00e2me est \u00e9volu\u00e9e, plus [&hellip;]<\/p>\n","protected":false},"author":1,"featured_media":7606,"parent":0,"menu_order":0,"comment_status":"closed","ping_status":"closed","template":"","meta":[],"_links":{"self":[{"href":"https:\/\/crea.enseignementdemichael.fr\/index.php\/wp-json\/wp\/v2\/pages\/7607"}],"collection":[{"href":"https:\/\/crea.enseignementdemichael.fr\/index.php\/wp-json\/wp\/v2\/pages"}],"about":[{"href":"https:\/\/crea.enseignementdemichael.fr\/index.php\/wp-json\/wp\/v2\/types\/page"}],"author":[{"embeddable":true,"href":"https:\/\/crea.enseignementdemichael.fr\/index.php\/wp-json\/wp\/v2\/users\/1"}],"replies":[{"embeddable":true,"href":"https:\/\/crea.enseignementdemichael.fr\/index.php\/wp-json\/wp\/v2\/comments?post=7607"}],"version-history":[{"count":4,"href":"https:\/\/crea.enseignementdemichael.fr\/index.php\/wp-json\/wp\/v2\/pages\/7607\/revisions"}],"predecessor-version":[{"id":18682,"href":"https:\/\/crea.enseignementdemichael.fr\/index.php\/wp-json\/wp\/v2\/pages\/7607\/revisions\/18682"}],"wp:featuredmedia":[{"embeddable":true,"href":"https:\/\/crea.enseignementdemichael.fr\/index.php\/wp-json\/wp\/v2\/media\/7606"}],"wp:attachment":[{"href":"https:\/\/crea.enseignementdemichael.fr\/index.php\/wp-json\/wp\/v2\/media?parent=7607"}],"curies":[{"name":"wp","href":"https:\/\/api.w.org\/{rel}","templated":true}]}}