{"id":10141,"date":"2022-01-17T11:33:38","date_gmt":"2022-01-17T10:33:38","guid":{"rendered":"https:\/\/www.enseignementdemichael.fr\/?post_type=product&#038;p=10141"},"modified":"2023-10-25T14:11:42","modified_gmt":"2023-10-25T12:11:42","slug":"enseignement-xiii-de-michael-traverser-son-miroir-trouver-sa-verite","status":"publish","type":"product","link":"https:\/\/crea.enseignementdemichael.fr\/index.php\/produit\/enseignement-xiii-de-michael-traverser-son-miroir-trouver-sa-verite\/","title":{"rendered":"ENSEIGNEMENT XIII DE MICHAEL TRAVERSER SON MIROIR TROUVER SA VERITE"},"content":{"rendered":"<div>Comment trouver sa v\u00e9rit\u00e9 int\u00e9rieure?<\/div>\n<div><\/div>\n<div>Face aux nombreux d\u00e9fis qui nous attendent, se positionner dans sa v\u00e9rit\u00e9 sacr\u00e9e est essentiel.<\/div>\n<div><\/div>\n<div>Le parcours vers la connaissance de Soi commence par un face \u00e0 face int\u00e9rieur avec ses propres miroirs.<\/div>\n<div><\/div>\n<div>Apprendre \u00e0 d\u00e9couvrir qui on est v\u00e9ritablement, pour d\u00e9couvrir la paix int\u00e9rieure, pour \u00eatre soi-m\u00eame et enfin s&#8217;\u00e9couter vous conduira invariablement au bonheur.<\/div>\n<div><\/div>\n<div>Acc\u00e9der \u00e0 l&#8217;essence pure de qui vous \u00eates v\u00e9ritablement, c&#8217;est avancer dans votre v\u00e9rit\u00e9 sacr\u00e9e.<\/div>\n<div><\/div>\n<div>L&#8217;enseignement XIII de Michael est un propulseur d&#8217;\u00e9nergie sagesse, afin de vous aligner avec justesse \u00e0 la coh\u00e9rence de l&#8217;Univers,\u00a0en conformit\u00e9 avec votre essence v\u00e9ritable et authentique.<\/div>\n<div><\/div>\n<div>Avec ce puissant enseignement de lumi\u00e8re, venu des\u00a0plans sup\u00e9rieurs, appropriez-vous le bien-fond\u00e9 de la l\u00e9gitimit\u00e9 et de l&#8217;excellence.<\/div>\n<div>\n<p class=\"x_gmail-x_MsoNormal\" align=\"center\"><b>Tarif de lancement: 125 <\/b><span style=\"font-family: Merriweather, Georgia, serif;\">\u20ac\u00a0<\/span><\/p>\n<p class=\"x_gmail-x_MsoNormal\" align=\"center\">\n<\/div>\n","protected":false},"excerpt":{"rendered":"<p>Comment trouver sa v\u00e9rit\u00e9 int\u00e9rieure? Face aux nombreux d\u00e9fis qui nous attendent, se positionner dans sa v\u00e9rit\u00e9 sacr\u00e9e est essentiel. Le parcours vers la connaissance de Soi commence par un face \u00e0 face int\u00e9rieur avec ses propres miroirs. Apprendre \u00e0 d\u00e9couvrir qui on est v\u00e9ritablement, pour d\u00e9couvrir la paix int\u00e9rieure, pour \u00eatre soi-m\u00eame et enfin [&hellip;]<\/p>\n","protected":false},"featured_media":1709,"template":"","meta":[],"product_cat":[16],"product_tag":[],"_links":{"self":[{"href":"https:\/\/crea.enseignementdemichael.fr\/index.php\/wp-json\/wp\/v3\/product\/10141"}],"collection":[{"href":"https:\/\/crea.enseignementdemichael.fr\/index.php\/wp-json\/wp\/v3\/product"}],"about":[{"href":"https:\/\/crea.enseignementdemichael.fr\/index.php\/wp-json\/wp\/v2\/types\/product"}],"wp:featuredmedia":[{"embeddable":true,"href":"https:\/\/crea.enseignementdemichael.fr\/index.php\/wp-json\/wp\/v2\/media\/1709"}],"wp:attachment":[{"href":"https:\/\/crea.enseignementdemichael.fr\/index.php\/wp-json\/wp\/v2\/media?parent=10141"}],"wp:term":[{"taxonomy":"product_cat","embeddable":true,"href":"https:\/\/crea.enseignementdemichael.fr\/index.php\/wp-json\/wp\/v2\/product_cat?post=10141"},{"taxonomy":"product_tag","embeddable":true,"href":"https:\/\/crea.enseignementdemichael.fr\/index.php\/wp-json\/wp\/v2\/product_tag?post=10141"}],"curies":[{"name":"wp","href":"https:\/\/api.w.org\/{rel}","templated":true}]}}