{"id":108,"date":"2019-03-08T19:37:08","date_gmt":"2019-03-08T18:37:08","guid":{"rendered":"http:\/\/enseignementdemichael.fr\/?post_type=product&#038;p=108"},"modified":"2024-01-08T15:06:16","modified_gmt":"2024-01-08T14:06:16","slug":"soin-divine-providence","status":"publish","type":"product","link":"https:\/\/crea.enseignementdemichael.fr\/index.php\/produit\/soin-divine-providence\/","title":{"rendered":"Soin Divine Providence"},"content":{"rendered":"<p style=\"text-align: center;\">Vous avez peur de l\u2019argent?<\/p>\n<p style=\"text-align: center;\">Vous ne savez plus \u00e0 quel Saint vous vouer?<\/p>\n<p style=\"text-align: center;\">Le manque est inscrit sur votre lign\u00e9e familiale?<\/p>\n<p style=\"text-align: center;\">Vous pensez que la prosp\u00e9rit\u00e9 n\u2019est pas pour vous?<\/p>\n<p style=\"text-align: center;\">Vous ne voyez pas le bout du tunnel?<\/p>\n<p style=\"text-align: center;\">Vous doutez de vos propres capacit\u00e9s?<\/p>\n<p style=\"text-align: left;\">Si vous avez r\u00e9pondu OUI \u00e0 une de ces questions vous avez bien fait de cliquer car vous \u00eates au bon endroit.<\/p>\n<div class=\"wp-block-spacer\" style=\"text-align: left;\" aria-hidden=\"true\"><\/div>\n<p style=\"text-align: left;\"><strong>INVOQUEZ LA DIVINE PROVIDENCE<\/strong><\/p>\n<div class=\"wp-block-spacer\" style=\"text-align: left;\" aria-hidden=\"true\"><\/div>\n<p style=\"text-align: left;\">Chemin d\u2019amour vers la prosp\u00e9rit\u00e9<\/p>\n<p style=\"text-align: left;\">Ce soin quantique va changer vos vibrations d\u00e9finitivement, c\u2019est un soin qui n\u2019a jamais \u00e9t\u00e9 divulgu\u00e9 jusqu\u2019\u00e0 ce jour.<\/p>\n<p style=\"text-align: left;\">Il ne va pas rester \u00e9ternellement en ligne, c\u2019est pourquoi je vous invite \u00e0 le r\u00e9server d\u00e8s maintenant tant qu\u2019il est encore disponible<\/p>\n<p style=\"text-align: left;\">Vous supprimerez les blocages inconscients et vous ouvrirez \u00e0 accueillir la prosp\u00e9rit\u00e9 et l\u2019abondance, ce soin quantique est une solution douce et agr\u00e9able pour vous d\u00e9barrasser de tout ce qui vous engluait.<\/p>\n<div class=\"wp-block-spacer\" style=\"text-align: left;\" aria-hidden=\"true\"><\/div>\n<p style=\"text-align: left;\">En quelques minutes par jour la divine providence vous aidera \u00a0\u00e0 :<\/p>\n<div class=\"wp-block-spacer\" style=\"text-align: center;\" aria-hidden=\"true\"><\/div>\n<p style=\"text-align: center;\">-Gagner en assurance<\/p>\n<p style=\"text-align: center;\">-\u00catre plus \u00e9panoui<\/p>\n<p style=\"text-align: center;\">-Reprendre votre vie en main<\/p>\n<p style=\"text-align: center;\">-R\u00e9aliser ce qui est important pour vous<\/p>\n<p style=\"text-align: center;\">-\u00catre plus \u00a0heureux<\/p>\n<p style=\"text-align: center;\">-Sans effort mental ou physique<\/p>\n<p style=\"text-align: center;\">-Il deviendra votre meilleur alli\u00e9 pour atteindre le chemin de la providence<\/p>\n<p style=\"text-align: center;\">Tarif : 110 \u20ac<\/p>\n<div class=\"wp-block-spacer\" style=\"text-align: left;\" aria-hidden=\"true\"><\/div>\n","protected":false},"excerpt":{"rendered":"<p>Vous avez peur de l\u2019argent? Vous ne savez plus \u00e0 quel Saint vous vouer? Le manque est inscrit sur votre lign\u00e9e familiale? Vous pensez que la prosp\u00e9rit\u00e9 n\u2019est pas pour vous? Vous ne voyez pas le bout du tunnel? Vous doutez de vos propres capacit\u00e9s? Si vous avez r\u00e9pondu OUI \u00e0 une de ces questions [&hellip;]<\/p>\n","protected":false},"featured_media":39,"template":"","meta":[],"product_cat":[16],"product_tag":[],"_links":{"self":[{"href":"https:\/\/crea.enseignementdemichael.fr\/index.php\/wp-json\/wp\/v3\/product\/108"}],"collection":[{"href":"https:\/\/crea.enseignementdemichael.fr\/index.php\/wp-json\/wp\/v3\/product"}],"about":[{"href":"https:\/\/crea.enseignementdemichael.fr\/index.php\/wp-json\/wp\/v2\/types\/product"}],"wp:featuredmedia":[{"embeddable":true,"href":"https:\/\/crea.enseignementdemichael.fr\/index.php\/wp-json\/wp\/v2\/media\/39"}],"wp:attachment":[{"href":"https:\/\/crea.enseignementdemichael.fr\/index.php\/wp-json\/wp\/v2\/media?parent=108"}],"wp:term":[{"taxonomy":"product_cat","embeddable":true,"href":"https:\/\/crea.enseignementdemichael.fr\/index.php\/wp-json\/wp\/v2\/product_cat?post=108"},{"taxonomy":"product_tag","embeddable":true,"href":"https:\/\/crea.enseignementdemichael.fr\/index.php\/wp-json\/wp\/v2\/product_tag?post=108"}],"curies":[{"name":"wp","href":"https:\/\/api.w.org\/{rel}","templated":true}]}}