{"id":10992,"date":"2022-04-14T10:05:46","date_gmt":"2022-04-14T08:05:46","guid":{"rendered":"https:\/\/www.enseignementdemichael.fr\/?post_type=product&#038;p=10992"},"modified":"2024-01-08T14:48:00","modified_gmt":"2024-01-08T13:48:00","slug":"soin-quantique-de-sanctification","status":"publish","type":"product","link":"https:\/\/crea.enseignementdemichael.fr\/index.php\/produit\/soin-quantique-de-sanctification\/","title":{"rendered":"Soin Quantique de Sanctification"},"content":{"rendered":"<p class=\"v1MsoNormal\">Soyez \u00e0 votre \u00eatre JE SUIS, cr\u00e9ez pour vous une assembl\u00e9e de gu\u00e9rison, afin d&#8217;arriver \u00e0 l&#8217;\u00e9tablissement de votre v\u00e9rit\u00e9 sacr\u00e9e.<\/p>\n<p class=\"v1MsoNormal\">Nourrissez ainsi votre pr\u00e9sence divine JE SUIS pour qu&#8217;elle puisse s&#8217;expanser.<\/p>\n<p class=\"v1MsoNormal\">Vous vous lib\u00e8rerez des sch\u00e9mas\u00a0falsifi\u00e9s de la conscience collective de l&#8217;humanit\u00e9.<\/p>\n<p class=\"v1MsoNormal\">Savoir qui vous \u00eates, vous reconna\u00eetre en tant qu&#8217;\u00eatre de lumi\u00e8re incarn\u00e9, osez votre naturel divin, accueillez votre substance originelle, parfaite, et d\u00e9ployez votre<u>\u00a0souverainet\u00e9<\/u>.<\/p>\n<p class=\"v1MsoNormal\">Votre corps physique humain n&#8217;est que le centre de qui vous \u00eates, vous \u00eates tellement plus que cela, vous \u00eates conscience spirituelle.<\/p>\n<p class=\"v1MsoNormal\">Laissez de nouvelles pens\u00e9es profondes \u00e9merger et identifiez-les comme v\u00e9rit\u00e9 sacr\u00e9e qui vous est montr\u00e9e.<\/p>\n<p class=\"v1MsoNormal\">Vous \u00eates chacun des saints\u00a0<u>souverains de votre vie<\/u>, alors les croyances anciennes peuvent ais\u00e9ment \u00eatre balay\u00e9es afin de vous rallier \u00e0 votre nature originelle qui est absolument divine.<\/p>\n<p class=\"v1MsoNormal\">Sanctifiez votre vie, sanctifiez vos projets, sanctifiez votre c\u0153ur, la sanctification de votre \u00eatre est l&#8217;harmonisation compl\u00e8te entre vos valeurs, vos choix personnels et vos actes, entrez dans votre voie de la r\u00e9ussite et du succ\u00e8s.<\/p>\n","protected":false},"excerpt":{"rendered":"<p>Soyez \u00e0 votre \u00eatre JE SUIS, cr\u00e9ez pour vous une assembl\u00e9e de gu\u00e9rison, afin d&#8217;arriver \u00e0 l&#8217;\u00e9tablissement de votre v\u00e9rit\u00e9 sacr\u00e9e. Nourrissez ainsi votre pr\u00e9sence divine JE SUIS pour qu&#8217;elle puisse s&#8217;expanser. Vous vous lib\u00e8rerez des sch\u00e9mas\u00a0falsifi\u00e9s de la conscience collective de l&#8217;humanit\u00e9. Savoir qui vous \u00eates, vous reconna\u00eetre en tant qu&#8217;\u00eatre de lumi\u00e8re incarn\u00e9, [&hellip;]<\/p>\n","protected":false},"featured_media":1709,"template":"","meta":[],"product_cat":[16],"product_tag":[],"_links":{"self":[{"href":"https:\/\/crea.enseignementdemichael.fr\/index.php\/wp-json\/wp\/v3\/product\/10992"}],"collection":[{"href":"https:\/\/crea.enseignementdemichael.fr\/index.php\/wp-json\/wp\/v3\/product"}],"about":[{"href":"https:\/\/crea.enseignementdemichael.fr\/index.php\/wp-json\/wp\/v2\/types\/product"}],"wp:featuredmedia":[{"embeddable":true,"href":"https:\/\/crea.enseignementdemichael.fr\/index.php\/wp-json\/wp\/v2\/media\/1709"}],"wp:attachment":[{"href":"https:\/\/crea.enseignementdemichael.fr\/index.php\/wp-json\/wp\/v2\/media?parent=10992"}],"wp:term":[{"taxonomy":"product_cat","embeddable":true,"href":"https:\/\/crea.enseignementdemichael.fr\/index.php\/wp-json\/wp\/v2\/product_cat?post=10992"},{"taxonomy":"product_tag","embeddable":true,"href":"https:\/\/crea.enseignementdemichael.fr\/index.php\/wp-json\/wp\/v2\/product_tag?post=10992"}],"curies":[{"name":"wp","href":"https:\/\/api.w.org\/{rel}","templated":true}]}}