{"id":1180,"date":"2019-11-20T12:49:03","date_gmt":"2019-11-20T11:49:03","guid":{"rendered":"https:\/\/www.enseignementdemichael.fr\/?post_type=product&#038;p=1180"},"modified":"2023-10-25T14:45:21","modified_gmt":"2023-10-25T12:45:21","slug":"le-corps-electrique-enseignement-2-de-michael","status":"publish","type":"product","link":"https:\/\/crea.enseignementdemichael.fr\/index.php\/produit\/le-corps-electrique-enseignement-2-de-michael\/","title":{"rendered":"LE CORPS ELECTRIQUE Enseignement 2 de Michael"},"content":{"rendered":"<div><span style=\"font-family: arial, sans-serif;\">L&#8217;archange Micha\u00ebl est le protecteur de l&#8217;humanit\u00e9, le commandant en chef des arm\u00e9es c\u00e9lestes. Il nous prot\u00e8ge. Il nous guide \u00e0 la d\u00e9couverte de nos dons, nous aide \u00e0 comprendre notre incarnation terrestre, et \u00e0 \u00e9liminer les freins qui bloquent notre ascension terrestre.\u00a0<\/span><\/div>\n<div><span style=\"font-family: arial, sans-serif;\">\u00a0<\/span><\/div>\n<div><span style=\"font-family: arial, sans-serif;\">Par cet enseignement majeur, accueillez\u00a0en vous la stup\u00e9fiante lumi\u00e8re des connaissances sup\u00e9rieures enseign\u00e9es par le prince des archanges, ses \u00e9nergies pures ont une force d&#8217;expansion titanesque, il oeuvre activement \u00e0 l&#8217;am\u00e9lioration de notre quotidien.<\/span><\/div>\n<div><span style=\"font-family: arial, sans-serif;\">\u00a0<\/span><\/div>\n<div><span style=\"font-family: arial, sans-serif;\">-A quoi sert le corps \u00e9lectrique?<\/span><\/div>\n<div><span style=\"font-family: arial, sans-serif;\">-Comment aller plus loin dans votre \u00e9veil?<\/span><\/div>\n<div><span style=\"font-family: arial, sans-serif;\">-Pourquoi se lib\u00e9rer de l&#8217;emprise de l&#8217;\u00e9go?<\/span><\/div>\n<div><span style=\"font-family: arial, sans-serif;\">-Dissoudre le venin de la col\u00e8re?<\/span><\/div>\n<div><span style=\"font-family: arial, sans-serif;\">-Atteindre le point z\u00e9ro et transmuter la dualit\u00e9 en vous?<\/span><\/div>\n<div><span style=\"font-family: arial, sans-serif;\">\u00a0<\/span><\/div>\n<div><span style=\"font-family: arial, sans-serif;\">Alors vous \u00eates au bon endroit, au bon moment. Cet enseignement est l\u00e0 juste pour vous, car vous avez \u00e9t\u00e9 guid\u00e9 jusqu&#8217;\u00e0 lui.<\/span><\/div>\n<div><span style=\"font-family: arial, sans-serif;\">\u00a0<\/span><\/div>\n<div>\n<p><span style=\"font-family: arial, sans-serif;\">Vous pouvez acheter en t\u00e9l\u00e9chargement cet enseignement priv\u00e9 au prix de 125 euros, et commencer d\u00e8s maintenant !<\/span><\/p>\n<p><span style=\"font-family: arial, sans-serif;\">Faites le dans la chaleur d&#8217;un endroit douillet, sereinement, id\u00e9alement \u00e0 effectuer pendant 7 jours, afin d&#8217;absorber chaque niveau d&#8217;enseignement dans chacun de vos corps subtils, car il contient 7 niveaux vibratoires de lecture.<\/span><\/p>\n<p style=\"text-align: center;\"><span style=\"font-family: arial, sans-serif;\">Tarif : 125,00 euros<\/span><\/p>\n<\/div>\n","protected":false},"excerpt":{"rendered":"<p>L&#8217;archange Micha\u00ebl est le protecteur de l&#8217;humanit\u00e9, le commandant en chef des arm\u00e9es c\u00e9lestes. Il nous prot\u00e8ge. Il nous guide \u00e0 la d\u00e9couverte de nos dons, nous aide \u00e0 comprendre notre incarnation terrestre, et \u00e0 \u00e9liminer les freins qui bloquent notre ascension terrestre.\u00a0 \u00a0 Par cet enseignement majeur, accueillez\u00a0en vous la stup\u00e9fiante lumi\u00e8re des connaissances [&hellip;]<\/p>\n","protected":false},"featured_media":1178,"template":"","meta":[],"product_cat":[16],"product_tag":[],"_links":{"self":[{"href":"https:\/\/crea.enseignementdemichael.fr\/index.php\/wp-json\/wp\/v3\/product\/1180"}],"collection":[{"href":"https:\/\/crea.enseignementdemichael.fr\/index.php\/wp-json\/wp\/v3\/product"}],"about":[{"href":"https:\/\/crea.enseignementdemichael.fr\/index.php\/wp-json\/wp\/v2\/types\/product"}],"wp:featuredmedia":[{"embeddable":true,"href":"https:\/\/crea.enseignementdemichael.fr\/index.php\/wp-json\/wp\/v2\/media\/1178"}],"wp:attachment":[{"href":"https:\/\/crea.enseignementdemichael.fr\/index.php\/wp-json\/wp\/v2\/media?parent=1180"}],"wp:term":[{"taxonomy":"product_cat","embeddable":true,"href":"https:\/\/crea.enseignementdemichael.fr\/index.php\/wp-json\/wp\/v2\/product_cat?post=1180"},{"taxonomy":"product_tag","embeddable":true,"href":"https:\/\/crea.enseignementdemichael.fr\/index.php\/wp-json\/wp\/v2\/product_tag?post=1180"}],"curies":[{"name":"wp","href":"https:\/\/api.w.org\/{rel}","templated":true}]}}