{"id":12001,"date":"2022-08-08T08:50:01","date_gmt":"2022-08-08T06:50:01","guid":{"rendered":"https:\/\/www.enseignementdemichael.fr\/?post_type=product&#038;p=12001"},"modified":"2024-03-22T12:04:09","modified_gmt":"2024-03-22T11:04:09","slug":"coffret-audio-enseignements-sacres-n9-a-13","status":"publish","type":"product","link":"https:\/\/crea.enseignementdemichael.fr\/index.php\/produit\/coffret-audio-enseignements-sacres-n9-a-13\/","title":{"rendered":"Coffret Audio Enseignements sacr\u00e9s 9 \u00e0 13"},"content":{"rendered":"<p>&nbsp;<\/p>\n<p>Un coffret unique pour r\u00e9actualiser nos croyances, nos aspirations et panser nos blessures du pass\u00e9\u2026<\/p>\n<blockquote>\n<div dir=\"ltr\">\n<div><\/div>\n<div>5 enseignements canalis\u00e9s forts, puissants et r\u00e9dempteurs.<\/div>\n<div><\/div>\n<div>Un coffret pour se lib\u00e9rer\u2026 Enfin.<\/div>\n<div><\/div>\n<div>Un coffret pour se faire du bien\u2026 Et (re)mettre de la p\u00e9tillance dans votre vie.<\/div>\n<div><\/div>\n<div>Tous les th\u00e9rapeutes du monde le savent et le constatent\u2026<\/div>\n<div><b>Quand une personne re\u00e7oit une cl\u00e9 de compr\u00e9hension, d\u00e9verrouille le mental et gu\u00e9rit d\u2019une blessure, purifie le champs des \u00e9motions en s\u2019all\u00e9geant d\u2019une croyance limitante et vieille certitude, ou se lib\u00e8re d\u2019un blocage inconscient transg\u00e9n\u00e9rationnel tr\u00e8s rapidement, sa vie change.<\/b><\/div>\n<div><\/div>\n<div>C\u2019est pourquoi, quand j\u2019ai d\u00e9cid\u00e9 d\u2019enregistrer le coffret de\u00a0proc\u00e9d\u00e9s\u00a0<b>quantiques\u00a0<\/b>, je ressentais et on me montrait que des milliers de vies seraient lib\u00e9r\u00e9es de fardeaux anciens, des existences embellies et transform\u00e9es \u00e0 jamais.<\/div>\n<div><\/div>\n<div>Aujourd\u2019hui, ce coffret d\u2019enseignements puissants vous est propos\u00e9 \u00e0 49\u20ac au lieu de 550\u20ac au tarif catalogue.<\/div>\n<\/div>\n<\/blockquote>\n<div><\/div>\n<p>Voici les 5 audios avec musique de gu\u00e9rison \u00e0 432Hz que vous allez recevoir:<\/p>\n<div><\/div>\n<div>-Enseignement IX : PORTRAIT ET POUVOIR DE LASTRAL<\/div>\n<div>-Enseignement X : ENTRE DANS LA COUCHE DE PHOTONS<\/div>\n<div>-Enseignement XI : SE LIBERER DE LA LOI KARMIQUE ET DE SES EFFETS<\/div>\n<div>-Enseignement XII : COMMENT INTEGRER L&#8217;ENERGIE D&#8217;ASCENSION ?<\/div>\n<div>-Enseignement XIII : TRAVERSER SON MIROIR TROUVER SA VERITE<\/div>\n<div><\/div>\n<div>\n<p>+ un bonus surprise exceptionnel en vibrations pour les 100 premiers inscrits.<\/p>\n<blockquote>\n<div dir=\"ltr\">\n<div><\/div>\n<div>Commandez aujourd\u2019hui et b\u00e9n\u00e9ficiez de 91% en moins pour un temps tr\u00e8s court.<\/div>\n<div><\/div>\n<div><b>Boostez votre gu\u00e9rison en transmutant vos parts d\u2019ombre maintenant.<\/b><\/div>\n<div><\/div>\n<div>Nous allons partager un moment salvateur ensemble, en direct avec les hi\u00e9rarchies de lumi\u00e8re, unique et puissant.<\/div>\n<\/div>\n<\/blockquote>\n<p>&nbsp;<\/p>\n<div>Soyez d\u00e9j\u00e0 les rep\u00e8res que vous voulez voir dans le monde de demain.<\/div>\n<\/div>\n<div style=\"text-align: center;\"><span style=\"color: #ff0000;\">\u00e0 49\u20ac au lieu de<del> 625\u20ac<\/del>\u00a0<\/span><\/div>\n","protected":false},"excerpt":{"rendered":"<p>&nbsp; Un coffret unique pour r\u00e9actualiser nos croyances, nos aspirations et panser nos blessures du pass\u00e9\u2026 5 enseignements canalis\u00e9s forts, puissants et r\u00e9dempteurs. Un coffret pour se lib\u00e9rer\u2026 Enfin. Un coffret pour se faire du bien\u2026 Et (re)mettre de la p\u00e9tillance dans votre vie. Tous les th\u00e9rapeutes du monde le savent et le constatent\u2026 Quand [&hellip;]<\/p>\n","protected":false},"featured_media":12017,"template":"","meta":[],"product_cat":[16],"product_tag":[],"_links":{"self":[{"href":"https:\/\/crea.enseignementdemichael.fr\/index.php\/wp-json\/wp\/v3\/product\/12001"}],"collection":[{"href":"https:\/\/crea.enseignementdemichael.fr\/index.php\/wp-json\/wp\/v3\/product"}],"about":[{"href":"https:\/\/crea.enseignementdemichael.fr\/index.php\/wp-json\/wp\/v2\/types\/product"}],"wp:featuredmedia":[{"embeddable":true,"href":"https:\/\/crea.enseignementdemichael.fr\/index.php\/wp-json\/wp\/v2\/media\/12017"}],"wp:attachment":[{"href":"https:\/\/crea.enseignementdemichael.fr\/index.php\/wp-json\/wp\/v2\/media?parent=12001"}],"wp:term":[{"taxonomy":"product_cat","embeddable":true,"href":"https:\/\/crea.enseignementdemichael.fr\/index.php\/wp-json\/wp\/v2\/product_cat?post=12001"},{"taxonomy":"product_tag","embeddable":true,"href":"https:\/\/crea.enseignementdemichael.fr\/index.php\/wp-json\/wp\/v2\/product_tag?post=12001"}],"curies":[{"name":"wp","href":"https:\/\/api.w.org\/{rel}","templated":true}]}}