{"id":122,"date":"2019-03-08T20:05:47","date_gmt":"2019-03-08T19:05:47","guid":{"rendered":"http:\/\/enseignementdemichael.fr\/?post_type=product&#038;p=122"},"modified":"2024-01-08T15:07:25","modified_gmt":"2024-01-08T14:07:25","slug":"rpqc","status":"publish","type":"product","link":"https:\/\/crea.enseignementdemichael.fr\/index.php\/produit\/rpqc\/","title":{"rendered":"RPQC"},"content":{"rendered":"<p style=\"text-align: center;\">Vous n\u2019osez pas croire \u00e0 la r\u00e9ussite?<\/p>\n<p style=\"text-align: center;\">Vous ne savez plus qui appeler l\u00e0-haut?<\/p>\n<p style=\"text-align: center;\">Les \u00e9checs sont angramm\u00e9s sur votre lign\u00e9e familiale?<\/p>\n<p style=\"text-align: center;\">Vous pensez qu\u2019une vie meilleure n\u2019est pas pour vous?<\/p>\n<p style=\"text-align: center;\">Vous ne voyez pas comment stopper les sch\u00e9mas r\u00e9p\u00e9titifs?<\/p>\n<p style=\"text-align: center;\">Vous doutez de vos propres pouvoirs de cr\u00e9ation?<\/p>\n<p style=\"text-align: left;\">Si vous avez r\u00e9pondu OUI \u00e0 une de ces questions vous avez bien fait de cliquer car vous \u00eates au bon endroit.<\/p>\n<div style=\"text-align: left;\" aria-hidden=\"true\"><\/div>\n<div aria-hidden=\"true\"><\/div>\n<p style=\"text-align: center;\"><strong>INVOQUEZ LA DIVINE FLAMME DE LA R\u00c9SURRECTION<\/strong><\/p>\n<p>&nbsp;<\/p>\n<p style=\"text-align: left;\">Puissance d\u2019amour pour votre r\u00e9alisation<\/p>\n<p style=\"text-align: left;\">Ce soin quantique va changer vos vibrations d\u00e9finitivement, c\u2019est un soin qui a d\u00e9j\u00e0 \u00e9t\u00e9 propos\u00e9 en Mars 2018.<\/p>\n<p style=\"text-align: left;\">Il ne va pas rester \u00e9ternellement en ligne, c\u2019est pourquoi je vous invite \u00e0 le r\u00e9server d\u00e8s maintenant tant qu\u2019il est disponible, si vous ne l\u2019avez pas d\u00e9j\u00e0!<\/p>\n<p style=\"text-align: left;\">Vous supprimerez les freins \u00e9nerg\u00e9tiques et les cordes \u00e9theriques, vous allez recevoir \u00e0 grands flots les faramineuses \u00e9nergies de renouveau et de croissance, ce soin quantique est une force douce et agr\u00e9able pour vous d\u00e9barrasser des orni\u00e8res qui embourbaient votre chemin de vie.<\/p>\n<p style=\"text-align: left;\">En quelques minutes par jour la divine flamme de la r\u00e9surrection vous aidera \u00a0\u00e0:<\/p>\n<p style=\"text-align: center;\">-Gagner en confiance en vous<\/p>\n<p style=\"text-align: center;\">-L\u00e2cher les anciennes croyances<\/p>\n<p style=\"text-align: center;\">-Ressentir \u00d4 combien vous \u00eates l\u00e9gitime \u00e0 vous relever<\/p>\n<p style=\"text-align: center;\">-Prendre votre renouveau en main<\/p>\n<p style=\"text-align: center;\">-Rayonner ce qui est important pour vous<\/p>\n<p style=\"text-align: center;\">-Voir que tout est infiniment possible<\/p>\n<p style=\"text-align: center;\">-Se r\u00e9aliser sans effort surhumain<\/p>\n<p style=\"text-align: center;\">-Installer la s\u00e9r\u00e9nit\u00e9 dans votre champ d\u2019\u00e9nergies et rayonner la lumi\u00e8re<\/p>\n<p class=\"x_gmail-x_MsoNormal\">Commandez-le vite au prix exceptionnel de 110\u20ac pour un temps tr\u00e8s limit\u00e9.<\/p>\n<p class=\"x_gmail-x_MsoNormal\">Pr\u00e9parez-vous \u00e0 40 minutes d\u2019intenses \u00e9nergies de pur amour, vous pouvez effectuer ce proc\u00e9d\u00e9 quantique pendant 7 jours id\u00e9alement, pour une impr\u00e9gnation maximale.\u00a0 Merci de votre confiance.<\/p>\n<p class=\"x_gmail-x_MsoNormal\">\u00a0A vous de jouer!<\/p>\n<p class=\"x_gmail-x_gmail-x_MsoNormal\">Je vous en souhaite une croissance audacieuse, et un prodigieux renouveau.<\/p>\n<p style=\"text-align: center;\">Tarif: 110 euros<br \/>\n<a href=\"https:\/\/sg-autorepondeur.com\/public\/form.php?data=eyJmb3JtIjo1NDUzMSwidXNlciI6IjEyODk3In0-\">Oui je veux le Soin Quantique R.P.Q.C.<\/a><\/p>\n","protected":false},"excerpt":{"rendered":"<p>Vous n\u2019osez pas croire \u00e0 la r\u00e9ussite? Vous ne savez plus qui appeler l\u00e0-haut? Les \u00e9checs sont angramm\u00e9s sur votre lign\u00e9e familiale? Vous pensez qu\u2019une vie meilleure n\u2019est pas pour vous? Vous ne voyez pas comment stopper les sch\u00e9mas r\u00e9p\u00e9titifs? Vous doutez de vos propres pouvoirs de cr\u00e9ation? Si vous avez r\u00e9pondu OUI \u00e0 une [&hellip;]<\/p>\n","protected":false},"featured_media":6572,"template":"","meta":[],"product_cat":[16],"product_tag":[],"_links":{"self":[{"href":"https:\/\/crea.enseignementdemichael.fr\/index.php\/wp-json\/wp\/v3\/product\/122"}],"collection":[{"href":"https:\/\/crea.enseignementdemichael.fr\/index.php\/wp-json\/wp\/v3\/product"}],"about":[{"href":"https:\/\/crea.enseignementdemichael.fr\/index.php\/wp-json\/wp\/v2\/types\/product"}],"wp:featuredmedia":[{"embeddable":true,"href":"https:\/\/crea.enseignementdemichael.fr\/index.php\/wp-json\/wp\/v2\/media\/6572"}],"wp:attachment":[{"href":"https:\/\/crea.enseignementdemichael.fr\/index.php\/wp-json\/wp\/v2\/media?parent=122"}],"wp:term":[{"taxonomy":"product_cat","embeddable":true,"href":"https:\/\/crea.enseignementdemichael.fr\/index.php\/wp-json\/wp\/v2\/product_cat?post=122"},{"taxonomy":"product_tag","embeddable":true,"href":"https:\/\/crea.enseignementdemichael.fr\/index.php\/wp-json\/wp\/v2\/product_tag?post=122"}],"curies":[{"name":"wp","href":"https:\/\/api.w.org\/{rel}","templated":true}]}}