{"id":12289,"date":"2022-09-07T17:05:58","date_gmt":"2022-09-07T15:05:58","guid":{"rendered":"https:\/\/www.enseignementdemichael.fr\/?post_type=product&#038;p=12289"},"modified":"2023-10-25T14:10:44","modified_gmt":"2023-10-25T12:10:44","slug":"enseignement-xiv-14-de-michael-la-puissance-de-lenergie-christique","status":"publish","type":"product","link":"https:\/\/crea.enseignementdemichael.fr\/index.php\/produit\/enseignement-xiv-14-de-michael-la-puissance-de-lenergie-christique\/","title":{"rendered":"ENSEIGNEMENT XIV (14) DE MICHAEL LA PUISSANCE DE L&#8217;ENERGIE CHRISTIQUE"},"content":{"rendered":"<p class=\"x_MsoNormal\">Le Christ est la force d\u2019\u00e9volution primordiale de la cr\u00e9ation. Cette \u00e9nergie divine que nous d\u00e9signons sous le nom de \u201cChrist\u201d est la puissance de la vie, de l\u2019amour, de l\u2019intelligence qui maintient toute la cr\u00e9ation dans l\u2019existence.<\/p>\n<p class=\"x_MsoNormal\">Cette force existe \u00e0 tous les niveaux du r\u00e9el, mais les modalit\u00e9s de sa manifestation diff\u00e8rent : la manifestation du Christ au niveau de la plan\u00e8te, ou \u00e0 l\u2019int\u00e9rieur d\u2019une rose est diff\u00e9rente de celle qui existe en l\u2019homme, mais l\u2019\u00e9nergie est la m\u00eame ; elle est omnipr\u00e9sente.<\/p>\n<p class=\"x_MsoNormal\">Le Christ peut \u00eatre consid\u00e9r\u00e9 comme l\u2019\u00e2me de l\u2019univers.<\/p>\n<p class=\"x_MsoNormal\">ON NE PEUT ATTEINDRE L&#8217;\u00c9TAT CHRISTIQUE QU&#8217;AU MOMENT O\u00d9 L&#8217;ON A V\u00c9RITABLEMENT ACCEPT\u00c9 QUI ON EST<\/p>\n<p class=\"x_MsoNormal\">La Source nous enjoigne \u00e0 approcher l\u2019\u00e9tat christique, pour atteindre le plus haut degr\u00e9 de spiritualit\u00e9.<\/p>\n<p class=\"x_MsoNormal\">L\u2019Enseignement XIV de la hi\u00e9rarchie archang\u00e9lique de Micha\u00ebl nous explique les subtilit\u00e9s pour comprendre l\u2019Energie Christique et sa mise en \u0153uvre dans le quotidien.<\/p>\n<p class=\"x_MsoNormal\">Voulez-vous recevoir l\u2019assistance christique en toutes circonstances\u00a0?<\/p>\n<p class=\"x_MsoNormal\">En sortant du jugement de soi et des autres\u00a0?<\/p>\n<p class=\"x_MsoNormal\">Voulez-vous avoir bien plus confiance en vous sans changer votre nature profonde\u00a0? En accord avec vos valeurs\u00a0?<\/p>\n<p class=\"x_MsoNormal\">Oser dire ce que vous avez \u00e0 dire \u00e0 qui vous avez \u00e0 le dire\u00a0?<\/p>\n<p class=\"x_MsoNormal\">Le principe est simple mais n\u2019est pas facile \u00e0 mettre en pratique\u00a0!<\/p>\n<p class=\"x_MsoNormal\">Ce soin quantique sous forme d\u2019enseignement EXCLUSIF vous aide \u00e0 vous accepter vous-m\u00eame, en rel\u00e2chant la pression.<\/p>\n<p class=\"x_MsoNormal\">Par ce nouveau savoir venu des Hautes Sph\u00e8res de Lumi\u00e8re, vous allez parvenir \u00e0 dire STOP \u00e0 vos croyances fa\u00e7onn\u00e9es par votre \u00e9go, qui a pris du pouvoir au fil des vies v\u00e9cues et qui vous a fait oublier comment \u00e9couter votre c\u0153ur.<\/p>\n<p class=\"x_MsoNormal\">Avec ce nouvel enseignement fort, vous passerez \u00e0 l\u2019acceptation de Soi puis \u00e0 l\u2019Amour de Soi, et vous pourrez \u00e0 nouveau attirer \u00e0 vous des circonstances de vie favorables et de nouvelles exp\u00e9rimentations heureuses.<\/p>\n<p class=\"x_MsoNormal\">Soyez d\u00e9j\u00e0 l\u2019\u00e9volution positive que vous voulez voir dans votre monde de demain.<\/p>\n<p class=\"x_MsoNormal\">Vous m\u00e9ritez le meilleur. <s><\/s><\/p>\n<p class=\"x_MsoNormal\" aria-hidden=\"true\">\n","protected":false},"excerpt":{"rendered":"<p>Le Christ est la force d\u2019\u00e9volution primordiale de la cr\u00e9ation. Cette \u00e9nergie divine que nous d\u00e9signons sous le nom de \u201cChrist\u201d est la puissance de la vie, de l\u2019amour, de l\u2019intelligence qui maintient toute la cr\u00e9ation dans l\u2019existence. Cette force existe \u00e0 tous les niveaux du r\u00e9el, mais les modalit\u00e9s de sa manifestation diff\u00e8rent : [&hellip;]<\/p>\n","protected":false},"featured_media":1709,"template":"","meta":[],"product_cat":[16],"product_tag":[],"_links":{"self":[{"href":"https:\/\/crea.enseignementdemichael.fr\/index.php\/wp-json\/wp\/v3\/product\/12289"}],"collection":[{"href":"https:\/\/crea.enseignementdemichael.fr\/index.php\/wp-json\/wp\/v3\/product"}],"about":[{"href":"https:\/\/crea.enseignementdemichael.fr\/index.php\/wp-json\/wp\/v2\/types\/product"}],"wp:featuredmedia":[{"embeddable":true,"href":"https:\/\/crea.enseignementdemichael.fr\/index.php\/wp-json\/wp\/v2\/media\/1709"}],"wp:attachment":[{"href":"https:\/\/crea.enseignementdemichael.fr\/index.php\/wp-json\/wp\/v2\/media?parent=12289"}],"wp:term":[{"taxonomy":"product_cat","embeddable":true,"href":"https:\/\/crea.enseignementdemichael.fr\/index.php\/wp-json\/wp\/v2\/product_cat?post=12289"},{"taxonomy":"product_tag","embeddable":true,"href":"https:\/\/crea.enseignementdemichael.fr\/index.php\/wp-json\/wp\/v2\/product_tag?post=12289"}],"curies":[{"name":"wp","href":"https:\/\/api.w.org\/{rel}","templated":true}]}}