{"id":12543,"date":"2022-10-04T09:52:39","date_gmt":"2022-10-04T07:52:39","guid":{"rendered":"https:\/\/www.enseignementdemichael.fr\/?post_type=product&#038;p=12543"},"modified":"2022-10-19T09:31:25","modified_gmt":"2022-10-19T07:31:25","slug":"manuel-dinitiation-a-la-double-flamme-violet-argent-rituel-sacre","status":"publish","type":"product","link":"https:\/\/crea.enseignementdemichael.fr\/index.php\/produit\/manuel-dinitiation-a-la-double-flamme-violet-argent-rituel-sacre\/","title":{"rendered":"MANUEL D&#8217;INITIATION A LA DOUBLE FLAMME VIOLET ARGENT + RITUEL SACR\u00c9"},"content":{"rendered":"<p class=\"x_MsoNormal\">Pourquoi acqu\u00e9rir le Manuel de la Double Flamme Violet Argent et le rituel sacr\u00e9 associ\u00e9 ?<\/p>\n<p class=\"x_MsoNormal\">La Flamme Violet Argent a \u00e9t\u00e9 r\u00e9introduite par le Ma\u00eetre Ascensionn\u00e9 Saint-Germain, qui est le ma\u00eetre du 7\u00e8me rayon de Dieu, la conscience de l&#8217;univers.<\/p>\n<p class=\"x_MsoNormal\">Elle est un compl\u00e9ment ESSENTIEL \u00e0 la Flamme Violette dans l&#8217;\u00e8re du Verseau.<\/p>\n<p class=\"x_MsoNormal\">Elle agit principalement sur les mauvaises habitudes, les d\u00e9pendances, les addictions, les comportements d\u00e9pensiers , les humeurs\u00a0changeantes et le\u00a0<b><u>karma n\u00e9gatif<\/u><\/b>.<\/p>\n<p class=\"x_MsoNormal\">Elle peut transformer des relations conflictuelles en relations harmonieuses.<\/p>\n<p class=\"x_MsoNormal\">Nous pourrions dire qu&#8217;elle est une marche sup\u00e9rieure au niveau de la compr\u00e9hension de ce que l&#8217;on est, et de notre pouvoir cr\u00e9ateur.<\/p>\n<p class=\"x_MsoNormal\">Avec\u00a0<b><u>ce Manuel<\/u><\/b>\u00a0au format Pdf, contenant\u00a0<b><u>l\u2019initiation \u00e0 la double flamme<\/u><\/b>, ainsi que\u00a0<b>le\u00a0<u>Rituel Sacr\u00e9 \u00e0 utiliser<\/u><\/b>, vous avez le pouvoir de changer ou transmuter toute \u00e9nergie sombre et fr\u00e9quence n\u00e9gative encapsul\u00e9e dans vos cellules physiques et \u00e9th\u00e9riques, ainsi que leurs origines depuis le d\u00e9but de vos incarnations.<\/p>\n<p class=\"x_MsoNormal\">Bien plus puissante que la flamme violette, elle am\u00e8ne en plus une activation tr\u00e8s subtile des chakras sup\u00e9rieurs.<\/p>\n<p class=\"x_MsoNormal\">Ce puissant rituel, autrefois r\u00e9serv\u00e9 aux enseignants, est simple \u00e0 mettre en place,\u00a0et tr\u00e8s bien expliqu\u00e9, son efficacit\u00e9 est grandement\u00a0reconnue.<\/p>\n<p class=\"x_MsoNormal\">Cette initiation \u00e0 la\u00a0<b><u>Flamme Violet Argent<\/u><\/b>\u00a0et le rituel sacr\u00e9 d\u00e9crit dans ce pr\u00e9cieux manuel permettent d&#8217;intensifier la pratique spirituelle et tous les soins Reiki, \u00a0Lahochi, ess\u00e9niens, chamaniques, sonores, d\u2019access bars, de reconnexion ou en magn\u00e9tisme.<\/p>\n<p class=\"x_MsoNormal\">Une fois command\u00e9, vous recevrez quelques minutes apr\u00e8s, par mail, le manuel \u00e0 enregistrer dans vos dossiers et \u00e0 conserver \u00e0 vie.<\/p>\n<div>\n<div class=\"x_gmail_signature\" dir=\"ltr\" data-smartmail=\"gmail_signature\">\n<div dir=\"ltr\">\n<div dir=\"ltr\">\n<div dir=\"ltr\">\n<div dir=\"ltr\">\n<div dir=\"ltr\">\n<div dir=\"ltr\">\n<div dir=\"ltr\">\n<div dir=\"ltr\">\n<div dir=\"ltr\">\n<div dir=\"ltr\">\n<div dir=\"ltr\">\n<div dir=\"ltr\">\n<div dir=\"ltr\">\n<div dir=\"ltr\">\n<div dir=\"ltr\">\n<div dir=\"ltr\">\n<div dir=\"ltr\">\n<div dir=\"ltr\">\n<div dir=\"ltr\">\n<div dir=\"ltr\">\n<div dir=\"ltr\">\n<div dir=\"ltr\">\n<div dir=\"ltr\">\n<div dir=\"ltr\">\n<div dir=\"ltr\">\n<div dir=\"ltr\">\n<div dir=\"ltr\">\n<div dir=\"ltr\">\n<div dir=\"ltr\">\n<div dir=\"ltr\">\n<div dir=\"ltr\">\n<div dir=\"ltr\">\n<div dir=\"ltr\">\n<div dir=\"ltr\">\n<div dir=\"ltr\">\n<div dir=\"ltr\">\n<div dir=\"ltr\">\n<div dir=\"ltr\">\n<div dir=\"ltr\">\n<div dir=\"ltr\">\n<div dir=\"ltr\">\n<div dir=\"ltr\">\n<div dir=\"ltr\">\n<div dir=\"ltr\">\n<div dir=\"ltr\">\n<div dir=\"ltr\">\n<div dir=\"ltr\">\n<div dir=\"ltr\">\n<div dir=\"ltr\">\n<div dir=\"ltr\">\n<div dir=\"ltr\">\n<div dir=\"ltr\">\n<div dir=\"ltr\">\n<div dir=\"ltr\">\n<div dir=\"ltr\">\n<div dir=\"ltr\">\n<div dir=\"ltr\">\n<div dir=\"ltr\">\n<div dir=\"ltr\">\n<div dir=\"ltr\">\n<div dir=\"ltr\">\n<div dir=\"ltr\">\n<div dir=\"ltr\">\n<div dir=\"ltr\">\n<div dir=\"ltr\">\n<div dir=\"ltr\">\n<div dir=\"ltr\">\n<div dir=\"ltr\">\n<div dir=\"ltr\">\n<div dir=\"ltr\">\n<div dir=\"ltr\">\n<div dir=\"ltr\">\n<div dir=\"ltr\">\n<div dir=\"ltr\">\n<div dir=\"ltr\">\n<div dir=\"ltr\">\n<div dir=\"ltr\">\n<div dir=\"ltr\">\n<div dir=\"ltr\">\n<div dir=\"ltr\">\n<div dir=\"ltr\">\n<div dir=\"ltr\">\n<div dir=\"ltr\">\n<div dir=\"ltr\">\n<div dir=\"ltr\">\n<div dir=\"ltr\">\n<div dir=\"ltr\">\n<div dir=\"ltr\">\n<div dir=\"ltr\">\n<div dir=\"ltr\">\n<div dir=\"ltr\">\n<div dir=\"ltr\">\n<div dir=\"ltr\">\n<div dir=\"ltr\">\n<div dir=\"ltr\">\n<div dir=\"ltr\">\n<div dir=\"ltr\">\n<div dir=\"ltr\">\n<div dir=\"ltr\">\n<div dir=\"ltr\">\n<div dir=\"ltr\">\n<div dir=\"ltr\">\n<div dir=\"ltr\">\n<div dir=\"ltr\">\n<div dir=\"ltr\">\n<div dir=\"ltr\">\n<div dir=\"ltr\">\n<div dir=\"ltr\">\n<div dir=\"ltr\">\n<div dir=\"ltr\">\n<div dir=\"ltr\">\n<div dir=\"ltr\">\n<div dir=\"ltr\">\n<div dir=\"ltr\">\n<div dir=\"ltr\">\n<div dir=\"ltr\">\n<div dir=\"ltr\">\n<div dir=\"ltr\">\n<div dir=\"ltr\">\n<div dir=\"ltr\">\n<div dir=\"ltr\">\n<div dir=\"ltr\">\n<div dir=\"ltr\">\n<div dir=\"ltr\">\n<div dir=\"ltr\">\n<div dir=\"ltr\">\n<div dir=\"ltr\">\n<div dir=\"ltr\">\n<div dir=\"ltr\">\n<div dir=\"ltr\">\n<div dir=\"ltr\">\n<div dir=\"ltr\">\n<div dir=\"ltr\">\n<div dir=\"ltr\">\n<div dir=\"ltr\">\n<div dir=\"ltr\">\n<div dir=\"ltr\">\n<div dir=\"ltr\">\n<div dir=\"ltr\">\n<div dir=\"ltr\">\n<div dir=\"ltr\">\n<div dir=\"ltr\">\n<div dir=\"ltr\">\n<div dir=\"ltr\">\n<div dir=\"ltr\">\n<div dir=\"ltr\">\n<div dir=\"ltr\">\n<div dir=\"ltr\">\n<div dir=\"ltr\">\n<div dir=\"ltr\">\n<div dir=\"ltr\">\n<div dir=\"ltr\">\n<div dir=\"ltr\">\n<div dir=\"ltr\">\n<div dir=\"ltr\">\n<div dir=\"ltr\">\n<div><\/div>\n<div>\n<p align=\"center\">Manuel d&#8217;Initiation \u00e0 L&#8217;\u00c9nergie Violet Argent<\/p>\n<p align=\"center\">+ Rituel Sacr\u00e9 \u00e0 effectuer<\/p>\n<p class=\"x_gmail-x_MsoNormal\" align=\"center\"><b>Tarif : 39<\/b>\u20ac<b>\u00a0<\/b><\/p>\n<\/div>\n<\/div>\n<\/div>\n<\/div>\n<\/div>\n<\/div>\n<\/div>\n<\/div>\n<\/div>\n<\/div>\n<\/div>\n<\/div>\n<\/div>\n<\/div>\n<\/div>\n<\/div>\n<\/div>\n<\/div>\n<\/div>\n<\/div>\n<\/div>\n<\/div>\n<\/div>\n<\/div>\n<\/div>\n<\/div>\n<\/div>\n<\/div>\n<\/div>\n<\/div>\n<\/div>\n<\/div>\n<\/div>\n<\/div>\n<\/div>\n<\/div>\n<\/div>\n<\/div>\n<\/div>\n<\/div>\n<\/div>\n<\/div>\n<\/div>\n<\/div>\n<\/div>\n<\/div>\n<\/div>\n<\/div>\n<\/div>\n<\/div>\n<\/div>\n<\/div>\n<\/div>\n<\/div>\n<\/div>\n<\/div>\n<\/div>\n<\/div>\n<\/div>\n<\/div>\n<\/div>\n<\/div>\n<\/div>\n<\/div>\n<\/div>\n<\/div>\n<\/div>\n<\/div>\n<\/div>\n<\/div>\n<\/div>\n<\/div>\n<\/div>\n<\/div>\n<\/div>\n<\/div>\n<\/div>\n<\/div>\n<\/div>\n<\/div>\n<\/div>\n<\/div>\n<\/div>\n<\/div>\n<\/div>\n<\/div>\n<\/div>\n<\/div>\n<\/div>\n<\/div>\n<\/div>\n<\/div>\n<\/div>\n<\/div>\n<\/div>\n<\/div>\n<\/div>\n<\/div>\n<\/div>\n<\/div>\n<\/div>\n<\/div>\n<\/div>\n<\/div>\n<\/div>\n<\/div>\n<\/div>\n<\/div>\n<\/div>\n<\/div>\n<\/div>\n<\/div>\n<\/div>\n<\/div>\n<\/div>\n<\/div>\n<\/div>\n<\/div>\n<\/div>\n<\/div>\n<\/div>\n<\/div>\n<\/div>\n<\/div>\n<\/div>\n<\/div>\n<\/div>\n<\/div>\n<\/div>\n<\/div>\n<\/div>\n<\/div>\n<\/div>\n<\/div>\n<\/div>\n<\/div>\n<\/div>\n<\/div>\n<\/div>\n<\/div>\n<\/div>\n<\/div>\n<\/div>\n<\/div>\n<\/div>\n<\/div>\n<\/div>\n<\/div>\n<\/div>\n<\/div>\n<\/div>\n<\/div>\n<\/div>\n<\/div>\n<\/div>\n<\/div>\n<\/div>\n<\/div>\n<\/div>\n","protected":false},"excerpt":{"rendered":"<p>Pourquoi acqu\u00e9rir le Manuel de la Double Flamme Violet Argent et le rituel sacr\u00e9 associ\u00e9 ? La Flamme Violet Argent a \u00e9t\u00e9 r\u00e9introduite par le Ma\u00eetre Ascensionn\u00e9 Saint-Germain, qui est le ma\u00eetre du 7\u00e8me rayon de Dieu, la conscience de l&#8217;univers. Elle est un compl\u00e9ment ESSENTIEL \u00e0 la Flamme Violette dans l&#8217;\u00e8re du Verseau. Elle [&hellip;]<\/p>\n","protected":false},"featured_media":12541,"template":"","meta":[],"product_cat":[16],"product_tag":[],"_links":{"self":[{"href":"https:\/\/crea.enseignementdemichael.fr\/index.php\/wp-json\/wp\/v3\/product\/12543"}],"collection":[{"href":"https:\/\/crea.enseignementdemichael.fr\/index.php\/wp-json\/wp\/v3\/product"}],"about":[{"href":"https:\/\/crea.enseignementdemichael.fr\/index.php\/wp-json\/wp\/v2\/types\/product"}],"wp:featuredmedia":[{"embeddable":true,"href":"https:\/\/crea.enseignementdemichael.fr\/index.php\/wp-json\/wp\/v2\/media\/12541"}],"wp:attachment":[{"href":"https:\/\/crea.enseignementdemichael.fr\/index.php\/wp-json\/wp\/v2\/media?parent=12543"}],"wp:term":[{"taxonomy":"product_cat","embeddable":true,"href":"https:\/\/crea.enseignementdemichael.fr\/index.php\/wp-json\/wp\/v2\/product_cat?post=12543"},{"taxonomy":"product_tag","embeddable":true,"href":"https:\/\/crea.enseignementdemichael.fr\/index.php\/wp-json\/wp\/v2\/product_tag?post=12543"}],"curies":[{"name":"wp","href":"https:\/\/api.w.org\/{rel}","templated":true}]}}