{"id":13624,"date":"2022-12-08T08:37:07","date_gmt":"2022-12-08T07:37:07","guid":{"rendered":"https:\/\/www.enseignementdemichael.fr\/?post_type=product&#038;p=13624"},"modified":"2024-01-08T14:45:32","modified_gmt":"2024-01-08T13:45:32","slug":"soin-archangelique-de-pure-lumiere","status":"publish","type":"product","link":"https:\/\/crea.enseignementdemichael.fr\/index.php\/produit\/soin-archangelique-de-pure-lumiere\/","title":{"rendered":"SOIN ARCHANG\u00c9LIQUE DE PURE LUMI\u00c8RE"},"content":{"rendered":"<p class=\"x_gmail-xmsonormal\">Les archanges sont d&#8217;excellents alli\u00e9s et ils nous encouragent \u00e0 faire appel \u00e0 eux.<\/p>\n<p class=\"x_gmail-xmsonormal\">Les anges qui les accompagnent sont l\u00e0 pour vous accompagner aussi positivement.<\/p>\n<p class=\"x_gmail-xmsonormal\">Ils sont vraiment tr\u00e8s nombreux\u00a0! Profitez de leur proximit\u00e9.<\/p>\n<p class=\"x_gmail-xmsonormal\">Vous ne d\u00e9rangez pas les archanges lorsque vous demandez leur aide!<\/p>\n<p class=\"x_gmail-xmsonormal\">Ils sont l\u00e0 pour nous soutenir concr\u00e8tement mais ils doivent \u00eatre invit\u00e9s pour pouvoir le faire.<\/p>\n<p class=\"x_gmail-xmsonormal\">Ils sont toujours pr\u00e9sents pour nous \u00e9pauler vraiment et donner des messages, mais ce n&#8217;est que lorsque nous leur demandons leur aide qu&#8217;ils sont autoris\u00e9s \u00e0 intervenir dans notre vie.<\/p>\n<p class=\"x_gmail-xmsonormal\">C&#8217;est un proc\u00e9d\u00e9 quantique majestueux, d\u2019ordre g\u00e9n\u00e9ral, qui conviendra pour toutes les demandes de mieux-\u00eatre physique, professionnel, familial ou financier, autant que d\u2019am\u00e9lioration psycho-\u00e9nerg\u00e9tique.<\/p>\n<p class=\"x_gmail-xmsonormal\">Que vous soyez assis ou allong\u00e9, \u00e9veill\u00e9 ou endormi, les \u00e9nergies archang\u00e9liques feront puissamment en vous et autour de vous leur travail de lumi\u00e8re.<\/p>\n<p class=\"x_gmail-xgmail-xmsonormal\"><i><span style=\"color: #990000;\">Les 100 premiers inscrits<\/span><\/i><span style=\"color: #444444;\">\u00a0auront\u00a0<\/span><u>le privil\u00e8ge<\/u><span style=\"color: #444444;\">\u00a0de recevoir en cadeau un Message Priv\u00e9 destin\u00e9 aux plus assidus, pour effacer bon nombre de croyances limitantes qui freinent votre avanc\u00e9e et votre r\u00e9ussite.<\/span><\/p>\n<p class=\"x_gmail-xgmail-xmsonormal\">Pr\u00e9parez-vous \u00e0 26 minutes d\u2019intenses \u00e9nergies, vous pouvez effectuer cette s\u00e9ance archang\u00e9lique de pure illumination pendant 7 jours id\u00e9alement, pour une impr\u00e9gnation maximale de codes divins.<\/p>\n<p class=\"x_gmail-xgmail-xmsonormal\">Pensez \u00e0 bien vous hydrater avant et apr\u00e8s\u00a0!<\/p>\n<p>&nbsp;<\/p>\n<p align=\"center\">Tarif : 110\u20ac<\/p>\n","protected":false},"excerpt":{"rendered":"<p>Les archanges sont d&#8217;excellents alli\u00e9s et ils nous encouragent \u00e0 faire appel \u00e0 eux. Les anges qui les accompagnent sont l\u00e0 pour vous accompagner aussi positivement. Ils sont vraiment tr\u00e8s nombreux\u00a0! Profitez de leur proximit\u00e9. Vous ne d\u00e9rangez pas les archanges lorsque vous demandez leur aide! Ils sont l\u00e0 pour nous soutenir concr\u00e8tement mais ils [&hellip;]<\/p>\n","protected":false},"featured_media":13622,"template":"","meta":[],"product_cat":[16],"product_tag":[],"_links":{"self":[{"href":"https:\/\/crea.enseignementdemichael.fr\/index.php\/wp-json\/wp\/v3\/product\/13624"}],"collection":[{"href":"https:\/\/crea.enseignementdemichael.fr\/index.php\/wp-json\/wp\/v3\/product"}],"about":[{"href":"https:\/\/crea.enseignementdemichael.fr\/index.php\/wp-json\/wp\/v2\/types\/product"}],"wp:featuredmedia":[{"embeddable":true,"href":"https:\/\/crea.enseignementdemichael.fr\/index.php\/wp-json\/wp\/v2\/media\/13622"}],"wp:attachment":[{"href":"https:\/\/crea.enseignementdemichael.fr\/index.php\/wp-json\/wp\/v2\/media?parent=13624"}],"wp:term":[{"taxonomy":"product_cat","embeddable":true,"href":"https:\/\/crea.enseignementdemichael.fr\/index.php\/wp-json\/wp\/v2\/product_cat?post=13624"},{"taxonomy":"product_tag","embeddable":true,"href":"https:\/\/crea.enseignementdemichael.fr\/index.php\/wp-json\/wp\/v2\/product_tag?post=13624"}],"curies":[{"name":"wp","href":"https:\/\/api.w.org\/{rel}","templated":true}]}}