{"id":13857,"date":"2022-12-20T09:01:44","date_gmt":"2022-12-20T08:01:44","guid":{"rendered":"https:\/\/www.enseignementdemichael.fr\/?post_type=product&#038;p=13857"},"modified":"2024-01-08T14:44:28","modified_gmt":"2024-01-08T13:44:28","slug":"soin-quantique-de-magnificence","status":"publish","type":"product","link":"https:\/\/crea.enseignementdemichael.fr\/index.php\/produit\/soin-quantique-de-magnificence\/","title":{"rendered":"Soin Quantique De Magnificence"},"content":{"rendered":"<div><span style=\"color: #000000; font-family: georgia, serif;\">Soin Quantique de Magnificence afin de cr\u00e9er votre espace vibratoire magnifi\u00e9.<\/span><\/div>\n<div><span style=\"color: #000000; font-family: georgia, serif;\">\u00a0<\/span><\/div>\n<div><span style=\"color: #000000; font-family: georgia, serif;\">Alignez-vous sur le niveau le plus \u00e9lev\u00e9 de votre \u00e2me, ouvrons ensemble pour vous un vortex de magnificence, une arche de gloire.<\/span><\/div>\n<div><span style=\"color: #000000; font-family: georgia, serif;\">\u00a0<\/span><\/div>\n<div><span style=\"color: #000000; font-family: georgia, serif;\">Entrez dans ce passage \u00e9nerg\u00e9tique divinis\u00e9. C&#8217;est essentiel pour votre prochaine phase d&#8217;ascension qui est la r\u00e9ception en continue des codes de lumi\u00e8re du nouveau mod\u00e8le.<\/span><\/div>\n<div><span style=\"color: #000000; font-family: georgia, serif;\">\u00a0<\/span><\/div>\n<div><span style=\"color: #000000; font-family: georgia, serif;\">Si vous lisez ceci, c&#8217;est que vous entrez dans votre cycle d&#8217;ach\u00e8vement pour que la phase suivante, magnifiquement brillante, devienne visible \u00e0 vos yeux.<\/span><\/div>\n<div><span style=\"color: #000000; font-family: georgia, serif;\">\u00a0<\/span><\/div>\n<div><span style=\"color: #000000; font-family: georgia, serif;\">Entrez en majest\u00e9!<\/span><\/div>\n<div><span style=\"color: #000000; font-family: georgia, serif;\">\u00a0<\/span><\/div>\n<div style=\"text-align: center;\"><span style=\"color: #000000; font-family: georgia, serif;\">Tarif : 110\u20ac\u00a0<\/span><\/div>\n<div style=\"text-align: center;\"><span style=\"color: #000000; font-family: georgia, serif;\">\u00a0<\/span><\/div>\n<div style=\"text-align: center;\"><\/div>\n","protected":false},"excerpt":{"rendered":"<p>Soin Quantique de Magnificence afin de cr\u00e9er votre espace vibratoire magnifi\u00e9. \u00a0 Alignez-vous sur le niveau le plus \u00e9lev\u00e9 de votre \u00e2me, ouvrons ensemble pour vous un vortex de magnificence, une arche de gloire. \u00a0 Entrez dans ce passage \u00e9nerg\u00e9tique divinis\u00e9. C&#8217;est essentiel pour votre prochaine phase d&#8217;ascension qui est la r\u00e9ception en continue des [&hellip;]<\/p>\n","protected":false},"featured_media":14706,"template":"","meta":[],"product_cat":[16],"product_tag":[],"_links":{"self":[{"href":"https:\/\/crea.enseignementdemichael.fr\/index.php\/wp-json\/wp\/v3\/product\/13857"}],"collection":[{"href":"https:\/\/crea.enseignementdemichael.fr\/index.php\/wp-json\/wp\/v3\/product"}],"about":[{"href":"https:\/\/crea.enseignementdemichael.fr\/index.php\/wp-json\/wp\/v2\/types\/product"}],"wp:featuredmedia":[{"embeddable":true,"href":"https:\/\/crea.enseignementdemichael.fr\/index.php\/wp-json\/wp\/v2\/media\/14706"}],"wp:attachment":[{"href":"https:\/\/crea.enseignementdemichael.fr\/index.php\/wp-json\/wp\/v2\/media?parent=13857"}],"wp:term":[{"taxonomy":"product_cat","embeddable":true,"href":"https:\/\/crea.enseignementdemichael.fr\/index.php\/wp-json\/wp\/v2\/product_cat?post=13857"},{"taxonomy":"product_tag","embeddable":true,"href":"https:\/\/crea.enseignementdemichael.fr\/index.php\/wp-json\/wp\/v2\/product_tag?post=13857"}],"curies":[{"name":"wp","href":"https:\/\/api.w.org\/{rel}","templated":true}]}}