{"id":1698,"date":"2020-01-31T10:09:19","date_gmt":"2020-01-31T09:09:19","guid":{"rendered":"https:\/\/www.enseignementdemichael.fr\/?post_type=product&#038;p=1698"},"modified":"2024-01-08T14:57:31","modified_gmt":"2024-01-08T13:57:31","slug":"la-magie-christique","status":"publish","type":"product","link":"https:\/\/crea.enseignementdemichael.fr\/index.php\/produit\/la-magie-christique\/","title":{"rendered":"LA MAGIE CHRISTIQUE"},"content":{"rendered":"<div><span style=\"font-family: georgia, serif;\">Activez la pleine conscience de votre raison d&#8217;\u00eatre. Avec La Magie Christique qui est accessible \u00e0 tous.<\/span><\/div>\n<div>\n<p class=\"x_MsoNormal\"><span style=\"font-family: georgia, serif;\">La magie est l\u2019art de rendre visible ce qui est invisible, mat\u00e9riel, ce qui est immat\u00e9riel, r\u00e9el, ce qui est irr\u00e9el, gr\u00e2ce aux loisuniverselles et aux forces de la cr\u00e9ation.<\/span><\/p>\n<p class=\"x_MsoNormal\"><span style=\"font-family: georgia, serif;\">La Magie du Christ est l\u2019art d\u2019utiliser le pouvoir divin, la force divine, la Parole haute, et la mani\u00e8re d\u2019invoquer le Nom du Christ pour accomplir les miracles.<br \/>\n<\/span><\/p>\n<p><span style=\"font-family: georgia, serif;\">La Magie accomplit des miracles, ces r\u00e9alit\u00e9s et \u00e9v\u00e9nements que la logique et l\u2019esprit des hommes ne peuvent expliquer.<\/span><\/p>\n<p>La Magie est en dehors des lois terrestres et des principes connus par l&#8217;humain.<\/p>\n<\/div>\n<div><span style=\"font-family: georgia, serif;\">\u00a0<\/span><\/div>\n<div><span style=\"font-family: georgia, serif;\">Ce puisssant soin quantique en magie christique est hors du commun par sa puissance, sa simplicit\u00e9 et son efficacit\u00e9.<\/span><\/div>\n<div><span style=\"font-family: georgia, serif;\">\u00a0<\/span><\/div>\n<div><span style=\"font-family: georgia, serif;\">En m\u00eame temps que le lien de t\u00e9l\u00e9chargement, vous recevrez dans le m\u00eame mail le texte des phrases de Magie Christique utilis\u00e9es, que vous pourrez r\u00e9p\u00e9ter avec moi et\/ou apr\u00e8s moi, vous pourrez les garder aussi sur vous.<\/span><\/div>\n<div><span style=\"font-family: georgia, serif;\">\u00a0<\/span><\/div>\n<div><span style=\"font-family: georgia, serif;\">Ce soin quantique en magie christique est \u00e0 effectuer au moins pendant 7 jours, pour chacun de vos corps, et id\u00e9alement pendant 21 jours si vous le pouvez.<\/span><\/div>\n<div><span style=\"font-family: georgia, serif;\">\u00a0<\/span><\/div>\n<div>\n<p class=\"x_MsoNormal\"><span style=\"font-family: georgia, serif;\">Exp\u00e9rimentez la Magie Christique dans tous les domaines de la vie quotidienne : familial, professionnel, social, mat\u00e9riel, financier, affectif, amoureux \u2026<\/span><\/p>\n<p class=\"x_MsoNormal\"><span style=\"font-family: georgia, serif;\">Utilisez la Magie du Christ pour r\u00e9soudre les probl\u00e8mes existentiels et les difficult\u00e9s de la vie. Faites vos demandes, effectuez le soin quantique en magie christique puis agissez en conformit\u00e9 avec vos d\u00e9sirs.<\/span><\/p>\n<p>Je vous en souhaite de merveilleux bienfaits.<\/p>\n<\/div>\n","protected":false},"excerpt":{"rendered":"<p>Activez la pleine conscience de votre raison d&#8217;\u00eatre. Avec La Magie Christique qui est accessible \u00e0 tous. La magie est l\u2019art de rendre visible ce qui est invisible, mat\u00e9riel, ce qui est immat\u00e9riel, r\u00e9el, ce qui est irr\u00e9el, gr\u00e2ce aux loisuniverselles et aux forces de la cr\u00e9ation. La Magie du Christ est l\u2019art d\u2019utiliser le [&hellip;]<\/p>\n","protected":false},"featured_media":1709,"template":"","meta":[],"product_cat":[16],"product_tag":[],"_links":{"self":[{"href":"https:\/\/crea.enseignementdemichael.fr\/index.php\/wp-json\/wp\/v3\/product\/1698"}],"collection":[{"href":"https:\/\/crea.enseignementdemichael.fr\/index.php\/wp-json\/wp\/v3\/product"}],"about":[{"href":"https:\/\/crea.enseignementdemichael.fr\/index.php\/wp-json\/wp\/v2\/types\/product"}],"wp:featuredmedia":[{"embeddable":true,"href":"https:\/\/crea.enseignementdemichael.fr\/index.php\/wp-json\/wp\/v2\/media\/1709"}],"wp:attachment":[{"href":"https:\/\/crea.enseignementdemichael.fr\/index.php\/wp-json\/wp\/v2\/media?parent=1698"}],"wp:term":[{"taxonomy":"product_cat","embeddable":true,"href":"https:\/\/crea.enseignementdemichael.fr\/index.php\/wp-json\/wp\/v2\/product_cat?post=1698"},{"taxonomy":"product_tag","embeddable":true,"href":"https:\/\/crea.enseignementdemichael.fr\/index.php\/wp-json\/wp\/v2\/product_tag?post=1698"}],"curies":[{"name":"wp","href":"https:\/\/api.w.org\/{rel}","templated":true}]}}