{"id":17169,"date":"2023-07-04T08:19:51","date_gmt":"2023-07-04T06:19:51","guid":{"rendered":"https:\/\/www.enseignementdemichael.fr\/?post_type=product&#038;p=17169"},"modified":"2023-10-25T14:08:52","modified_gmt":"2023-10-25T12:08:52","slug":"enseignement-xv-integration-des-differentes-dimensions","status":"publish","type":"product","link":"https:\/\/crea.enseignementdemichael.fr\/index.php\/produit\/enseignement-xv-integration-des-differentes-dimensions\/","title":{"rendered":"ENSEIGNEMENT XV INT\u00c9GRATION DES DIFF\u00c9RENTES DIMENSIONS"},"content":{"rendered":"<p class=\"x_MsoNormal\">Quand vous voulez apporter un changement significatif dans votre vie, pensez en termes de changement de dimension.<\/p>\n<p class=\"x_MsoNormal\">Votre attention est concentr\u00e9e sur votre r\u00e9alit\u00e9 actuelle en ce moment, et on peut dire que votre situation d\u00e9sir\u00e9e existe comme une r\u00e9alit\u00e9 alternative en dehors de votre objectif principal.<\/p>\n<p class=\"x_MsoNormal\">Dans cette autre r\u00e9alit\u00e9, il y a un autre vous qui est d\u00e9j\u00e0 l\u00e0 o\u00f9 je veux \u00eatre. Votre objectif est alors de devenir cet autre moi et de basculer dans sa r\u00e9alit\u00e9.<\/p>\n<p class=\"x_MsoNormal\">L\u2019enseignement n\u00b0XV (15) de la hi\u00e9rarchie archang\u00e9lique de Michael peut vous initier \u00e0 cela.<\/p>\n<p class=\"x_MsoNormal\">C\u2019est un proc\u00e9d\u00e9 quantique audio de 1H10 \u00e0 \u00e9couter avec attention, une premi\u00e8re fois en \u00e9tant assis.e et en pouvant prendre de quoi noter, et les autres fois, afin d\u2019int\u00e9grer ses fr\u00e9quences tr\u00e8s \u00e9lev\u00e9es, vous pourrez l\u2019effectuer au repos, en \u00e9tant allong\u00e9.e.<\/p>\n<p class=\"x_MsoNormal\">Laissez-vous guider \u00e0 travers ce savoir sp\u00e9cifique venu des hautes sph\u00e8res, le plan archang\u00e9lique nous enseigne de fa\u00e7on claire, avec beaucoup d\u2019amour, cet enseignement sacr\u00e9 est \u00e0 la port\u00e9e de tous.<\/p>\n<p class=\"x_MsoNormal\">Vous aurez au choix la possibilit\u00e9\u00a0de l&#8217;\u00e9couter :<\/p>\n<p class=\"x_MsoNormal\">-avec musique 432 Hz-\u00a0<span style=\"color: #999999; font-size: xx-small;\">La fr\u00e9quence 432 Hz stimule les cellules pour augmenter notre conscience spirituelle. Son \u00e9coute \u00e0 des effets profonds sur la conscience et le niveau vibratoire.\u00a0\u00a0<\/span><\/p>\n<p class=\"x_MsoNormal\">-ou sans musique.<\/p>\n<p class=\"x_MsoNormal\"><b>En bonus<\/b>\u00a0pour les 100 premiers uniquement, vous aurez un livret explicatif pour identifier les 4\u00e8me, 5\u00e8me, 6\u00e8me dimension &amp; 7\u00e8me dimension, au format Pdf, \u00e0 t\u00e9l\u00e9charger pour votre plus grand bonheur (valeur 47\u20ac).<\/p>\n<p class=\"x_MsoNormal\">-paiement en 3 fois possible<\/p>\n<p class=\"x_MsoNormal\" style=\"text-align: center;\"><strong>Oui, je le veux ! 125\u20ac<\/strong><\/p>\n","protected":false},"excerpt":{"rendered":"<p>Quand vous voulez apporter un changement significatif dans votre vie, pensez en termes de changement de dimension. Votre attention est concentr\u00e9e sur votre r\u00e9alit\u00e9 actuelle en ce moment, et on peut dire que votre situation d\u00e9sir\u00e9e existe comme une r\u00e9alit\u00e9 alternative en dehors de votre objectif principal. Dans cette autre r\u00e9alit\u00e9, il y a un [&hellip;]<\/p>\n","protected":false},"featured_media":1709,"template":"","meta":[],"product_cat":[16],"product_tag":[],"_links":{"self":[{"href":"https:\/\/crea.enseignementdemichael.fr\/index.php\/wp-json\/wp\/v3\/product\/17169"}],"collection":[{"href":"https:\/\/crea.enseignementdemichael.fr\/index.php\/wp-json\/wp\/v3\/product"}],"about":[{"href":"https:\/\/crea.enseignementdemichael.fr\/index.php\/wp-json\/wp\/v2\/types\/product"}],"wp:featuredmedia":[{"embeddable":true,"href":"https:\/\/crea.enseignementdemichael.fr\/index.php\/wp-json\/wp\/v2\/media\/1709"}],"wp:attachment":[{"href":"https:\/\/crea.enseignementdemichael.fr\/index.php\/wp-json\/wp\/v2\/media?parent=17169"}],"wp:term":[{"taxonomy":"product_cat","embeddable":true,"href":"https:\/\/crea.enseignementdemichael.fr\/index.php\/wp-json\/wp\/v2\/product_cat?post=17169"},{"taxonomy":"product_tag","embeddable":true,"href":"https:\/\/crea.enseignementdemichael.fr\/index.php\/wp-json\/wp\/v2\/product_tag?post=17169"}],"curies":[{"name":"wp","href":"https:\/\/api.w.org\/{rel}","templated":true}]}}