{"id":18211,"date":"2023-09-28T08:36:21","date_gmt":"2023-09-28T06:36:21","guid":{"rendered":"https:\/\/www.enseignementdemichael.fr\/?post_type=product&#038;p=18211"},"modified":"2023-10-11T08:55:55","modified_gmt":"2023-10-11T06:55:55","slug":"debloquer-ses-capacites-psychiques-et-facultes-spirituelles","status":"publish","type":"product","link":"https:\/\/crea.enseignementdemichael.fr\/index.php\/produit\/debloquer-ses-capacites-psychiques-et-facultes-spirituelles\/","title":{"rendered":"D\u00c9BLOQUER SES CAPACIT\u00c9S PSYCHIQUES ET FACULT\u00c9S SPIRITUELLES"},"content":{"rendered":"<div>Est-il possible de communiquer avec le plan divin ? Comment cela se fait-il\u00a0?<\/div>\n<p class=\"x_MsoNormal\">Le voile qui s\u00e9pare ce monde du prochain se l\u00e8ve. D\u00e9couvrez une m\u00e9thode fluide d\u2019ouverture \u00e0 la communication spirituelle en d\u00e9bloquant vos dons psychiques.<\/p>\n<p class=\"x_MsoNormal\">Avec l\u2019aide du monde des esprits, fascinant, tout peut \u00eatre r\u00e9solu.<\/p>\n<p class=\"x_MsoNormal\">\u00a0L&#8217;au-del\u00e0 nous enseigne et nous encourage \u00e0 ouvrir r\u00e9guli\u00e8rement notre canal de communication extra sensorielle avec eux.<\/p>\n<p class=\"x_MsoNormal\">C\u2019est le but de cette s\u00e9ance audio innovante \u00e0 effectuer au moins 7 jours cons\u00e9cutifs.<\/p>\n<p class=\"x_MsoNormal\">Chaque \u00e2me incarn\u00e9e doit conna\u00eetre le temps de sa communion, de son exp\u00e9rience et de sa relation dans la fra\u00eecheur de sa journ\u00e9e avec Dieu, s&#8217;il veut comprendre Sa voix.<\/p>\n<p class=\"x_MsoNormal\">Ce nouveau proc\u00e9d\u00e9 quantique revigore l\u2019esprit, et rafra\u00eechit vos connexions \u00e9th\u00e9riques, entrez dans un lieu de qui\u00e9tude favorisant immens\u00e9ment le d\u00e9veloppement de vos capacit\u00e9s de communication avec le monde d\u2019en Haut.<\/p>\n<p class=\"x_MsoNormal\">Les 4 archanges majeurs, Saint Michel, Uriel, Rapha\u00ebl et Gabriel vous accompagneront tout au long de la s\u00e9ance de 46 minutes.<\/p>\n<p class=\"x_MsoNormal\">Vous \u00e9l\u00e8verez votre fr\u00e9quence au-dessus de celle du plan terrestre, pour d\u00e9velopper votre communication spirituelle, pour ne plus manquer de directives divines et recevoir enfin clairement diff\u00e9rents messages c\u00e9lestes.<\/p>\n<div dir=\"ltr\"><span style=\"color: #351c75;\"><b>\u00a0<\/b><\/span><\/div>\n<div>\n<p class=\"x_gmail-x_MsoNormal\"><b>Tarif <\/b>:\u00a0 110\u20ac<\/p>\n<p class=\"x_gmail-x_MsoNormal\">A \u00e9couter avec Musique ang\u00e9lique 432 Hz ou sans musique.<\/p>\n<p class=\"x_gmail-x_MsoNormal\">Paiement en 3 fois possible.<\/p>\n<p class=\"x_gmail-x_MsoNormal\">Je vous en souhaite de grandes\u00a0assistances spirituelles et d&#8217;\u00e9minents messages divins.<\/p>\n<p class=\"x_gmail-x_MsoNormal\">Osez d\u00e9ployer votre canal de communication et votre guidance.<\/p>\n<\/div>\n","protected":false},"excerpt":{"rendered":"<p>Est-il possible de communiquer avec le plan divin ? Comment cela se fait-il\u00a0? Le voile qui s\u00e9pare ce monde du prochain se l\u00e8ve. D\u00e9couvrez une m\u00e9thode fluide d\u2019ouverture \u00e0 la communication spirituelle en d\u00e9bloquant vos dons psychiques. Avec l\u2019aide du monde des esprits, fascinant, tout peut \u00eatre r\u00e9solu. \u00a0L&#8217;au-del\u00e0 nous enseigne et nous encourage \u00e0 [&hellip;]<\/p>\n","protected":false},"featured_media":18208,"template":"","meta":[],"product_cat":[16],"product_tag":[],"_links":{"self":[{"href":"https:\/\/crea.enseignementdemichael.fr\/index.php\/wp-json\/wp\/v3\/product\/18211"}],"collection":[{"href":"https:\/\/crea.enseignementdemichael.fr\/index.php\/wp-json\/wp\/v3\/product"}],"about":[{"href":"https:\/\/crea.enseignementdemichael.fr\/index.php\/wp-json\/wp\/v2\/types\/product"}],"wp:featuredmedia":[{"embeddable":true,"href":"https:\/\/crea.enseignementdemichael.fr\/index.php\/wp-json\/wp\/v2\/media\/18208"}],"wp:attachment":[{"href":"https:\/\/crea.enseignementdemichael.fr\/index.php\/wp-json\/wp\/v2\/media?parent=18211"}],"wp:term":[{"taxonomy":"product_cat","embeddable":true,"href":"https:\/\/crea.enseignementdemichael.fr\/index.php\/wp-json\/wp\/v2\/product_cat?post=18211"},{"taxonomy":"product_tag","embeddable":true,"href":"https:\/\/crea.enseignementdemichael.fr\/index.php\/wp-json\/wp\/v2\/product_tag?post=18211"}],"curies":[{"name":"wp","href":"https:\/\/api.w.org\/{rel}","templated":true}]}}