{"id":18524,"date":"2023-10-13T19:59:30","date_gmt":"2023-10-13T17:59:30","guid":{"rendered":"https:\/\/www.enseignementdemichael.fr\/?post_type=product&#038;p=18524"},"modified":"2023-10-25T14:08:10","modified_gmt":"2023-10-25T12:08:10","slug":"enseignement-nxvii-17-la-nouvelle-conscience-cosmique","status":"publish","type":"product","link":"https:\/\/crea.enseignementdemichael.fr\/index.php\/produit\/enseignement-nxvii-17-la-nouvelle-conscience-cosmique\/","title":{"rendered":"ENSEIGNEMENT N\u00b0XVII (17) LA NOUVELLE CONSCIENCE COSMIQUE"},"content":{"rendered":"<p class=\"x_MsoNormal\">Au niveau humain, l&#8217;esprit se laisse distraire dans de nombreuses directions et court ici et l\u00e0, sans avoir de direction particuli\u00e8re dans son mouvement.<\/p>\n<p class=\"x_MsoNormal\">Mais l\u2019appel de l\u2019Infini se fait sentir avec plus de pulsation et d\u2019acuit\u00e9 aujourd&#8217;hui.<\/p>\n<p class=\"x_MsoNormal\">L\u2019appel peut \u00eatre tr\u00e8s aigu, rigoureux, impossible de faire la sourde oreille ; pourtant, nous ne voyons pas ce que c&#8217;est.<\/p>\n<p class=\"x_MsoNormal\">C&#8217;est l&#8217;appel de nouvelle conscience que nous entendons de mani\u00e8re inaudible venant de l&#8217;int\u00e9rieur et de l&#8217;ext\u00e9rieur de nous, et c&#8217;est cet appel qui nous maintient actifs, en mouvement et demandant toujours plus de choses \u00e0 la vie.<\/p>\n<p class=\"x_MsoNormal\"><br aria-hidden=\"true\" \/>Nous avons en nous l\u2019\u00e9l\u00e9ment divin, ainsi que l\u2019\u00e9l\u00e9ment instinctif.<\/p>\n<p class=\"x_MsoNormal\">C&#8217;est l&#8217;\u00e9l\u00e9ment divin qui nous permet d&#8217;esp\u00e9rer, de bouger, d&#8217;\u00eatre actifs et de demander toujours plus de libert\u00e9 et de bonheur.<\/p>\n<p class=\"x_MsoNormal\">Mais c\u2019est l\u2019autre aspect en nous qui nous maintient dans l\u2019obscurit\u00e9, nous emp\u00eachant d\u2019ouvrir les yeux et de voir la lumi\u00e8re du jour.<\/p>\n<p class=\"x_MsoNormal\">Pour transmuter les parts sombres de l&#8217;inconscient et angles morts du pass\u00e9:<\/p>\n<p class=\"x_MsoNormal\">Voici pour vous en exclusivit\u00e9 le Nouvel Enseignement Sacr\u00e9 de l&#8217;Archange\u00a0Micha\u00ebl, afin de comprendre et d&#8217;assimiler la Nouvelle Conscience Cosmique.<\/p>\n<p class=\"x_MsoNormal\">&#8211;<b>Tarif<\/b> :\u00a0 125\u20ac<\/p>\n<p class=\"x_MsoNormal\">-A \u00e9couter avec Musique ang\u00e9lique 432 Hz (augmente la conscience spirituelle)<\/p>\n<p class=\"x_MsoNormal\">-Audio de 44 minutes\u00a0\u00e0 t\u00e9l\u00e9charger en Mp3 dans vos dossiers<\/p>\n<p class=\"x_MsoNormal\">-Paiement en 3 fois possible<\/p>\n<p class=\"x_MsoNormal\">Que la perfection et l&#8217;omniscience de la nouvelle conscience cosmique se manifestent \u00e0 travers vos pens\u00e9es, vos paroles et vos actions.<\/p>\n<p class=\"x_MsoNormal\">Je vous en souhaite la conscientisation et l&#8217;expression parfaite de votre nature divine.<\/p>\n","protected":false},"excerpt":{"rendered":"<p>Au niveau humain, l&#8217;esprit se laisse distraire dans de nombreuses directions et court ici et l\u00e0, sans avoir de direction particuli\u00e8re dans son mouvement. Mais l\u2019appel de l\u2019Infini se fait sentir avec plus de pulsation et d\u2019acuit\u00e9 aujourd&#8217;hui. L\u2019appel peut \u00eatre tr\u00e8s aigu, rigoureux, impossible de faire la sourde oreille ; pourtant, nous ne voyons [&hellip;]<\/p>\n","protected":false},"featured_media":18522,"template":"","meta":[],"product_cat":[16],"product_tag":[],"_links":{"self":[{"href":"https:\/\/crea.enseignementdemichael.fr\/index.php\/wp-json\/wp\/v3\/product\/18524"}],"collection":[{"href":"https:\/\/crea.enseignementdemichael.fr\/index.php\/wp-json\/wp\/v3\/product"}],"about":[{"href":"https:\/\/crea.enseignementdemichael.fr\/index.php\/wp-json\/wp\/v2\/types\/product"}],"wp:featuredmedia":[{"embeddable":true,"href":"https:\/\/crea.enseignementdemichael.fr\/index.php\/wp-json\/wp\/v2\/media\/18522"}],"wp:attachment":[{"href":"https:\/\/crea.enseignementdemichael.fr\/index.php\/wp-json\/wp\/v2\/media?parent=18524"}],"wp:term":[{"taxonomy":"product_cat","embeddable":true,"href":"https:\/\/crea.enseignementdemichael.fr\/index.php\/wp-json\/wp\/v2\/product_cat?post=18524"},{"taxonomy":"product_tag","embeddable":true,"href":"https:\/\/crea.enseignementdemichael.fr\/index.php\/wp-json\/wp\/v2\/product_tag?post=18524"}],"curies":[{"name":"wp","href":"https:\/\/api.w.org\/{rel}","templated":true}]}}