{"id":18786,"date":"2023-11-08T14:49:47","date_gmt":"2023-11-08T13:49:47","guid":{"rendered":"https:\/\/www.enseignementdemichael.fr\/?post_type=product&#038;p=18786"},"modified":"2023-11-20T08:19:34","modified_gmt":"2023-11-20T07:19:34","slug":"soin-quantique-par-la-goutte-qui-guerit","status":"publish","type":"product","link":"https:\/\/crea.enseignementdemichael.fr\/index.php\/produit\/soin-quantique-par-la-goutte-qui-guerit\/","title":{"rendered":"SOIN QUANTIQUE PAR LA GOUTTE QUI GU\u00c9RIT"},"content":{"rendered":"<div>Le treizi\u00e8me rayon sacr\u00e9 LE RAYON PLATINE<span style=\"font-size: large;\">\u00a0est gouvern\u00e9 par l&#8217;Archange M\u00e9tatron, l\u2019archange des archanges, le prince du monde.\u00a0<\/span><\/div>\n<div><span style=\"font-size: large;\">\u00a0<\/span><\/div>\n<div><span style=\"font-size: large;\">Grand initiateur du R\u00e9seau sacr\u00e9 d\u2019amour-lumi\u00e8re. Le Rayon Platine est un Rayon de purification, d&#8217;organisation, de rectitude et d&#8217;\u00e9quilibre.\u00a0<\/span><\/div>\n<div><span style=\"font-size: large;\">Soutenir chaque travailleur de lumi\u00e8re sur Terre c\u2019est sa mission\u00a0!<\/span><\/div>\n<p><span style=\"font-size: large;\">Connectez-vous \u00e0 lui quand vous souhaitez organiser un projet une \u0153uvre, un voyage, un enseignement. \u00a0<\/span><\/p>\n<p><span style=\"font-size: large;\">La flamme ou rayon platine est luminescent, il est le rayon de la compl\u00e9tude.\u00a0<\/span><\/p>\n<p><span style=\"font-size: large;\">Ce protocole quantique avec une goutte de lumi\u00e8re platine est un processus durant lequel le service \u00e0 l\u2019humanit\u00e9 s\u2019installe et la lumi\u00e8re commence \u00e0 s\u2019\u00e9couler \u00e0 travers vous.\u00a0<\/span><\/p>\n<p><span style=\"font-size: large;\">Il fortifie la volont\u00e9 de changement positif et durable. au travers du rayon platine, connectez-vous \u00e0 la grille des travailleurs de lumi\u00e8re.\u00a0<\/span><\/p>\n<p><span style=\"font-size: large;\">Il permet de d\u00e9tendre les tensions du corps et de l&#8217;esprit afin que les deux fonctionnent en synergie de fa\u00e7on plus harmonieuse.<\/span><\/p>\n<p><span style=\"font-size: large;\">Il est reli\u00e9 au chakra coronal et \u00e0 l&#8217;\u00c9ther. Il favorise l&#8217;ancrage dans le Grand Soleil Central.<\/span><\/p>\n<div>D\u00e9couvrez sa puissance en t\u00e9l\u00e9chargeant le nouveau protocole quantique au tarif de 125\u20ac.<\/div>\n<div><\/div>\n<div>Pr\u00e9voyez 35 minutes pour l&#8217;\u00e9couter attentivement et l&#8217;effectuer dans un espace agr\u00e9able dans lequel vous ne serez pas perturb\u00e9e.<\/div>\n","protected":false},"excerpt":{"rendered":"<p>Le treizi\u00e8me rayon sacr\u00e9 LE RAYON PLATINE\u00a0est gouvern\u00e9 par l&#8217;Archange M\u00e9tatron, l\u2019archange des archanges, le prince du monde.\u00a0 \u00a0 Grand initiateur du R\u00e9seau sacr\u00e9 d\u2019amour-lumi\u00e8re. Le Rayon Platine est un Rayon de purification, d&#8217;organisation, de rectitude et d&#8217;\u00e9quilibre.\u00a0 Soutenir chaque travailleur de lumi\u00e8re sur Terre c\u2019est sa mission\u00a0! Connectez-vous \u00e0 lui quand vous souhaitez organiser [&hellip;]<\/p>\n","protected":false},"featured_media":18784,"template":"","meta":[],"product_cat":[16],"product_tag":[],"_links":{"self":[{"href":"https:\/\/crea.enseignementdemichael.fr\/index.php\/wp-json\/wp\/v3\/product\/18786"}],"collection":[{"href":"https:\/\/crea.enseignementdemichael.fr\/index.php\/wp-json\/wp\/v3\/product"}],"about":[{"href":"https:\/\/crea.enseignementdemichael.fr\/index.php\/wp-json\/wp\/v2\/types\/product"}],"wp:featuredmedia":[{"embeddable":true,"href":"https:\/\/crea.enseignementdemichael.fr\/index.php\/wp-json\/wp\/v2\/media\/18784"}],"wp:attachment":[{"href":"https:\/\/crea.enseignementdemichael.fr\/index.php\/wp-json\/wp\/v2\/media?parent=18786"}],"wp:term":[{"taxonomy":"product_cat","embeddable":true,"href":"https:\/\/crea.enseignementdemichael.fr\/index.php\/wp-json\/wp\/v2\/product_cat?post=18786"},{"taxonomy":"product_tag","embeddable":true,"href":"https:\/\/crea.enseignementdemichael.fr\/index.php\/wp-json\/wp\/v2\/product_tag?post=18786"}],"curies":[{"name":"wp","href":"https:\/\/api.w.org\/{rel}","templated":true}]}}