{"id":19016,"date":"2023-12-07T08:49:49","date_gmt":"2023-12-07T07:49:49","guid":{"rendered":"https:\/\/www.enseignementdemichael.fr\/?post_type=product&#038;p=19016"},"modified":"2023-12-18T14:15:38","modified_gmt":"2023-12-18T13:15:38","slug":"soin-de-guerison-quantique","status":"publish","type":"product","link":"https:\/\/crea.enseignementdemichael.fr\/index.php\/produit\/soin-de-guerison-quantique\/","title":{"rendered":"SOIN DE GUERISON QUANTIQUE"},"content":{"rendered":"<p>Le corps est un syst\u00e8me \u00e9nerg\u00e9tique int\u00e9gr\u00e9. Il offre des perspectives uniques d&#8217;auto-gu\u00e9rison et d&#8217;\u00e9volution. <\/p>\n<p>Ce soin quantique est une m\u00e9thode qui consiste \u00e0 changer votre r\u00e9alit\u00e9, en englobant les pens\u00e9es,  les \u00e9motions, les m\u00e9moires cellulaires et votre \u00e9nergie vitale.<\/p>\n<p>Gr\u00e2ce \u00e0 votre capacit\u00e9 de perception, votre intuition et votre connexion inn\u00e9e \u00e0 la Conscience Pure de L&#8217;univers, vous allez amorcer la gu\u00e9rison dans chacun de vos corps.<\/p>\n<p>L&#8217;Esprit va interagir avec la r\u00e9alit\u00e9 quantique afin d&#8217;influencer votre champ vibratoire et promouvoir un meilleur espace de vie, plus doux, plus apais\u00e9, plus confiant, plus heureux. <\/p>\n<p>Faites confiance \u00e0 votre potentiel de r\u00e9ussite qui ne demande qu&#8217;\u00e0 \u00eatre r\u00e9v\u00e9l\u00e9 et d\u00e9ploy\u00e9.<\/p>\n<p>S\u00e9ance \u00e0 \u00e9couter sans, ou avec musique ang\u00e9lique 432Hz (fr\u00e9quence du bonheur). <\/p>\n<p>&#8211; Bonus Sp\u00e9cial pour les 100 premiers inscrits uniquement (Message Canalis\u00e9 d&#8217;Isis, Divine        M\u00e8re)<br \/>\n-Paiement en 3 fois possible<\/p>\n<p>Avec cette puissante s\u00e9ance audio, \u00e0 t\u00e9l\u00e9charger en MP3, une odyss\u00e9e de lumi\u00e8re de 39 minutes vous attend, c&#8217;est une belle aventure de gu\u00e9rison que vous vous offrez.<\/p>\n<p>Vous ne douterez plus jamais que vous \u00eates profond\u00e9ment capable de r\u00e9aliser vos projets, en d\u00e9ployant vos aptitudes \u00e0 r\u00e9ussir avec pers\u00e9v\u00e9rance et une nouvelle d\u00e9termination.<\/p>\n","protected":false},"excerpt":{"rendered":"<p>Le corps est un syst\u00e8me \u00e9nerg\u00e9tique int\u00e9gr\u00e9. Il offre des perspectives uniques d&#8217;auto-gu\u00e9rison et d&#8217;\u00e9volution. Ce soin quantique est une m\u00e9thode qui consiste \u00e0 changer votre r\u00e9alit\u00e9, en englobant les pens\u00e9es, les \u00e9motions, les m\u00e9moires cellulaires et votre \u00e9nergie vitale. Gr\u00e2ce \u00e0 votre capacit\u00e9 de perception, votre intuition et votre connexion inn\u00e9e \u00e0 la Conscience [&hellip;]<\/p>\n","protected":false},"featured_media":19017,"template":"","meta":[],"product_cat":[16],"product_tag":[],"_links":{"self":[{"href":"https:\/\/crea.enseignementdemichael.fr\/index.php\/wp-json\/wp\/v3\/product\/19016"}],"collection":[{"href":"https:\/\/crea.enseignementdemichael.fr\/index.php\/wp-json\/wp\/v3\/product"}],"about":[{"href":"https:\/\/crea.enseignementdemichael.fr\/index.php\/wp-json\/wp\/v2\/types\/product"}],"wp:featuredmedia":[{"embeddable":true,"href":"https:\/\/crea.enseignementdemichael.fr\/index.php\/wp-json\/wp\/v2\/media\/19017"}],"wp:attachment":[{"href":"https:\/\/crea.enseignementdemichael.fr\/index.php\/wp-json\/wp\/v2\/media?parent=19016"}],"wp:term":[{"taxonomy":"product_cat","embeddable":true,"href":"https:\/\/crea.enseignementdemichael.fr\/index.php\/wp-json\/wp\/v2\/product_cat?post=19016"},{"taxonomy":"product_tag","embeddable":true,"href":"https:\/\/crea.enseignementdemichael.fr\/index.php\/wp-json\/wp\/v2\/product_tag?post=19016"}],"curies":[{"name":"wp","href":"https:\/\/api.w.org\/{rel}","templated":true}]}}