{"id":19264,"date":"2023-12-20T11:33:39","date_gmt":"2023-12-20T10:33:39","guid":{"rendered":"https:\/\/www.enseignementdemichael.fr\/?post_type=product&#038;p=19264"},"modified":"2024-01-04T14:46:32","modified_gmt":"2024-01-04T13:46:32","slug":"soin-de-noel-vivre-divine-la-presence","status":"publish","type":"product","link":"https:\/\/crea.enseignementdemichael.fr\/index.php\/produit\/soin-de-noel-vivre-divine-la-presence\/","title":{"rendered":"SOIN VIVRE LA DIVINE PRESENCE"},"content":{"rendered":"<p>Ch\u00e8re \u00e2me en pleine ascension,<\/p>\n<p>Voici le Soin Quantique Vivre La Divine Pr\u00e9sence<\/p>\n<p>Nous n&#8217;y pensons pas forc\u00e9ment en terme &#8220;quantique&#8221;, pourtant les \u00e9nergies christiques sont tr\u00e8s fortes en ce moment, \u00e9nergies de douceur, \u00e9nergies de paix, \u00e9nergies de puissance, \u00e9nergies d&#8217;harmonisation.<\/p>\n<p>De grandes vagues vibratoires d&#8217;amour christique nous atteignent de plein fouet, toutes en puissance pour notre bien et notre \u00e9l\u00e9vation.<\/p>\n<p>C&#8217;est aussi un recouvrement d&#8217;\u00e9nergies christiques sacr\u00e9es, arrivant \u00e0 grands flots, et puls\u00e9es par le c\u0153ur sacr\u00e9 du Christ.<\/p>\n<p>Le Christ intervient \u00e9nergiquement, par la pure lumi\u00e8re et pour la lumi\u00e8re immacul\u00e9e, instaurant la souverainet\u00e9 de sa Divine pr\u00e9sence, afin de desceller en nous un certain nombre de cl\u00e9s falsifi\u00e9es dans notre ADN, des codes anciens pr\u00e9sents en nous depuis des mill\u00e9naires, sont aujourd&#8217;hui d\u00e9sactiv\u00e9s et transmut\u00e9s<\/p>\n<p>Ce que le Christ v\u00e9hicule dans cette \u00e8re du Verseau est li\u00e9 \u00e0 la vibration et \u00e0 la forme de la lumi\u00e8re blanche immacul\u00e9e.<\/p>\n<p>Le Christ v\u00e9hicule l&#8217;intelligence, l&#8217;ascension vibratoire et le rapprochement \u00e0 la lumi\u00e8re-source.<\/p>\n<p>Le Christ remet \u00e0 sa place ce qui doit l&#8217;\u00eatre et nous restitue ce qui est d\u00fb \u00e0 l&#8217;humanit\u00e9, si chacun l&#8217;accepte.<\/p>\n<p>La Pr\u00e9sence Christique Imposante imprime dans l&#8217;\u00e2me humaine la reconnexion divine.<\/p>\n<p>Rien que \u00e7a!<\/p>\n<p>Par ce soin quantique recevez les \u00e9nergies de puret\u00e9 infinie qu&#8217;il d\u00e9versera sur vous sans condition.<\/p>\n<p>Pour vous accompagner dans cette r\u00e9ception fulgurante de Pr\u00e9sence Christique d\u00e8s \u00e0 pr\u00e9sent, je viens de composer un nouveau protocole quantique pour Vivre La Divine Pr\u00e9sence en soi, 40 minutes de pur bonheur, pour vous.<\/p>\n<p>Vous pourrez l&#8217;\u00e9couter avec Musique des hautes Sph\u00e8res \u00e0 432Hz ou sans musique.<\/p>\n<p>Les premiers retours que j&#8217;en ai eu aujourd&#8217;hui sont tr\u00e8s encourageants, c&#8217;est un beau soin quantique agissant \u00e0 un niveau multidimensionnel, dans tous les aspects de votre \u00eatre, physique, mental, \u00e9motionnel, astral et \u00e9th\u00e9rique.<\/p>\n<p>Passez un merveilleux mois de D\u00e9cembre avec La Pr\u00e9sence Christique, pour le 25 mettez une bougie blanche allum\u00e9e chez vous, on va f\u00eater tous ensemble la divine pr\u00e9sence immacul\u00e9e du Christ.<\/p>\n<p>Vous pr\u00e9parez ainsi une arriv\u00e9e massive de b\u00e9n\u00e9dictions pour les 6 prochains mois.<\/p>\n","protected":false},"excerpt":{"rendered":"<p>Ch\u00e8re \u00e2me en pleine ascension, Voici le Soin Quantique Vivre La Divine Pr\u00e9sence Nous n&#8217;y pensons pas forc\u00e9ment en terme &#8220;quantique&#8221;, pourtant les \u00e9nergies christiques sont tr\u00e8s fortes en ce moment, \u00e9nergies de douceur, \u00e9nergies de paix, \u00e9nergies de puissance, \u00e9nergies d&#8217;harmonisation. De grandes vagues vibratoires d&#8217;amour christique nous atteignent de plein fouet, toutes en [&hellip;]<\/p>\n","protected":false},"featured_media":19418,"template":"","meta":[],"product_cat":[16],"product_tag":[],"_links":{"self":[{"href":"https:\/\/crea.enseignementdemichael.fr\/index.php\/wp-json\/wp\/v3\/product\/19264"}],"collection":[{"href":"https:\/\/crea.enseignementdemichael.fr\/index.php\/wp-json\/wp\/v3\/product"}],"about":[{"href":"https:\/\/crea.enseignementdemichael.fr\/index.php\/wp-json\/wp\/v2\/types\/product"}],"wp:featuredmedia":[{"embeddable":true,"href":"https:\/\/crea.enseignementdemichael.fr\/index.php\/wp-json\/wp\/v2\/media\/19418"}],"wp:attachment":[{"href":"https:\/\/crea.enseignementdemichael.fr\/index.php\/wp-json\/wp\/v2\/media?parent=19264"}],"wp:term":[{"taxonomy":"product_cat","embeddable":true,"href":"https:\/\/crea.enseignementdemichael.fr\/index.php\/wp-json\/wp\/v2\/product_cat?post=19264"},{"taxonomy":"product_tag","embeddable":true,"href":"https:\/\/crea.enseignementdemichael.fr\/index.php\/wp-json\/wp\/v2\/product_tag?post=19264"}],"curies":[{"name":"wp","href":"https:\/\/api.w.org\/{rel}","templated":true}]}}