{"id":20070,"date":"2024-05-07T21:01:26","date_gmt":"2024-05-07T19:01:26","guid":{"rendered":"https:\/\/www.enseignementdemichael.fr\/?post_type=product&#038;p=20070"},"modified":"2024-05-16T14:53:19","modified_gmt":"2024-05-16T12:53:19","slug":"enseignement-n19-xix-la-force-de-votre-mission","status":"publish","type":"product","link":"https:\/\/crea.enseignementdemichael.fr\/index.php\/produit\/enseignement-n19-xix-la-force-de-votre-mission\/","title":{"rendered":"ENSEIGNEMENT N\u00b019 XIX LA FORCE DE VOTRE MISSION"},"content":{"rendered":"<div><span style=\"color: #000000; font-family: garamond, times new roman, serif; font-size: large;\">Le gouvernement divin collabore \u00e9troitement \u00e0 cet enseignement\u00a0 pour vous apprendre \u00e0 int\u00e9grer d&#8217;une fa\u00e7on plus concr\u00e8te votre mission de vie et mission d\u2019\u00e2me.<\/span><\/div>\n<div><span style=\"color: #000000; font-family: garamond, times new roman, serif; font-size: large;\">\u00a0<\/span><\/div>\n<div>\n<p><span style=\"color: #000000; font-family: garamond, times new roman, serif; font-size: large;\">Il n&#8217;est pas \u00e9tonnant qu&#8217;il y ait beaucoup d&#8217;humains \u00e9veill\u00e9s qui cherchent une mission ou qui parlent de mission ou qui se donnent des missions, car v\u00e9ritablement vous \u00eates des missionnaires.<\/span><\/p>\n<p><span style=\"color: #000000; font-family: garamond, times new roman, serif; font-size: large;\"><br \/>\nC&#8217;est que vous avez accept\u00e9 cette fois de venir sur le plan terrestre et vous \u00eates tr\u00e8s nombreux \u00e0 \u00eatre venus pour vous rassembler et cr\u00e9er le passage jusqu\u2019\u00e0 la nouvelle terre, la J\u00e9rusalem c\u00e9leste.<\/span><\/p>\n<p><span style=\"color: #000000; font-family: garamond, times new roman, serif; font-size: large;\"><br \/>\nAlors vous avez la m\u00e9moire d&#8217;avoir sign\u00e9 pour une grande mission dans votre contrat d\u2019\u00e2me avant votre incarnation.<\/span><\/p>\n<p><span style=\"color: #000000; font-family: garamond, times new roman, serif; font-size: large;\">Cet enseignement n\u00b019 de la Hi\u00e9rarchie Archang\u00e9lique de Micha\u00ebl d\u00e9mystifie ici ce qu&#8217;est la Mission, avec une multitude de pistes et de cl\u00e9s de compr\u00e9hension, afin de vous aider \u00e0 incarner votre meilleure mission de vie.<\/span><\/p>\n<p><span style=\"color: #000000; font-family: garamond, times new roman, serif; font-size: large;\">Ce dix neuvi\u00e8me\u00a0Enseignement Sacr\u00e9 apporte\u00a0<\/span>Connexion spirituelle et transcendance : Cet audio puissant, d\u2019une heure et 5 minutes, vous permettra une connexion avec le divin, avec une r\u00e9alit\u00e9 sup\u00e9rieure, vous procurant un sens de la transcendance.<\/p>\n<p>Venez prendre votre juste place dans le monde et voir le but \u00e9lev\u00e9 de votre existence.<\/p>\n<p>Afin de surmonter avec fluidit\u00e9 les d\u00e9fis personnels.<\/p>\n<p>Vous aurez la vision d\u2019une direction accrue dans votre vie quotidienne. Vous serez en mesure d\u2019identifier de meilleures perspectives.<\/p>\n<p>&nbsp;<\/p>\n<div>\n<div class=\"x_gmail_signature\" dir=\"ltr\" data-smartmail=\"gmail_signature\">\n<div dir=\"ltr\">\n<div dir=\"ltr\">\n<div dir=\"ltr\">\n<div dir=\"ltr\">\n<div dir=\"ltr\">\n<div dir=\"ltr\">\n<div dir=\"ltr\">\n<div dir=\"ltr\">\n<div dir=\"ltr\">\n<div dir=\"ltr\">\n<div dir=\"ltr\">\n<div dir=\"ltr\">\n<div dir=\"ltr\">\n<div dir=\"ltr\">\n<div dir=\"ltr\">\n<div dir=\"ltr\">\n<div dir=\"ltr\">\n<div dir=\"ltr\">\n<div dir=\"ltr\">\n<div dir=\"ltr\">\n<div dir=\"ltr\">\n<div dir=\"ltr\">\n<div dir=\"ltr\">\n<div dir=\"ltr\">\n<div dir=\"ltr\">\n<div dir=\"ltr\">\n<div dir=\"ltr\">\n<div dir=\"ltr\">\n<div dir=\"ltr\">\n<div dir=\"ltr\">\n<div dir=\"ltr\">\n<div dir=\"ltr\">\n<div dir=\"ltr\">\n<div dir=\"ltr\">\n<div dir=\"ltr\">\n<div dir=\"ltr\">\n<div dir=\"ltr\">\n<div dir=\"ltr\">\n<div dir=\"ltr\">\n<div dir=\"ltr\">\n<div dir=\"ltr\">\n<div dir=\"ltr\">\n<div dir=\"ltr\">\n<div dir=\"ltr\">\n<div dir=\"ltr\">\n<div dir=\"ltr\">\n<div dir=\"ltr\">\n<div dir=\"ltr\">\n<div dir=\"ltr\">\n<div dir=\"ltr\">\n<div dir=\"ltr\">\n<div dir=\"ltr\">\n<div dir=\"ltr\">\n<div dir=\"ltr\">\n<div dir=\"ltr\">\n<div dir=\"ltr\">\n<div dir=\"ltr\">\n<div dir=\"ltr\">\n<div dir=\"ltr\">\n<div dir=\"ltr\">\n<div dir=\"ltr\">\n<div dir=\"ltr\">\n<div dir=\"ltr\">\n<div dir=\"ltr\">\n<div dir=\"ltr\">\n<div dir=\"ltr\">\n<div dir=\"ltr\">\n<div dir=\"ltr\">\n<div dir=\"ltr\">\n<div dir=\"ltr\">\n<div dir=\"ltr\">\n<div dir=\"ltr\">\n<div dir=\"ltr\">\n<div dir=\"ltr\">\n<div dir=\"ltr\">\n<div dir=\"ltr\">\n<div dir=\"ltr\">\n<div dir=\"ltr\">\n<div dir=\"ltr\">\n<div dir=\"ltr\">\n<div dir=\"ltr\">\n<div dir=\"ltr\">\n<div dir=\"ltr\">\n<div dir=\"ltr\">\n<div dir=\"ltr\">\n<div dir=\"ltr\">\n<div dir=\"ltr\">\n<div dir=\"ltr\">\n<div dir=\"ltr\">\n<div dir=\"ltr\">\n<div dir=\"ltr\">\n<div dir=\"ltr\">\n<div dir=\"ltr\">\n<div dir=\"ltr\">\n<div dir=\"ltr\">\n<div dir=\"ltr\">\n<div dir=\"ltr\">\n<div dir=\"ltr\">\n<div dir=\"ltr\">\n<div dir=\"ltr\">\n<div dir=\"ltr\">\n<div dir=\"ltr\">\n<div dir=\"ltr\">\n<div dir=\"ltr\">\n<div dir=\"ltr\">\n<div dir=\"ltr\">\n<div dir=\"ltr\">\n<div dir=\"ltr\">\n<div dir=\"ltr\">\n<div dir=\"ltr\">\n<div dir=\"ltr\">\n<div dir=\"ltr\">\n<div dir=\"ltr\">\n<div dir=\"ltr\">\n<div dir=\"ltr\">\n<div dir=\"ltr\">\n<div dir=\"ltr\">\n<div dir=\"ltr\">\n<div dir=\"ltr\">\n<div dir=\"ltr\">\n<div dir=\"ltr\">\n<div dir=\"ltr\">\n<div dir=\"ltr\">\n<div dir=\"ltr\">\n<div dir=\"ltr\">\n<div dir=\"ltr\">\n<div dir=\"ltr\">\n<div dir=\"ltr\">\n<div dir=\"ltr\">\n<div dir=\"ltr\">\n<div dir=\"ltr\">\n<div dir=\"ltr\">\n<div dir=\"ltr\">\n<div dir=\"ltr\">\n<div dir=\"ltr\">\n<div dir=\"ltr\">\n<div dir=\"ltr\">\n<div dir=\"ltr\">\n<div dir=\"ltr\">\n<div dir=\"ltr\">\n<div dir=\"ltr\">\n<div dir=\"ltr\">\n<div dir=\"ltr\">\n<div dir=\"ltr\">\n<div dir=\"ltr\">\n<div dir=\"ltr\">\n<div dir=\"ltr\">\n<div dir=\"ltr\">\n<div dir=\"ltr\">\n<div dir=\"ltr\">\n<div dir=\"ltr\">\n<div dir=\"ltr\">\n<div dir=\"ltr\">\n<div dir=\"ltr\">\n<div dir=\"ltr\">\n<div dir=\"ltr\"><\/div>\n<\/div>\n<\/div>\n<\/div>\n<\/div>\n<\/div>\n<\/div>\n<\/div>\n<\/div>\n<\/div>\n<\/div>\n<\/div>\n<\/div>\n<\/div>\n<\/div>\n<\/div>\n<\/div>\n<\/div>\n<\/div>\n<\/div>\n<\/div>\n<\/div>\n<\/div>\n<\/div>\n<\/div>\n<\/div>\n<\/div>\n<\/div>\n<\/div>\n<\/div>\n<\/div>\n<\/div>\n<\/div>\n<\/div>\n<\/div>\n<\/div>\n<\/div>\n<\/div>\n<\/div>\n<\/div>\n<\/div>\n<\/div>\n<\/div>\n<\/div>\n<\/div>\n<\/div>\n<\/div>\n<\/div>\n<\/div>\n<\/div>\n<\/div>\n<\/div>\n<\/div>\n<\/div>\n<\/div>\n<\/div>\n<\/div>\n<\/div>\n<\/div>\n<\/div>\n<\/div>\n<\/div>\n<\/div>\n<\/div>\n<\/div>\n<\/div>\n<\/div>\n<\/div>\n<\/div>\n<\/div>\n<\/div>\n<\/div>\n<\/div>\n<\/div>\n<\/div>\n<\/div>\n<\/div>\n<\/div>\n<\/div>\n<\/div>\n<\/div>\n<\/div>\n<\/div>\n<\/div>\n<\/div>\n<\/div>\n<\/div>\n<\/div>\n<\/div>\n<\/div>\n<\/div>\n<\/div>\n<\/div>\n<\/div>\n<\/div>\n<\/div>\n<\/div>\n<\/div>\n<\/div>\n<\/div>\n<\/div>\n<\/div>\n<\/div>\n<\/div>\n<\/div>\n<\/div>\n<\/div>\n<\/div>\n<\/div>\n<\/div>\n<\/div>\n<\/div>\n<\/div>\n<\/div>\n<\/div>\n<\/div>\n<\/div>\n<\/div>\n<\/div>\n<\/div>\n<\/div>\n<\/div>\n<\/div>\n<\/div>\n<\/div>\n<\/div>\n<\/div>\n<\/div>\n<\/div>\n<\/div>\n<\/div>\n<\/div>\n<\/div>\n<\/div>\n<\/div>\n<\/div>\n<\/div>\n<\/div>\n<\/div>\n<\/div>\n<\/div>\n<\/div>\n<\/div>\n<\/div>\n<\/div>\n<\/div>\n<\/div>\n<\/div>\n<\/div>\n<\/div>\n<\/div>\n<\/div>\n<\/div>\n<\/div>\n<\/div>\n<\/div>\n<\/div>\n<\/div>\n<\/div>\n","protected":false},"excerpt":{"rendered":"<p>Le gouvernement divin collabore \u00e9troitement \u00e0 cet enseignement\u00a0 pour vous apprendre \u00e0 int\u00e9grer d&#8217;une fa\u00e7on plus concr\u00e8te votre mission de vie et mission d\u2019\u00e2me. \u00a0 Il n&#8217;est pas \u00e9tonnant qu&#8217;il y ait beaucoup d&#8217;humains \u00e9veill\u00e9s qui cherchent une mission ou qui parlent de mission ou qui se donnent des missions, car v\u00e9ritablement vous \u00eates des [&hellip;]<\/p>\n","protected":false},"featured_media":20068,"template":"","meta":[],"product_cat":[16],"product_tag":[],"_links":{"self":[{"href":"https:\/\/crea.enseignementdemichael.fr\/index.php\/wp-json\/wp\/v3\/product\/20070"}],"collection":[{"href":"https:\/\/crea.enseignementdemichael.fr\/index.php\/wp-json\/wp\/v3\/product"}],"about":[{"href":"https:\/\/crea.enseignementdemichael.fr\/index.php\/wp-json\/wp\/v2\/types\/product"}],"wp:featuredmedia":[{"embeddable":true,"href":"https:\/\/crea.enseignementdemichael.fr\/index.php\/wp-json\/wp\/v2\/media\/20068"}],"wp:attachment":[{"href":"https:\/\/crea.enseignementdemichael.fr\/index.php\/wp-json\/wp\/v2\/media?parent=20070"}],"wp:term":[{"taxonomy":"product_cat","embeddable":true,"href":"https:\/\/crea.enseignementdemichael.fr\/index.php\/wp-json\/wp\/v2\/product_cat?post=20070"},{"taxonomy":"product_tag","embeddable":true,"href":"https:\/\/crea.enseignementdemichael.fr\/index.php\/wp-json\/wp\/v2\/product_tag?post=20070"}],"curies":[{"name":"wp","href":"https:\/\/api.w.org\/{rel}","templated":true}]}}