{"id":20145,"date":"2024-05-14T12:38:10","date_gmt":"2024-05-14T10:38:10","guid":{"rendered":"https:\/\/www.enseignementdemichael.fr\/?post_type=product&#038;p=20145"},"modified":"2024-06-12T11:33:07","modified_gmt":"2024-06-12T09:33:07","slug":"protocole-de-guerison-quantique-avec-uriel","status":"publish","type":"product","link":"https:\/\/crea.enseignementdemichael.fr\/index.php\/produit\/protocole-de-guerison-quantique-avec-uriel\/","title":{"rendered":"PROTOCOLE DE GU\u00c9RISON QUANTIQUE AVEC URIEL"},"content":{"rendered":"<div><span style=\"font-family: georgia, serif;\">Nous ne choisissons pas le travail pour lequel nous sommes amen\u00e9s \u00e0 traverser cette vie.<\/span><\/div>\n<div><span style=\"font-family: georgia, serif;\"><br \/>\n<\/span><\/p>\n<p class=\"x_MsoNormal\"><span style=\"font-family: georgia, serif;\">Ce travail est la signature de votre \u00e2me, votre expression unique. Votre ADN spirituel.<\/span><\/p>\n<p class=\"x_MsoNormal\"><span style=\"font-family: georgia, serif;\">\u00a0<\/span><\/p>\n<p class=\"x_MsoNormal\"><span style=\"font-family: georgia, serif;\">Pour amplifier votre contribution unique au monde, vous devez gu\u00e9rir\u00a0de la souffrance originale.<\/span><\/p>\n<p class=\"x_MsoNormal\"><span style=\"font-family: georgia, serif;\">Cela \u00e0 avoir avec l\u2019essence accumul\u00e9e de tout ce que vous avez \u00e9t\u00e9, pens\u00e9, ressenti, fait ou v\u00e9cu au cours de votre vie enti\u00e8re.<\/span><\/p>\n<p class=\"x_MsoNormal\"><span style=\"font-family: georgia, serif;\">Votre signature d\u2019\u00e2me est authentiquement la v\u00f4tre.\u00a0<\/span><\/p>\n<p class=\"x_MsoNormal\"><span style=\"font-family: georgia, serif;\">Venez avec l\u2019archange Uriel dissoudre la souffrance originale afin de r\u00e9tablir votre empreinte digitale primordiale, votre lumi\u00e8re originelle.<\/span><\/p>\n<p class=\"x_MsoNormal\"><span style=\"font-family: georgia, serif;\">Car votre signature spirituelle doit s\u2019expanser et briller, elle r\u00e9side au plus profond de qui vous \u00eates et impr\u00e8gne tous les aspects de votre vie.<\/span><\/p>\n<p class=\"x_MsoNormal\"><span style=\"font-family: georgia, serif;\">Pr\u00eat \u00e0 vous lib\u00e9rer de la souffrance originale?<\/span><\/p>\n<p class=\"x_MsoNormal\"><span style=\"font-family: georgia, serif;\">Protocole intensif de 60 minutes<\/span><\/p>\n<p class=\"x_MsoNormal\">\n<\/div>\n","protected":false},"excerpt":{"rendered":"<p>Nous ne choisissons pas le travail pour lequel nous sommes amen\u00e9s \u00e0 traverser cette vie. Ce travail est la signature de votre \u00e2me, votre expression unique. Votre ADN spirituel. \u00a0 Pour amplifier votre contribution unique au monde, vous devez gu\u00e9rir\u00a0de la souffrance originale. Cela \u00e0 avoir avec l\u2019essence accumul\u00e9e de tout ce que vous avez [&hellip;]<\/p>\n","protected":false},"featured_media":20142,"template":"","meta":[],"product_cat":[16],"product_tag":[],"_links":{"self":[{"href":"https:\/\/crea.enseignementdemichael.fr\/index.php\/wp-json\/wp\/v3\/product\/20145"}],"collection":[{"href":"https:\/\/crea.enseignementdemichael.fr\/index.php\/wp-json\/wp\/v3\/product"}],"about":[{"href":"https:\/\/crea.enseignementdemichael.fr\/index.php\/wp-json\/wp\/v2\/types\/product"}],"wp:featuredmedia":[{"embeddable":true,"href":"https:\/\/crea.enseignementdemichael.fr\/index.php\/wp-json\/wp\/v2\/media\/20142"}],"wp:attachment":[{"href":"https:\/\/crea.enseignementdemichael.fr\/index.php\/wp-json\/wp\/v2\/media?parent=20145"}],"wp:term":[{"taxonomy":"product_cat","embeddable":true,"href":"https:\/\/crea.enseignementdemichael.fr\/index.php\/wp-json\/wp\/v2\/product_cat?post=20145"},{"taxonomy":"product_tag","embeddable":true,"href":"https:\/\/crea.enseignementdemichael.fr\/index.php\/wp-json\/wp\/v2\/product_tag?post=20145"}],"curies":[{"name":"wp","href":"https:\/\/api.w.org\/{rel}","templated":true}]}}