{"id":20275,"date":"2024-06-03T12:49:03","date_gmt":"2024-06-03T10:49:03","guid":{"rendered":"https:\/\/www.enseignementdemichael.fr\/?post_type=product&#038;p=20275"},"modified":"2024-07-12T10:04:11","modified_gmt":"2024-07-12T08:04:11","slug":"activation-chamanique-protocole-de-grand-reconfort","status":"publish","type":"product","link":"https:\/\/crea.enseignementdemichael.fr\/index.php\/produit\/activation-chamanique-protocole-de-grand-reconfort\/","title":{"rendered":"ACTIVATION CHAMANIQUE &#038; PROTOCOLE DE GRAND R\u00c9CONFORT"},"content":{"rendered":"<p class=\"x_MsoNormal\">\u00c0 quelle fr\u00e9quence consid\u00e9rez-vous la dimension spirituelle\u00a0?<\/p>\n<p class=\"x_MsoNormal\">Saviez-vous que chaque soin quantique que vous consommez poss\u00e8de un certain niveau de puret\u00e9 spirituelle ?<\/p>\n<p class=\"x_MsoNormal\">Lorsque vous consommez des protocoles spirituellement purs, vous vous impr\u00e9gnez d\u2019\u00e9nergie positive qui active votre sentiment de bien-\u00eatre et amplifie \u00e9galement la puissance de votre pratique spirituelle.<\/p>\n<p class=\"x_MsoNormal\">Cette activation chamanique est une information pour notre esprit, notre corps et notre c\u0153ur. Pour favoriser notre d\u00e9veloppement spirituel int\u00e9rieur.<\/p>\n<p class=\"x_MsoNormal\">Le protocole de grand r\u00e9confort qui y est joint, va \u00e9lever notre conscience, en y associant le chant curatif des oiseaux.<\/p>\n<p class=\"x_MsoNormal\">C\u2019est nouveau, c\u2019est beau, c\u2019est puissant. A avoir absolument!<\/p>\n<p class=\"x_MsoNormal\">Le premier active, le second enracine. Avec un effet de renforcement sur la sant\u00e9 physique, mentale et spirituelle.<\/p>\n<p class=\"x_MsoNormal\">Ce que nous consommons influence notre supra conscience.<\/p>\n<p class=\"x_MsoNormal\">Comment cela ne pourrait-il pas \u00eatre le cas ?<\/p>\n<p class=\"x_MsoNormal\">2 Audios MP3 \u00e0 t\u00e9l\u00e9charger et \u00e0 emporter partout, \u00e0 effectuer d\u00e8s aujourd\u2019hui 7 jours cons\u00e9cutifs minimum, et \u00e0 utiliser ensuite en cas d\u2019urgence quand votre \u00e9nergie est au plus bas.<\/p>\n","protected":false},"excerpt":{"rendered":"<p>\u00c0 quelle fr\u00e9quence consid\u00e9rez-vous la dimension spirituelle\u00a0? Saviez-vous que chaque soin quantique que vous consommez poss\u00e8de un certain niveau de puret\u00e9 spirituelle ? Lorsque vous consommez des protocoles spirituellement purs, vous vous impr\u00e9gnez d\u2019\u00e9nergie positive qui active votre sentiment de bien-\u00eatre et amplifie \u00e9galement la puissance de votre pratique spirituelle. Cette activation chamanique est une [&hellip;]<\/p>\n","protected":false},"featured_media":20278,"template":"","meta":[],"product_cat":[16],"product_tag":[],"_links":{"self":[{"href":"https:\/\/crea.enseignementdemichael.fr\/index.php\/wp-json\/wp\/v3\/product\/20275"}],"collection":[{"href":"https:\/\/crea.enseignementdemichael.fr\/index.php\/wp-json\/wp\/v3\/product"}],"about":[{"href":"https:\/\/crea.enseignementdemichael.fr\/index.php\/wp-json\/wp\/v2\/types\/product"}],"wp:featuredmedia":[{"embeddable":true,"href":"https:\/\/crea.enseignementdemichael.fr\/index.php\/wp-json\/wp\/v2\/media\/20278"}],"wp:attachment":[{"href":"https:\/\/crea.enseignementdemichael.fr\/index.php\/wp-json\/wp\/v2\/media?parent=20275"}],"wp:term":[{"taxonomy":"product_cat","embeddable":true,"href":"https:\/\/crea.enseignementdemichael.fr\/index.php\/wp-json\/wp\/v2\/product_cat?post=20275"},{"taxonomy":"product_tag","embeddable":true,"href":"https:\/\/crea.enseignementdemichael.fr\/index.php\/wp-json\/wp\/v2\/product_tag?post=20275"}],"curies":[{"name":"wp","href":"https:\/\/api.w.org\/{rel}","templated":true}]}}