{"id":203,"date":"2019-03-19T12:37:25","date_gmt":"2019-03-19T11:37:25","guid":{"rendered":"http:\/\/enseignementdemichael.fr\/?post_type=product&#038;p=203"},"modified":"2024-01-08T15:04:20","modified_gmt":"2024-01-08T14:04:20","slug":"protocole-quantique-contacter-le-moi-superieur","status":"publish","type":"product","link":"https:\/\/crea.enseignementdemichael.fr\/index.php\/produit\/protocole-quantique-contacter-le-moi-superieur\/","title":{"rendered":"PROTOCOLE QUANTIQUE CONTACTER LE MOI SUPERIEUR"},"content":{"rendered":"\r\n<p style=\"text-align: left;\">Le Soi Sup\u00e9rieur est cette partie de vous qui vous relie directement aux domaines spirituels.<\/p>\r\n<p style=\"text-align: left;\">\r\n\r\n<\/p>\r\n<p style=\"text-align: left;\">Il est \u00e9ternel, infiniment sage et transcende notre conscience quotidienne. Il est en contact avec le Divin parce qu\u2019il en fait partie.<\/p>\r\n<p style=\"text-align: left;\">\r\n\r\n<\/p>\r\n<p style=\"text-align: left;\">Atteindre la connaissance du Soi Sup\u00e9rieur, et ses profondeurs de sagesse int\u00e9rieure, est le but de votre corps spirituel, pour vous aider concr\u00e8tement durant votre vie, sous de nombreuses formes.<\/p>\r\n<p style=\"text-align: left;\">\r\n\r\n<\/p>\r\n<p style=\"text-align: left;\">Chacun de nous est connect\u00e9 avec le Divin.<\/p>\r\n<p style=\"text-align: left;\">\r\n\r\n<\/p>\r\n<p style=\"text-align: left;\">Le Soi Sup\u00e9rieur en nous d\u00e9passe de loin la compr\u00e9hension de notre esprit conscient. C\u2019est le pouvoir divin accessible \u00e0 tous.<\/p>\r\n<p style=\"text-align: left;\">\r\n\r\n<\/p>\r\n<p style=\"text-align: left;\">C\u2019est aussi le lieu de magie et de miracle dans nos vies.<\/p>\r\n<p style=\"text-align: left;\">\r\n\r\n<\/p>\r\n<div class=\"wp-block-spacer\" style=\"text-align: center;\" aria-hidden=\"true\">\u00a0<\/div>\r\n<p style=\"text-align: center;\">\r\n\r\n<\/p>\r\n<p style=\"text-align: center;\">Vous n\u2019arrivez pas \u00e0 entrer en contact avec vos guides\u00a0?<\/p>\r\n<p style=\"text-align: center;\">\r\n\r\n<\/p>\r\n<p style=\"text-align: center;\">Vous n\u2019entendez pas votre voix int\u00e9rieure\u00a0?<\/p>\r\n<p style=\"text-align: center;\">\r\n\r\n<\/p>\r\n<p style=\"text-align: center;\">Vous avez l\u2019impression que l\u00e0-haut on vous a abandonn\u00e9\u00a0?<\/p>\r\n<p style=\"text-align: center;\">\r\n\r\n<\/p>\r\n<p style=\"text-align: center;\">Vous ne savez plus vers qui vous tourner\u00a0?<\/p>\r\n<p style=\"text-align: center;\">\r\n\r\n<\/p>\r\n<p style=\"text-align: center;\">Vous avez besoin de protection divine\u00a0?<\/p>\r\n<p style=\"text-align: center;\">\r\n\r\n<\/p>\r\n<div class=\"wp-block-spacer\" style=\"text-align: center;\" aria-hidden=\"true\">\u00a0<\/div>\r\n<p style=\"text-align: left;\">\r\n\r\n<\/p>\r\n<p style=\"text-align: left;\">Si vous avez r\u00e9pondu OUI \u00e0 une de ses questions, vous avez \u00e9t\u00e9 bien guid\u00e9, vous \u00eates au bon endroit, au bon moment.<\/p>\r\n<p style=\"text-align: left;\">\r\n\r\n<\/p>\r\n<p style=\"text-align: left;\">Le nouvel enseignement de Michael Archange, \u00ab\u00a0Contacter Le Moi Sup\u00e9rieur\u00a0\u00bb est un protocole quantique puissant, un enseignement fort qui contient plusieurs niveaux de lecture, \u00e0 \u00e9couter chaque jour pendant 7 jours cons\u00e9cutifs au moins.<\/p>\r\n<p style=\"text-align: left;\">\r\n\r\n<\/p>\r\n<div class=\"wp-block-spacer\" style=\"text-align: left;\" aria-hidden=\"true\">\u00a0<\/div>\r\n<p style=\"text-align: left;\">\r\n\r\n<\/p>\r\n<p style=\"text-align: left;\">Ce nouveau protocole quantique Audio \u00e0 t\u00e9l\u00e9charger va vous permettre de\u00a0:<\/p>\r\n<p style=\"text-align: left;\">\r\n\r\n<\/p>\r\n<p style=\"text-align: center;\">-vous lib\u00e9rer de vaines croyances<\/p>\r\n<p style=\"text-align: center;\">\r\n\r\n<\/p>\r\n<p style=\"text-align: center;\">-supprimer toute attente erron\u00e9e<\/p>\r\n<p style=\"text-align: center;\">\r\n\r\n<\/p>\r\n<p style=\"text-align: center;\">-d\u00e9cristalliser les m\u00e9moires anciennes<\/p>\r\n<p style=\"text-align: center;\">\r\n\r\n<\/p>\r\n<p style=\"text-align: center;\">-\u00e9tablir un contact \u00e9troit avec vos objectifs d\u2019incarnation<\/p>\r\n<p style=\"text-align: center;\">\r\n\r\n<\/p>\r\n<p style=\"text-align: center;\">-laisser votre voix int\u00e9rieure s\u2019exprimer et se faire entendre<\/p>\r\n<p style=\"text-align: center;\">\r\n\r\n<\/p>\r\n<p style=\"text-align: center;\">-faire taire le bavardage du mental<\/p>\r\n<p style=\"text-align: center;\">\r\n\r\n<\/p>\r\n<p style=\"text-align: center;\">-vous sentir bien mieux connect\u00e9<\/p>\r\n<p style=\"text-align: center;\">\r\n\r\n<\/p>\r\n<p style=\"text-align: center;\">-atteindre un haut niveau de pleine conscience<\/p>\r\n<p style=\"text-align: center;\">\r\n\r\n<\/p>\r\n<div class=\"wp-block-spacer\" style=\"text-align: center;\" aria-hidden=\"true\">\u00a0<\/div>\r\n<p style=\"text-align: center;\">\r\n\r\n<\/p>\r\n<p style=\"text-align: center;\">Tarif : 110\u20ac<\/p>\r\n","protected":false},"excerpt":{"rendered":"<p>Le Soi Sup\u00e9rieur est cette partie de vous qui vous relie directement aux domaines spirituels. Il est \u00e9ternel, infiniment sage et transcende notre conscience quotidienne. Il est en contact avec le Divin parce qu\u2019il en fait partie. Atteindre la connaissance du Soi Sup\u00e9rieur, et ses profondeurs de sagesse int\u00e9rieure, est le but de votre corps [&hellip;]<\/p>\n","protected":false},"featured_media":202,"template":"","meta":[],"product_cat":[16],"product_tag":[],"_links":{"self":[{"href":"https:\/\/crea.enseignementdemichael.fr\/index.php\/wp-json\/wp\/v3\/product\/203"}],"collection":[{"href":"https:\/\/crea.enseignementdemichael.fr\/index.php\/wp-json\/wp\/v3\/product"}],"about":[{"href":"https:\/\/crea.enseignementdemichael.fr\/index.php\/wp-json\/wp\/v2\/types\/product"}],"wp:featuredmedia":[{"embeddable":true,"href":"https:\/\/crea.enseignementdemichael.fr\/index.php\/wp-json\/wp\/v2\/media\/202"}],"wp:attachment":[{"href":"https:\/\/crea.enseignementdemichael.fr\/index.php\/wp-json\/wp\/v2\/media?parent=203"}],"wp:term":[{"taxonomy":"product_cat","embeddable":true,"href":"https:\/\/crea.enseignementdemichael.fr\/index.php\/wp-json\/wp\/v2\/product_cat?post=203"},{"taxonomy":"product_tag","embeddable":true,"href":"https:\/\/crea.enseignementdemichael.fr\/index.php\/wp-json\/wp\/v2\/product_tag?post=203"}],"curies":[{"name":"wp","href":"https:\/\/api.w.org\/{rel}","templated":true}]}}