{"id":20462,"date":"2024-07-19T12:10:22","date_gmt":"2024-07-19T10:10:22","guid":{"rendered":"https:\/\/www.enseignementdemichael.fr\/?post_type=product&#038;p=20462"},"modified":"2024-08-07T08:17:17","modified_gmt":"2024-08-07T06:17:17","slug":"grand-soin-alchimique-reconnexion-a-lenergie-source","status":"publish","type":"product","link":"https:\/\/crea.enseignementdemichael.fr\/index.php\/produit\/grand-soin-alchimique-reconnexion-a-lenergie-source\/","title":{"rendered":"Grand Soin Alchimique Reconnexion \u00e0 l&#8217;Energie Source"},"content":{"rendered":"<div>La Spiritualit\u00e9\u00a0transformationnelle est une r\u00e9alit\u00e9!<\/div>\n<div>Envie de vous reconnecter \u00e0 l&#8217;\u00e9nergie Source et d&#8217;embrasser pleinement l&#8217;\u00e9nergie cr\u00e9atrice de profonds bienfaits ?<\/div>\n<div>\n<p>D\u00e9couvrez comment ce grand Soin Alchimique de Reconnexion peut transformer votre vie !<\/p>\n<p>Quatre b\u00e9n\u00e9fices r\u00e9els \u00e0 commander et utiliser le soin alchimique :<\/p>\n<p>1. Renforcement de la Connexion Spirituelle :<br \/>\n&#8211; Exp\u00e9rimentez une profonde reconnexion \u00e0 l&#8217;\u00e9nergie Source, vous permettant de ressentir un lien plus intime et authentique avec l&#8217;Univers et votre v\u00e9ritable essence.<\/p>\n<p>2. \u00c9veil et \u00c9quilibre \u00c9motionnel :<br \/>\n&#8211; Apportez une gu\u00e9rison \u00e9motionnelle en lib\u00e9rant les blocages et les \u00e9nergies n\u00e9gatives, favorisant ainsi un sentiment de paix int\u00e9rieure et de merveilleux bien-\u00eatre.<\/p>\n<p>3. Augmentation de l&#8217;\u00c9nergie et de la Vitalit\u00e9 :<br \/>\n&#8211; Ressentez une revitalisation compl\u00e8te de votre corps et de votre esprit, augmentant votre \u00e9nergie, votre clart\u00e9 mentale et votre enthousiasme pour la vie quotidienne.<\/p>\n<p>4. Am\u00e9lioration des Relations Personnelles :<br \/>\n&#8211; En embrassant l&#8217;\u00e9nergie de l&#8217;amour, d\u00e9veloppez une meilleure compr\u00e9hension et une plus grande compassion envers vous-m\u00eame et les autres, augmentant ainsi la qualit\u00e9 de vos relations personnelles et professionnelles.<\/p>\n<\/div>\n<div><\/div>\n<div>-Soin intensif de 35 minutes \u00e0 \u00e9couter 7 jours dans un espace serein, au calme.<\/div>\n<div>-Vous pouvez en faire votre routine matinale, ce sera parfait!<\/div>\n<div>-Soin avec musique des Sph\u00e8res \u00e0 432 hz ou sans musique, au choix.<\/div>\n<div><\/div>\n<div>Ne manquez pas cette opportunit\u00e9 de transformation profonde \u2013 commandez d\u00e8s maintenant et commencez votre voyage vers une vie plus \u00e9quilibr\u00e9e et \u00e9panouissante<\/div>\n","protected":false},"excerpt":{"rendered":"<p>La Spiritualit\u00e9\u00a0transformationnelle est une r\u00e9alit\u00e9! Envie de vous reconnecter \u00e0 l&#8217;\u00e9nergie Source et d&#8217;embrasser pleinement l&#8217;\u00e9nergie cr\u00e9atrice de profonds bienfaits ? D\u00e9couvrez comment ce grand Soin Alchimique de Reconnexion peut transformer votre vie ! Quatre b\u00e9n\u00e9fices r\u00e9els \u00e0 commander et utiliser le soin alchimique : 1. Renforcement de la Connexion Spirituelle : &#8211; Exp\u00e9rimentez une [&hellip;]<\/p>\n","protected":false},"featured_media":20460,"template":"","meta":[],"product_cat":[16],"product_tag":[],"_links":{"self":[{"href":"https:\/\/crea.enseignementdemichael.fr\/index.php\/wp-json\/wp\/v3\/product\/20462"}],"collection":[{"href":"https:\/\/crea.enseignementdemichael.fr\/index.php\/wp-json\/wp\/v3\/product"}],"about":[{"href":"https:\/\/crea.enseignementdemichael.fr\/index.php\/wp-json\/wp\/v2\/types\/product"}],"wp:featuredmedia":[{"embeddable":true,"href":"https:\/\/crea.enseignementdemichael.fr\/index.php\/wp-json\/wp\/v2\/media\/20460"}],"wp:attachment":[{"href":"https:\/\/crea.enseignementdemichael.fr\/index.php\/wp-json\/wp\/v2\/media?parent=20462"}],"wp:term":[{"taxonomy":"product_cat","embeddable":true,"href":"https:\/\/crea.enseignementdemichael.fr\/index.php\/wp-json\/wp\/v2\/product_cat?post=20462"},{"taxonomy":"product_tag","embeddable":true,"href":"https:\/\/crea.enseignementdemichael.fr\/index.php\/wp-json\/wp\/v2\/product_tag?post=20462"}],"curies":[{"name":"wp","href":"https:\/\/api.w.org\/{rel}","templated":true}]}}