{"id":20655,"date":"2024-08-16T11:34:54","date_gmt":"2024-08-16T09:34:54","guid":{"rendered":"https:\/\/www.enseignementdemichael.fr\/?post_type=product&#038;p=20655"},"modified":"2024-09-09T08:40:36","modified_gmt":"2024-09-09T06:40:36","slug":"enseignement-xx-n20-conscience-cosmique-immaculee-je-suis","status":"publish","type":"product","link":"https:\/\/crea.enseignementdemichael.fr\/index.php\/produit\/enseignement-xx-n20-conscience-cosmique-immaculee-je-suis\/","title":{"rendered":"ENSEIGNEMENT XX n\u00b020  CONSCIENCE COSMIQUE IMMACUL\u00c9E &#8220;JE SUIS&#8221;"},"content":{"rendered":"<p class=\"x_gmail-Corps\">Une exp\u00e9rience exalt\u00e9e et heureuse vous attend.<\/p>\n<p class=\"x_gmail-Corps\">Le mental inf\u00e9rieur est retir\u00e9 du monde ext\u00e9rieur.<\/p>\n<p class=\"x_gmail-Corps\">Les sens sont abstraits dans l&#8217;esprit.<\/p>\n<p class=\"x_gmail-Corps\">L&#8217;esprit individuel ne fait qu&#8217;un avec l&#8217;esprit cosmique ou l&#8217;\u00e2me sup\u00e9rieure, l&#8217;\u00e2me de l&#8217;univers.<\/p>\n<p class=\"x_gmail-Corps\">Les fonctions de l&#8217;intellect, de l&#8217;esprit objectif et des sens sont suspendues.<\/p>\n<p class=\"x_gmail-Corps\">Devenez une \u00e2me vivante et voyez la vie des choses \u00e0 travers votre nouvel \u0153il divin d&#8217;intuition et de sagesse.<\/p>\n<p class=\"x_gmail-Corps\">L&#8217;\u00e9tat de Conscience Cosmique JE SUIS est grand et sublime.<\/p>\n<p class=\"x_gmail-Corps\">C\u2019est au-del\u00e0 de toute description. L&#8217;esprit et la parole en reviennent d\u00e9concert\u00e9s, car ils ne sont pas capables de le saisir et de le d\u00e9crire.<\/p>\n<p class=\"x_gmail-Corps\">La langue et les mots sont imparfaits. Il induit la joie supr\u00eame et la plus haute f\u00e9licit\u00e9 sans m\u00e9lange, libres de douleur, de chagrin et de peur.<\/p>\n<p class=\"x_gmail-Corps\">C&#8217;est une exp\u00e9rience divine dans laquelle les arch\u00e9types sont r\u00e9alis\u00e9s directement.<\/p>\n<p class=\"x_gmail-Corps\">*Enseignement audio exceptionnel de 60 minutes, \u00e0 \u00e9couter 7 jours cons\u00e9cutifs au mieux, afin d&#8217;en accueillir toute la substance \u00e9clair\u00e9e.<\/p>\n<p class=\"x_gmail-Corps\"><span style=\"font-family: Parisian BT;\">*Avec musique des hautes Sph\u00e8res \u00e0 432 Hz<\/span><\/p>\n<div>\n<p class=\"x_gmail-Corps\">\n<\/div>\n","protected":false},"excerpt":{"rendered":"<p>Une exp\u00e9rience exalt\u00e9e et heureuse vous attend. Le mental inf\u00e9rieur est retir\u00e9 du monde ext\u00e9rieur. Les sens sont abstraits dans l&#8217;esprit. L&#8217;esprit individuel ne fait qu&#8217;un avec l&#8217;esprit cosmique ou l&#8217;\u00e2me sup\u00e9rieure, l&#8217;\u00e2me de l&#8217;univers. Les fonctions de l&#8217;intellect, de l&#8217;esprit objectif et des sens sont suspendues. Devenez une \u00e2me vivante et voyez la vie [&hellip;]<\/p>\n","protected":false},"featured_media":20652,"template":"","meta":[],"product_cat":[16],"product_tag":[],"_links":{"self":[{"href":"https:\/\/crea.enseignementdemichael.fr\/index.php\/wp-json\/wp\/v3\/product\/20655"}],"collection":[{"href":"https:\/\/crea.enseignementdemichael.fr\/index.php\/wp-json\/wp\/v3\/product"}],"about":[{"href":"https:\/\/crea.enseignementdemichael.fr\/index.php\/wp-json\/wp\/v2\/types\/product"}],"wp:featuredmedia":[{"embeddable":true,"href":"https:\/\/crea.enseignementdemichael.fr\/index.php\/wp-json\/wp\/v2\/media\/20652"}],"wp:attachment":[{"href":"https:\/\/crea.enseignementdemichael.fr\/index.php\/wp-json\/wp\/v2\/media?parent=20655"}],"wp:term":[{"taxonomy":"product_cat","embeddable":true,"href":"https:\/\/crea.enseignementdemichael.fr\/index.php\/wp-json\/wp\/v2\/product_cat?post=20655"},{"taxonomy":"product_tag","embeddable":true,"href":"https:\/\/crea.enseignementdemichael.fr\/index.php\/wp-json\/wp\/v2\/product_tag?post=20655"}],"curies":[{"name":"wp","href":"https:\/\/api.w.org\/{rel}","templated":true}]}}