{"id":20666,"date":"2024-08-16T15:48:43","date_gmt":"2024-08-16T13:48:43","guid":{"rendered":"https:\/\/www.enseignementdemichael.fr\/?post_type=product&#038;p=20666"},"modified":"2024-09-09T08:38:11","modified_gmt":"2024-09-09T06:38:11","slug":"procede-quantique-avec-marie-elevation","status":"publish","type":"product","link":"https:\/\/crea.enseignementdemichael.fr\/index.php\/produit\/procede-quantique-avec-marie-elevation\/","title":{"rendered":"PROC\u00c9D\u00c9 QUANTIQUE AVEC MARIE \u00c9L\u00c9VATION"},"content":{"rendered":"<div><\/div>\n<div><i>&#8220;C&#8217; est une grande gr\u00e2ce ce soin ! Inestimable ! &#8221; Marie-Christine C.<\/i><\/div>\n<div><\/div>\n<div>Venez prendre un bain d&#8217;\u00e9nergie mariale immacul\u00e9e, un oc\u00e9an de jouvence vous attend.<\/div>\n<div><\/div>\n<div>Cette s\u00e9ance d&#8217;une heure pourrait bien marquer un v\u00e9ritable tournant, une r\u00e9v\u00e9lation qui ne vous quittera plus jamais.<\/div>\n<div><\/div>\n<div>C&#8217;est une exp\u00e9rience orgasmique pour chacun de vos corps subtils, pouvant vous placer en \u00e9tat de f\u00e9licit\u00e9, tous vos sens seront exalt\u00e9s.<\/div>\n<div><\/div>\n<div>Votre conscience va retrouver le chemin de la maison, source de jouissance, renouant le lien sacr\u00e9 avec vous-m\u00eame, un tel retour \u00e0 soi est d&#8217;une saveur au-del\u00e0 de toute esp\u00e9rance.<\/div>\n<div><\/div>\n<div>Dans ce nouvel \u00e9tat d&#8217;\u00eatre, le curseur de votre vie va se positionner sur des possibilit\u00e9s et\u00a0 opportunit\u00e9s d&#8217;une beaut\u00e9 et d&#8217;une saveur manifestes.<\/div>\n<div><\/div>\n<div>Cette grande s\u00e9ance est une chance inestimable pour chacun, afin d&#8217;\u00e9claircir\u00a0durablement votre chemin de vie.<\/div>\n<div><\/div>\n<div>-Musique harmonique \u00e0 432 Hz<\/div>\n<div>-A effectuer\u00a07 jours cons\u00e9cutifs<\/div>\n<div>-Pensez \u00e0 l&#8217;enregistrer sur cl\u00e9 USb afin de l&#8217;avoir \u00e0 vie<\/div>\n<div><\/div>\n<div>Je vous en souhaite de puissants bienfaits et de merveilleuses gr\u00e2ces.<\/div>\n","protected":false},"excerpt":{"rendered":"<p>&#8220;C&#8217; est une grande gr\u00e2ce ce soin ! Inestimable ! &#8221; Marie-Christine C. Venez prendre un bain d&#8217;\u00e9nergie mariale immacul\u00e9e, un oc\u00e9an de jouvence vous attend. Cette s\u00e9ance d&#8217;une heure pourrait bien marquer un v\u00e9ritable tournant, une r\u00e9v\u00e9lation qui ne vous quittera plus jamais. C&#8217;est une exp\u00e9rience orgasmique pour chacun de vos corps subtils, pouvant [&hellip;]<\/p>\n","protected":false},"featured_media":20664,"template":"","meta":[],"product_cat":[16],"product_tag":[],"_links":{"self":[{"href":"https:\/\/crea.enseignementdemichael.fr\/index.php\/wp-json\/wp\/v3\/product\/20666"}],"collection":[{"href":"https:\/\/crea.enseignementdemichael.fr\/index.php\/wp-json\/wp\/v3\/product"}],"about":[{"href":"https:\/\/crea.enseignementdemichael.fr\/index.php\/wp-json\/wp\/v2\/types\/product"}],"wp:featuredmedia":[{"embeddable":true,"href":"https:\/\/crea.enseignementdemichael.fr\/index.php\/wp-json\/wp\/v2\/media\/20664"}],"wp:attachment":[{"href":"https:\/\/crea.enseignementdemichael.fr\/index.php\/wp-json\/wp\/v2\/media?parent=20666"}],"wp:term":[{"taxonomy":"product_cat","embeddable":true,"href":"https:\/\/crea.enseignementdemichael.fr\/index.php\/wp-json\/wp\/v2\/product_cat?post=20666"},{"taxonomy":"product_tag","embeddable":true,"href":"https:\/\/crea.enseignementdemichael.fr\/index.php\/wp-json\/wp\/v2\/product_tag?post=20666"}],"curies":[{"name":"wp","href":"https:\/\/api.w.org\/{rel}","templated":true}]}}