{"id":21372,"date":"2024-12-04T14:10:04","date_gmt":"2024-12-04T13:10:04","guid":{"rendered":"https:\/\/www.enseignementdemichael.fr\/?post_type=product&#038;p=21372"},"modified":"2024-12-13T19:55:49","modified_gmt":"2024-12-13T18:55:49","slug":"enseignement-nxxii-22-secrets-et-pouvoir-des-maitres-ascensionnes","status":"publish","type":"product","link":"https:\/\/crea.enseignementdemichael.fr\/index.php\/produit\/enseignement-nxxii-22-secrets-et-pouvoir-des-maitres-ascensionnes\/","title":{"rendered":"ENSEIGNEMENT N\u00b0XXII (22) SECRETS ET POUVOIR DES MAITRES ASCENSIONNES"},"content":{"rendered":"<div data-olk-copy-source=\"MessageBody\"><\/div>\n<div data-olk-copy-source=\"MessageBody\">Les ma\u00eetres \u00e0 la rescousse!<\/div>\n<div>\n<div class=\"x_gmail_signature\" dir=\"ltr\" data-smartmail=\"gmail_signature\">\n<div dir=\"ltr\">\n<div dir=\"ltr\">\n<div dir=\"ltr\">\n<div dir=\"ltr\">\n<div dir=\"ltr\">\n<div dir=\"ltr\">\n<div dir=\"ltr\">\n<div dir=\"ltr\">\n<div dir=\"ltr\">\n<div dir=\"ltr\">\n<div dir=\"ltr\">\n<div dir=\"ltr\">\n<div dir=\"ltr\">\n<div dir=\"ltr\">\n<div dir=\"ltr\">\n<div dir=\"ltr\">\n<div dir=\"ltr\">\n<div dir=\"ltr\">\n<div dir=\"ltr\">\n<div dir=\"ltr\">\n<div dir=\"ltr\">\n<div dir=\"ltr\">\n<div dir=\"ltr\">\n<div dir=\"ltr\">\n<div dir=\"ltr\">\n<div dir=\"ltr\">\n<div dir=\"ltr\">\n<div dir=\"ltr\">\n<div dir=\"ltr\">\n<div dir=\"ltr\">\n<div dir=\"ltr\">\n<div dir=\"ltr\">\n<div dir=\"ltr\">\n<div dir=\"ltr\">\n<div dir=\"ltr\">\n<div dir=\"ltr\">\n<div dir=\"ltr\">\n<div dir=\"ltr\">\n<div dir=\"ltr\">\n<div dir=\"ltr\">\n<div dir=\"ltr\">\n<div dir=\"ltr\">\n<div dir=\"ltr\">\n<div dir=\"ltr\">\n<div dir=\"ltr\">\n<div dir=\"ltr\">\n<div dir=\"ltr\">\n<div dir=\"ltr\">\n<div dir=\"ltr\">\n<div dir=\"ltr\">\n<div dir=\"ltr\">\n<div dir=\"ltr\">\n<div dir=\"ltr\">\n<div dir=\"ltr\">\n<div dir=\"ltr\">\n<div dir=\"ltr\">\n<div dir=\"ltr\">\n<div dir=\"ltr\">\n<div dir=\"ltr\">\n<div dir=\"ltr\">\n<div dir=\"ltr\">\n<div dir=\"ltr\">\n<div dir=\"ltr\">\n<div dir=\"ltr\">\n<div dir=\"ltr\">\n<div dir=\"ltr\">\n<div dir=\"ltr\">\n<div dir=\"ltr\">\n<div dir=\"ltr\">\n<div dir=\"ltr\">\n<div dir=\"ltr\">\n<div dir=\"ltr\">\n<div dir=\"ltr\">\n<div dir=\"ltr\">\n<div dir=\"ltr\">\n<div dir=\"ltr\">\n<div dir=\"ltr\">\n<div dir=\"ltr\">\n<div dir=\"ltr\">\n<div dir=\"ltr\">\n<div dir=\"ltr\">\n<div dir=\"ltr\">\n<div dir=\"ltr\">\n<div dir=\"ltr\">\n<div dir=\"ltr\">\n<div dir=\"ltr\">\n<div dir=\"ltr\">\n<div dir=\"ltr\">\n<div dir=\"ltr\">\n<div dir=\"ltr\">\n<div dir=\"ltr\">\n<div dir=\"ltr\">\n<div dir=\"ltr\">\n<div dir=\"ltr\">\n<div dir=\"ltr\">\n<div dir=\"ltr\">\n<div dir=\"ltr\">\n<div dir=\"ltr\">\n<div dir=\"ltr\">\n<div dir=\"ltr\">\n<div dir=\"ltr\">\n<div dir=\"ltr\">\n<div dir=\"ltr\">\n<div dir=\"ltr\">\n<div dir=\"ltr\">\n<div dir=\"ltr\">\n<div dir=\"ltr\">\n<div dir=\"ltr\">\n<div dir=\"ltr\">\n<div dir=\"ltr\">\n<div dir=\"ltr\">\n<div dir=\"ltr\">\n<div dir=\"ltr\">\n<div dir=\"ltr\">\n<div dir=\"ltr\">\n<div dir=\"ltr\">\n<div dir=\"ltr\">\n<div dir=\"ltr\">\n<div dir=\"ltr\">\n<div dir=\"ltr\">\n<div dir=\"ltr\">\n<div dir=\"ltr\">\n<div dir=\"ltr\">\n<div dir=\"ltr\">\n<div dir=\"ltr\">\n<div dir=\"ltr\">\n<div dir=\"ltr\">\n<div dir=\"ltr\">\n<div dir=\"ltr\">\n<div dir=\"ltr\">\n<div dir=\"ltr\">\n<div dir=\"ltr\">\n<div dir=\"ltr\">\n<div dir=\"ltr\">\n<div dir=\"ltr\">\n<div dir=\"ltr\">\n<div dir=\"ltr\">\n<div dir=\"ltr\">\n<div dir=\"ltr\">\n<div dir=\"ltr\">\n<div dir=\"ltr\">\n<div dir=\"ltr\">\n<div dir=\"ltr\">\n<div dir=\"ltr\">\n<div dir=\"ltr\">\n<div dir=\"ltr\">\n<div dir=\"ltr\">\n<div dir=\"ltr\">\n<div dir=\"ltr\">\n<div dir=\"ltr\">\n<div dir=\"ltr\">\n<div dir=\"ltr\">\n<div dir=\"ltr\">\n<div dir=\"ltr\">\n<div dir=\"ltr\">\n<div dir=\"ltr\">\n<div>\n<div class=\"x_gmail-flex x_gmail-max-w-full x_gmail-flex-col x_gmail-flex-grow\">\n<div class=\"x_gmail-min-h-8 x_gmail-text-message x_gmail-flex x_gmail-w-full x_gmail-flex-col x_gmail-items-end x_gmail-gap-2 x_gmail-whitespace-normal x_gmail-break-words x_gmail-[.text-message+&amp;]:mt-5\" dir=\"auto\">\n<div class=\"x_gmail-flex x_gmail-w-full x_gmail-flex-col x_gmail-gap-1 x_empty:hidden x_gmail-first:pt-[3px]\">\n<div class=\"x_gmail-markdown x_gmail-prose x_gmail-w-full x_gmail-break-words x_gmail-dark:prose-invert x_gmail-dark\">\n<p>Avez-vous d\u00e9j\u00e0 ressenti que certains obstacles se r\u00e9p\u00e8tent inlassablement dans votre vie ?<\/p>\n<p>Des sch\u00e9mas de souffrance, de manque, ou de solitude qui semblent revenir, malgr\u00e9 vos efforts pour les surmonter ?<\/p>\n<p>C&#8217;est souvent parce que nous n\u00e9gligeons une ressource pr\u00e9cieuse : <strong>l&#8217;aide des Ma\u00eetres Ascensionn\u00e9s<\/strong>.<\/p>\n<p>Ces \u00eatres de lumi\u00e8re, guides divins au service de l&#8217;humanit\u00e9, d\u00e9tiennent les cl\u00e9s pour transformer nos blocages en opportunit\u00e9s d&#8217;\u00e9volution.<\/p>\n<p>Aujourd&#8217;hui, j&#8217;ai le plaisir de vous pr\u00e9senter mon tout nouvel enseignement audio : <strong>&#8220;Secrets et pouvoir des Ma\u00eetres Ascensionn\u00e9s&#8221;<\/strong>, l&#8217;enseignement n\u00b0XXII de la hi\u00e9rarchie de l&#8217;Archange Micha\u00ebl. Pendant 77<strong>\u00a0minutes<\/strong>, je partage avec vous :<\/p>\n<ul>\n<li>Qui sont ces Ma\u00eetres lumineux, et pourquoi leur influence peut changer votre vie.<\/li>\n<li>Comment travailler avec eux de mani\u00e8re pratique pour recevoir leur guidance et leur puissance.<\/li>\n<li>Les nombreux <strong>b\u00e9n\u00e9fices<\/strong> d&#8217;une connexion profonde avec eux : paix int\u00e9rieure, abondance, gu\u00e9rison, alignement spirituel, et bien plus encore.<\/li>\n<li>La bonne nouvelle, c\u2019est qu\u2019avec eux, <strong>tout devient plus clair, plus fluide, et infiniment plus lumineux.<\/strong><\/li>\n<\/ul>\n<h3><\/h3>\n<h3><strong>Pourquoi attendre ? Transformez votre vie d\u00e8s aujourd&#8217;hui.<\/strong><\/h3>\n<p>Vous n\u2019avez rien \u00e0 perdre, mais tout \u00e0 gagner : s\u00e9r\u00e9nit\u00e9, guidance divine, et le soutien des Ma\u00eetres Ascensionn\u00e9s pour avancer avec confiance dans votre vie.<\/p>\n<p><strong>Les Ma\u00eetres Ascensionn\u00e9s vous attendent pour vous transmettre leurs b\u00e9n\u00e9dictions.<\/strong> Commencez cette transformation d\u00e8s aujourd&#8217;hui !<\/p>\n<h3><strong>Une offre exceptionnelle pour vous guider d\u00e8s maintenant<\/strong><\/h3>\n<p>Pour cet enseignement, je vous propose :<\/p>\n<ul>\n<li>Enseignement Audio de 77 minutes avec ou sans musique ang\u00e9lique \u00e0 432 Hz<\/li>\n<li>\u00c0 t\u00e9l\u00e9charger\u00a0dans votre appareil pour les avoir \u00e0 vie, \u00e0 emporter partout.<\/li>\n<\/ul>\n<p>&nbsp;<\/p>\n<\/div>\n<\/div>\n<\/div>\n<\/div>\n<\/div>\n<\/div>\n<\/div>\n<\/div>\n<\/div>\n<\/div>\n<\/div>\n<\/div>\n<\/div>\n<\/div>\n<\/div>\n<\/div>\n<\/div>\n<\/div>\n<\/div>\n<\/div>\n<\/div>\n<\/div>\n<\/div>\n<\/div>\n<\/div>\n<\/div>\n<\/div>\n<\/div>\n<\/div>\n<\/div>\n<\/div>\n<\/div>\n<\/div>\n<\/div>\n<\/div>\n<\/div>\n<\/div>\n<\/div>\n<\/div>\n<\/div>\n<\/div>\n<\/div>\n<\/div>\n<\/div>\n<\/div>\n<\/div>\n<\/div>\n<\/div>\n<\/div>\n<\/div>\n<\/div>\n<\/div>\n<\/div>\n<\/div>\n<\/div>\n<\/div>\n<\/div>\n<\/div>\n<\/div>\n<\/div>\n<\/div>\n<\/div>\n<\/div>\n<\/div>\n<\/div>\n<\/div>\n<\/div>\n<\/div>\n<\/div>\n<\/div>\n<\/div>\n<\/div>\n<\/div>\n<\/div>\n<\/div>\n<\/div>\n<\/div>\n<\/div>\n<\/div>\n<\/div>\n<\/div>\n<\/div>\n<\/div>\n<\/div>\n<\/div>\n<\/div>\n<\/div>\n<\/div>\n<\/div>\n<\/div>\n<\/div>\n<\/div>\n<\/div>\n<\/div>\n<\/div>\n<\/div>\n<\/div>\n<\/div>\n<\/div>\n<\/div>\n<\/div>\n<\/div>\n<\/div>\n<\/div>\n<\/div>\n<\/div>\n<\/div>\n<\/div>\n<\/div>\n<\/div>\n<\/div>\n<\/div>\n<\/div>\n<\/div>\n<\/div>\n<\/div>\n<\/div>\n<\/div>\n<\/div>\n<\/div>\n<\/div>\n<\/div>\n<\/div>\n<\/div>\n<\/div>\n<\/div>\n<\/div>\n<\/div>\n<\/div>\n<\/div>\n<\/div>\n<\/div>\n<\/div>\n<\/div>\n<\/div>\n<\/div>\n<\/div>\n<\/div>\n<\/div>\n<\/div>\n<\/div>\n<\/div>\n<\/div>\n<\/div>\n<\/div>\n<\/div>\n<\/div>\n<\/div>\n<\/div>\n<\/div>\n<\/div>\n<\/div>\n<\/div>\n<\/div>\n<\/div>\n<\/div>\n<\/div>\n<\/div>\n<\/div>\n<\/div>\n<\/div>\n<\/div>\n<\/div>\n","protected":false},"excerpt":{"rendered":"<p>Les ma\u00eetres \u00e0 la rescousse! Avez-vous d\u00e9j\u00e0 ressenti que certains obstacles se r\u00e9p\u00e8tent inlassablement dans votre vie ? Des sch\u00e9mas de souffrance, de manque, ou de solitude qui semblent revenir, malgr\u00e9 vos efforts pour les surmonter ? C&#8217;est souvent parce que nous n\u00e9gligeons une ressource pr\u00e9cieuse : l&#8217;aide des Ma\u00eetres Ascensionn\u00e9s. Ces \u00eatres de lumi\u00e8re, [&hellip;]<\/p>\n","protected":false},"featured_media":21370,"template":"","meta":[],"product_cat":[16],"product_tag":[],"_links":{"self":[{"href":"https:\/\/crea.enseignementdemichael.fr\/index.php\/wp-json\/wp\/v3\/product\/21372"}],"collection":[{"href":"https:\/\/crea.enseignementdemichael.fr\/index.php\/wp-json\/wp\/v3\/product"}],"about":[{"href":"https:\/\/crea.enseignementdemichael.fr\/index.php\/wp-json\/wp\/v2\/types\/product"}],"wp:featuredmedia":[{"embeddable":true,"href":"https:\/\/crea.enseignementdemichael.fr\/index.php\/wp-json\/wp\/v2\/media\/21370"}],"wp:attachment":[{"href":"https:\/\/crea.enseignementdemichael.fr\/index.php\/wp-json\/wp\/v2\/media?parent=21372"}],"wp:term":[{"taxonomy":"product_cat","embeddable":true,"href":"https:\/\/crea.enseignementdemichael.fr\/index.php\/wp-json\/wp\/v2\/product_cat?post=21372"},{"taxonomy":"product_tag","embeddable":true,"href":"https:\/\/crea.enseignementdemichael.fr\/index.php\/wp-json\/wp\/v2\/product_tag?post=21372"}],"curies":[{"name":"wp","href":"https:\/\/api.w.org\/{rel}","templated":true}]}}