{"id":21450,"date":"2024-12-17T14:15:11","date_gmt":"2024-12-17T13:15:11","guid":{"rendered":"https:\/\/www.enseignementdemichael.fr\/?post_type=product&#038;p=21450"},"modified":"2024-12-30T15:30:16","modified_gmt":"2024-12-30T14:30:16","slug":"activation-christique-avec-les-etres-de-lumiere","status":"publish","type":"product","link":"https:\/\/crea.enseignementdemichael.fr\/index.php\/produit\/activation-christique-avec-les-etres-de-lumiere\/","title":{"rendered":"ACTIVATION CHRISTIQUE AVEC LES \u00caTRES\u00a0DE LUMI\u00c8RE\u00a0"},"content":{"rendered":"<div><\/div>\n<div>\n<div>\n<div dir=\"auto\">\n<p>Plongez dans un moment sacr\u00e9 et transformateur avec le\u00a0<strong>Soin D&#8217;alignement Spirituel \u00e0 l&#8217;\u00e9nergie d&#8217;Amour immacul\u00e9<\/strong>, une exp\u00e9rience audio unique de 41 minutes.<\/p>\n<p>Ce soin est une v\u00e9ritable c\u00e9l\u00e9bration de l&#8217;\u00e9nergie christique et une communion profonde avec les \u00catres de Lumi\u00e8re.<\/p>\n<h4><strong>Ce soin est con\u00e7u pour :<\/strong><\/h4>\n<p>\u2728\u00a0<strong>\u00c9veiller votre lumi\u00e8re int\u00e9rieure<\/strong>\u00a0gr\u00e2ce \u00e0 l&#8217;activation des attributs christiques, tels que l&#8217;amour inconditionnel, la paix et la compassion.<br \/>\n\u2728\u00a0<strong>Recevoir une \u00e9nergie puissante de gu\u00e9rison et d&#8217;alignement<\/strong>, directement transmise par les \u00catres de Lumi\u00e8re qui veillent sur vous.<br \/>\n\u2728\u00a0<strong>Vous reconnecter \u00e0 votre essence divine<\/strong>, vous apportant s\u00e9r\u00e9nit\u00e9, joie et force pour traverser cette p\u00e9riode de f\u00eates avec une vibration \u00e9lev\u00e9e.<\/p>\n<h4><strong>Les Bienfaits de ce soin :<\/strong><\/h4>\n<p>\ud83c\udf1f\u00a0<strong>Purification \u00e9nerg\u00e9tique<\/strong>\u00a0: Lib\u00e9rez les blocages et les tensions accumul\u00e9s pour retrouver clart\u00e9 et fluidit\u00e9 dans votre \u00e9nergie.<br \/>\n\ud83c\udf1f\u00a0<strong>Activation des attributs christiques<\/strong>\u00a0: Int\u00e9grez les fr\u00e9quences de paix, de foi et d&#8217;amour dans vos corps \u00e9nerg\u00e9tiques.<br \/>\n\ud83c\udf1f\u00a0<strong>Ancrage et \u00e9lan spirituel<\/strong>\u00a0: Pr\u00e9parez-vous \u00e0 accueillir l&#8217;ann\u00e9e \u00e0 venir avec une conscience amplifi\u00e9e et une \u00e9nergie renouvel\u00e9e.<\/p>\n<h4><strong>Pourquoi ce soin est-il crucial ?<\/strong><\/h4>\n<p>Nous traversons une p\u00e9riode d&#8217;ouverture spirituelle, o\u00f9 les \u00e9nergies de lumi\u00e8re descendent plus intens\u00e9ment sur la Terre. Ce soin est une invitation \u00e0 vous connecter \u00e0 ces vibrations \u00e9lev\u00e9es et \u00e0 recevoir un v\u00e9ritable cadeau pour votre \u00e2me : la gu\u00e9rison, l&#8217;harmonie, et l&#8217;\u00e9l\u00e9vation spirituelle.<\/p>\n<h4><strong>Comment cela fonctionne :<\/strong><\/h4>\n<p>Installez-vous dans un espace calme, \u00e9coutez l&#8217;audio, et laissez-vous porter par la voix qui vous guide. Les \u00e9nergies puissantes des \u00catres de Lumi\u00e8re et de l&#8217;activation christique travailleront directement sur vos champs subtils pour vous aligner avec votre plein potentiel divin.<\/p>\n<p><i>A \u00e9couter par p\u00e9riode de 7 jours cons\u00e9cutifs.<\/i><\/p>\n<h4><strong>Un cadeau essentiel \u00e0 votre \u00e2me<\/strong><\/h4>\n<p>Ce soin vibrant est le cadeau id\u00e9al \u00e0 vous offrir\u00a0une fois pour toutes, pour illuminer votre ann\u00e9e et vous \u00e9lever spirituellement.<\/p>\n<p>Pr\u00eat(e) \u00e0 vivre cette exp\u00e9rience divine ?<\/p>\n<p><strong>Commandez votre <\/strong><strong>Soin D&#8217;alignement Spirituel \u00e0 l&#8217;\u00e9nergie d&#8217;Amour immacul\u00e9<\/strong>\u00a0\u00a0<strong>\u00a0d\u00e8s aujourd&#8217;hui<\/strong>\u00a0et laissez la lumi\u00e8re christique transformer votre vie.\u00a0\ud83c\udf1f\u2728<\/p>\n<\/div>\n<\/div>\n<\/div>\n","protected":false},"excerpt":{"rendered":"<p>Plongez dans un moment sacr\u00e9 et transformateur avec le\u00a0Soin D&#8217;alignement Spirituel \u00e0 l&#8217;\u00e9nergie d&#8217;Amour immacul\u00e9, une exp\u00e9rience audio unique de 41 minutes. Ce soin est une v\u00e9ritable c\u00e9l\u00e9bration de l&#8217;\u00e9nergie christique et une communion profonde avec les \u00catres de Lumi\u00e8re. Ce soin est con\u00e7u pour : \u2728\u00a0\u00c9veiller votre lumi\u00e8re int\u00e9rieure\u00a0gr\u00e2ce \u00e0 l&#8217;activation des attributs christiques, [&hellip;]<\/p>\n","protected":false},"featured_media":21579,"template":"","meta":[],"product_cat":[16],"product_tag":[],"_links":{"self":[{"href":"https:\/\/crea.enseignementdemichael.fr\/index.php\/wp-json\/wp\/v3\/product\/21450"}],"collection":[{"href":"https:\/\/crea.enseignementdemichael.fr\/index.php\/wp-json\/wp\/v3\/product"}],"about":[{"href":"https:\/\/crea.enseignementdemichael.fr\/index.php\/wp-json\/wp\/v2\/types\/product"}],"wp:featuredmedia":[{"embeddable":true,"href":"https:\/\/crea.enseignementdemichael.fr\/index.php\/wp-json\/wp\/v2\/media\/21579"}],"wp:attachment":[{"href":"https:\/\/crea.enseignementdemichael.fr\/index.php\/wp-json\/wp\/v2\/media?parent=21450"}],"wp:term":[{"taxonomy":"product_cat","embeddable":true,"href":"https:\/\/crea.enseignementdemichael.fr\/index.php\/wp-json\/wp\/v2\/product_cat?post=21450"},{"taxonomy":"product_tag","embeddable":true,"href":"https:\/\/crea.enseignementdemichael.fr\/index.php\/wp-json\/wp\/v2\/product_tag?post=21450"}],"curies":[{"name":"wp","href":"https:\/\/api.w.org\/{rel}","templated":true}]}}