{"id":2196,"date":"2020-03-31T12:37:24","date_gmt":"2020-03-31T10:37:24","guid":{"rendered":"https:\/\/www.enseignementdemichael.fr\/?post_type=product&#038;p=2196"},"modified":"2024-01-08T14:56:50","modified_gmt":"2024-01-08T13:56:50","slug":"soin-quantique-m-v-q-c","status":"publish","type":"product","link":"https:\/\/crea.enseignementdemichael.fr\/index.php\/produit\/soin-quantique-m-v-q-c\/","title":{"rendered":"Soin Quantique M.V.Q.C"},"content":{"rendered":"<div>Comment s&#8217;extraire des m\u00e9moires eronn\u00e9es, croyances limitantes et peurs ancestrales de l&#8217;humanit\u00e9?<\/div>\n<div>\n<p class=\"x_MsoNormal\">C\u2019est une Op\u00e9ration cruciale d\u2019EXTRACTION qui nous est demand\u00e9e.<\/p>\n<p class=\"x_MsoNormal\">Chaque \u00eatre humain, chaque \u00e2me doit le faire au niveau de sa conscience individuelle.<\/p>\n<p class=\"x_MsoNormal\">En vous autorisant ce travail de lib\u00e9ration vous-m\u00eame, vous permettez aux autres \u00e2mes de s\u2019autoriser \u00e0 agir de m\u00eame.<\/p>\n<p class=\"x_MsoNormal\">N\u2019oubliez pas, nous faisons parti du grand tout, et nous sommes tous reli\u00e9s. Chaque travail de lumi\u00e8re que vous inscrivez dans votre champ d\u2019\u00e9nergies, s\u2019inscrit alors dans l\u2019\u00e9nergie plan\u00e9taire.<\/p>\n<p class=\"x_MsoNormal\">S\u2019extraire soi-m\u00eame et trancher les attachements aux vieilles m\u00e9moires et croyances limitantes de la conscience collective de l\u2019humanit\u00e9 est aujourd\u2019hui compl\u00e8tement possible, et cela va permettre aussi de craqueler, de fissurer, de fragmenter, ces croyances erron\u00e9es densifi\u00e9es au niveau collectif.<\/p>\n<p class=\"x_MsoNormal\">Si chaque \u00eatre humain, chaque \u00eatre \u00e9veill\u00e9 sur cette terre faisait ce travail, cela permettrait \u00e0 ces croyances douloureuses qui emprisonne l\u2019\u00e2me de se d\u00e9cristalliser et de disparaitre de la conscience collective humaine, et du champ d\u2019\u00e9nergies qui nous entoure.<\/p>\n<p class=\"x_MsoNormal\">Si vous voulez vous extraire \u00e0 votre niveau de ces croyances douloureuses et contraignantes, pour ne plus subir leurs influences, vous pouvez commander le nouveau soin quantique MVQC, actuellement disponible en t\u00e9l\u00e9chargement pour cette p\u00e9riode si sp\u00e9ciale.<\/p>\n<p class=\"x_MsoNormal\">Les hi\u00e9rarchies c\u00e9lestes nous demandent un vrai travail d\u2019extraction avec les puissantes \u00e9nergies de l\u2019archange M\u00e9tatron, archange des archange, lumi\u00e8re du monde.<\/p>\n<p class=\"x_MsoNormal\">Il me parait judicieux de d\u00e9marrer ce travail d\u00e8s maintenant.<\/p>\n<p>Tarif : 110 euros<\/p>\n<\/div>\n","protected":false},"excerpt":{"rendered":"<p>Comment s&#8217;extraire des m\u00e9moires eronn\u00e9es, croyances limitantes et peurs ancestrales de l&#8217;humanit\u00e9? C\u2019est une Op\u00e9ration cruciale d\u2019EXTRACTION qui nous est demand\u00e9e. Chaque \u00eatre humain, chaque \u00e2me doit le faire au niveau de sa conscience individuelle. En vous autorisant ce travail de lib\u00e9ration vous-m\u00eame, vous permettez aux autres \u00e2mes de s\u2019autoriser \u00e0 agir de m\u00eame. N\u2019oubliez [&hellip;]<\/p>\n","protected":false},"featured_media":1709,"template":"","meta":[],"product_cat":[16],"product_tag":[],"_links":{"self":[{"href":"https:\/\/crea.enseignementdemichael.fr\/index.php\/wp-json\/wp\/v3\/product\/2196"}],"collection":[{"href":"https:\/\/crea.enseignementdemichael.fr\/index.php\/wp-json\/wp\/v3\/product"}],"about":[{"href":"https:\/\/crea.enseignementdemichael.fr\/index.php\/wp-json\/wp\/v2\/types\/product"}],"wp:featuredmedia":[{"embeddable":true,"href":"https:\/\/crea.enseignementdemichael.fr\/index.php\/wp-json\/wp\/v2\/media\/1709"}],"wp:attachment":[{"href":"https:\/\/crea.enseignementdemichael.fr\/index.php\/wp-json\/wp\/v2\/media?parent=2196"}],"wp:term":[{"taxonomy":"product_cat","embeddable":true,"href":"https:\/\/crea.enseignementdemichael.fr\/index.php\/wp-json\/wp\/v2\/product_cat?post=2196"},{"taxonomy":"product_tag","embeddable":true,"href":"https:\/\/crea.enseignementdemichael.fr\/index.php\/wp-json\/wp\/v2\/product_tag?post=2196"}],"curies":[{"name":"wp","href":"https:\/\/api.w.org\/{rel}","templated":true}]}}