{"id":4565,"date":"2020-11-22T10:52:18","date_gmt":"2020-11-22T09:52:18","guid":{"rendered":"https:\/\/www.enseignementdemichael.fr\/?post_type=product&#038;p=4565"},"modified":"2023-10-25T14:39:46","modified_gmt":"2023-10-25T12:39:46","slug":"enseignement-v-de-michael-le-desir","status":"publish","type":"product","link":"https:\/\/crea.enseignementdemichael.fr\/index.php\/produit\/enseignement-v-de-michael-le-desir\/","title":{"rendered":"ENSEIGNEMENT V DE MICHAEL LE D\u00c9SIR"},"content":{"rendered":"<p>La vibration du d\u00e9sir peut appara\u00eetre sous diff\u00e9rentes formes, et influer n\u00e9gativement ou positivement sur chaque aspect de votre vie.<\/p>\n<div>\n<div><span style=\"color: #444444; font-family: Gaduji, Roboto, Arial, Helvetica, serif;\">\u00a0<\/span><\/div>\n<div><span style=\"color: #444444; font-family: Gaduji, Roboto, Arial, Helvetica, serif;\">Nous avons des centaines de milliers de d\u00e9sirs, conscients ou pas.<\/span><\/div>\n<div><\/div>\n<div>\u00a0En ressentant les \u00e9motions associ\u00e9es \u00e0 la r\u00e9alisation de votre d\u00e9sir, vous \u00e9mettez de fa\u00e7on constante la vibration qui lui est propre.<\/div>\n<div><\/div>\n<div>En accord avec le principe de l\u2019attraction, vous pourriez commencer\u00a0d\u00e9j\u00e0 \u00e0 cr\u00e9er cette exp\u00e9rience dans votre vie.<\/div>\n<div><\/div>\n<div>Mais qu&#8217;en est-il des cons\u00e9quences?<\/div>\n<div><\/div>\n<div>Comment \u00e9viter les blocages \u00e9nerg\u00e9tiques que peuvent cr\u00e9er certaines vibrations denses du d\u00e9sir?<\/div>\n<div><\/div>\n<div>Quels sont les pi\u00e8ges du d\u00e9sir et comment les \u00e9viter?<\/div>\n<div><\/div>\n<div>Car le d\u00e9sir peut \u00e9maner du moi inf\u00e9rieur, cr\u00e9ant le manque, les distorsions \u00e9nerg\u00e9tiques et nourrissant l&#8217;\u00e9go&#8230;nous conduisant droit dans le mur.<\/div>\n<div><\/div>\n<div>Apprenez \u00e0 identifier un d\u00e9sir sup\u00e9rieur qui s&#8217;aligne vibratoirement en transformant votre \u00e9nergie, en cr\u00e9ant un champ harmonique parfait.<\/div>\n<div><\/div>\n<div>Le d\u00e9sir sup\u00e9rieur fait \u00e9cho\u00a0\u00e0 un d\u00e9sir de votre \u00e2me.<\/div>\n<div><\/div>\n<div>Apprenez\u00a0\u00e0 vous aligner sur vos d\u00e9sirs sup\u00e9rieurs, ainsi vous vous alignerez avec le plan parfait\u00a0 de l&#8217;univers (ou plan divin), vous vous connecterez alors \u00e0 ses merveilleuses opportunit\u00e9s de cr\u00e9ation infinie.<\/div>\n<\/div>\n","protected":false},"excerpt":{"rendered":"<p>La vibration du d\u00e9sir peut appara\u00eetre sous diff\u00e9rentes formes, et influer n\u00e9gativement ou positivement sur chaque aspect de votre vie. \u00a0 Nous avons des centaines de milliers de d\u00e9sirs, conscients ou pas. \u00a0En ressentant les \u00e9motions associ\u00e9es \u00e0 la r\u00e9alisation de votre d\u00e9sir, vous \u00e9mettez de fa\u00e7on constante la vibration qui lui est propre. En [&hellip;]<\/p>\n","protected":false},"featured_media":1709,"template":"","meta":[],"product_cat":[16],"product_tag":[],"_links":{"self":[{"href":"https:\/\/crea.enseignementdemichael.fr\/index.php\/wp-json\/wp\/v3\/product\/4565"}],"collection":[{"href":"https:\/\/crea.enseignementdemichael.fr\/index.php\/wp-json\/wp\/v3\/product"}],"about":[{"href":"https:\/\/crea.enseignementdemichael.fr\/index.php\/wp-json\/wp\/v2\/types\/product"}],"wp:featuredmedia":[{"embeddable":true,"href":"https:\/\/crea.enseignementdemichael.fr\/index.php\/wp-json\/wp\/v2\/media\/1709"}],"wp:attachment":[{"href":"https:\/\/crea.enseignementdemichael.fr\/index.php\/wp-json\/wp\/v2\/media?parent=4565"}],"wp:term":[{"taxonomy":"product_cat","embeddable":true,"href":"https:\/\/crea.enseignementdemichael.fr\/index.php\/wp-json\/wp\/v2\/product_cat?post=4565"},{"taxonomy":"product_tag","embeddable":true,"href":"https:\/\/crea.enseignementdemichael.fr\/index.php\/wp-json\/wp\/v2\/product_tag?post=4565"}],"curies":[{"name":"wp","href":"https:\/\/api.w.org\/{rel}","templated":true}]}}