{"id":4895,"date":"2020-12-12T17:42:03","date_gmt":"2020-12-12T16:42:03","guid":{"rendered":"https:\/\/www.enseignementdemichael.fr\/?post_type=product&#038;p=4895"},"modified":"2024-01-08T14:54:54","modified_gmt":"2024-01-08T13:54:54","slug":"exorciser-votre-annee-2023","status":"publish","type":"product","link":"https:\/\/crea.enseignementdemichael.fr\/index.php\/produit\/exorciser-votre-annee-2023\/","title":{"rendered":"EXORCISER VOTRE ANNEE"},"content":{"rendered":"<p>Pourquoi exorciser votre ann\u00e9e en cours?<\/p>\n<p>Cet Exorcisme G\u00e9n\u00e9ral pour 12 mois est primordial et fondamental en ces temps bouscul\u00e9s.<\/p>\n<p>C\u2019est l\u2019abjuration et\u00a0 la lib\u00e9ration des 365 jours dans lesquels vous naviguez.<br \/>\nPour la lib\u00e9ration des sch\u00e9mas de souffrance pr\u00eats \u00e0 se reproduire, des \u00e9nergies denses stagnantes dans votre \u00e9nergie , pour balayer des liens toxiques cr\u00e9\u00e9s\u00a0sur chemin de vie.<br \/>\nLes 12 mois en cours sont particuli\u00e8rement douloureux pour une grande partie de l\u2019humanit\u00e9.<br \/>\nUne ann\u00e9e qui a raviv\u00e9 de tr\u00e8s vieilles m\u00e9moires de peurs ancestrales, de<br \/>\npeste, de fl\u00e9au, de souffrances, de pertes financi\u00e8res et de douleurs morales.<\/p>\n<p>Gr\u00e2ce\u00a0\u00e0 Dieu nous avons \u00e9t\u00e9 pr\u00e9serv\u00e9s puisque nous sommes l\u00e0.<br \/>\nSouvenons-nous qu\u2019un exorcisme est une b\u00e9n\u00e9diction puissante, lumineuse, qui vise \u00e0<br \/>\nchasser toute n\u00e9gativit\u00e9, sur chaque plan, en toute dimension, tout ce qui vous affecte.<br \/>\nEnsuite cela sera le moment de poser vos intentions, en vous servant de la puissance du Verbe<br \/>\ncr\u00e9ateur.\u00a0<b>Le bonus en cadeau vous y aidera<\/b>. Il est prodigieux.<br \/>\nVous pouvez chasser par anticipation tout ce que vous pourriez\u00a0rencontrer de n\u00e9gatif dans chaque aspect de notre existence, au cours de l\u2019ann\u00e9e qui vient.<br \/>\nDans cet exorcisme, vous est donn\u00e9e une protection colossale : quatre cierges b\u00e9nis qu\u2019on n\u2019\u00e9teint pas et qui vont br\u00fbler, durant toute l\u2019ann\u00e9e, dans l\u2019univers, pour illuminer chaque journ\u00e9e pour vous.<\/p>\n<p>Quatre, parce que c\u2019est le chiffre de la perfection\u00a0; le chiffre atomique de l\u2019or, de la prosp\u00e9rit\u00e9 terrestre, de la protection, de la belle loi de l\u2019abondance positive de l\u2019univers et du succ\u00e8s.<br \/>\nOffrez-vous cette somptueuse b\u00e9n\u00e9diction \u00e0 vous-m\u00eame, car vous vous<br \/>\nsouhaitez le meilleur pour les 365 jours qui viennent. N\u2019est-ce pas?<\/p>\n<p>C\u2019est, avec certitude, le cadeau le plus original que vous pourrez vous offrir.<br \/>\nCette b\u00e9n\u00e9diction scintille de puret\u00e9, d\u2019amour et de lumi\u00e8re. Avec cet exorcisme divin, nous vous souhaitons une somptueuse nouvelle ann\u00e9e.<\/p>\n<p>Et ce traitement quantique de puissante protection est \u00e0 effectuer au minimum une fois par an, c&#8217;est crucial, le jour de votre anniversaire, c&#8217;est aussi un cadeau original et divin \u00e0 offrir!<\/p>\n<p>Tarif: 110 euros<br \/>\nDur\u00e9e 27 minutes<\/p>\n","protected":false},"excerpt":{"rendered":"<p>Pourquoi exorciser votre ann\u00e9e en cours? Cet Exorcisme G\u00e9n\u00e9ral pour 12 mois est primordial et fondamental en ces temps bouscul\u00e9s. C\u2019est l\u2019abjuration et\u00a0 la lib\u00e9ration des 365 jours dans lesquels vous naviguez. Pour la lib\u00e9ration des sch\u00e9mas de souffrance pr\u00eats \u00e0 se reproduire, des \u00e9nergies denses stagnantes dans votre \u00e9nergie , pour balayer des liens [&hellip;]<\/p>\n","protected":false},"featured_media":1709,"template":"","meta":[],"product_cat":[16],"product_tag":[],"_links":{"self":[{"href":"https:\/\/crea.enseignementdemichael.fr\/index.php\/wp-json\/wp\/v3\/product\/4895"}],"collection":[{"href":"https:\/\/crea.enseignementdemichael.fr\/index.php\/wp-json\/wp\/v3\/product"}],"about":[{"href":"https:\/\/crea.enseignementdemichael.fr\/index.php\/wp-json\/wp\/v2\/types\/product"}],"wp:featuredmedia":[{"embeddable":true,"href":"https:\/\/crea.enseignementdemichael.fr\/index.php\/wp-json\/wp\/v2\/media\/1709"}],"wp:attachment":[{"href":"https:\/\/crea.enseignementdemichael.fr\/index.php\/wp-json\/wp\/v2\/media?parent=4895"}],"wp:term":[{"taxonomy":"product_cat","embeddable":true,"href":"https:\/\/crea.enseignementdemichael.fr\/index.php\/wp-json\/wp\/v2\/product_cat?post=4895"},{"taxonomy":"product_tag","embeddable":true,"href":"https:\/\/crea.enseignementdemichael.fr\/index.php\/wp-json\/wp\/v2\/product_tag?post=4895"}],"curies":[{"name":"wp","href":"https:\/\/api.w.org\/{rel}","templated":true}]}}