{"id":5072,"date":"2020-12-21T08:45:29","date_gmt":"2020-12-21T07:45:29","guid":{"rendered":"https:\/\/www.enseignementdemichael.fr\/?post_type=product&#038;p=5072"},"modified":"2024-01-08T14:54:14","modified_gmt":"2024-01-08T13:54:14","slug":"soin-de-noel-2020-transmutation-et-liberation","status":"publish","type":"product","link":"https:\/\/crea.enseignementdemichael.fr\/index.php\/produit\/soin-de-noel-2020-transmutation-et-liberation\/","title":{"rendered":"TRANSMUTATION ET LIBERATION"},"content":{"rendered":"<p class=\"x_MsoNormal\"><span style=\"color: #000000;\">La r\u00e9p\u00e9tition de l\u2019ancien doit \u00eatre extermin\u00e9e.<\/span><\/p>\n<p class=\"x_MsoNormal\"><span style=\"color: #000000;\">Le Merveilleux soin quantique est pr\u00e9cis\u00e9ment cr\u00e9\u00e9 pour faire fondre et consumer ces \u00e9nergies de l\u2019ombre qui ont influenc\u00e9 toutes vos d\u00e9cisions, dans chaque aspect de votre existence, m\u00eame dans chacun de vos corps subtils.<\/span><\/p>\n<p class=\"x_MsoNormal\"><span style=\"color: #000000;\">Se nourrissant exclusivement de nos \u00e9motions douloureuses, ces entit\u00e9s n\u00e9gatives pour les plus faibles, voire diabolique pour les plus f\u00e9roces, ces forces noires parviennent \u00e0 contr\u00f4ler nos comportements, en inoculant perfidement diff\u00e9rentes formes de blessures et de d\u00e9solation.<\/span><\/p>\n<p class=\"x_MsoNormal\"><span style=\"color: #000000;\">Ces \u00e9gr\u00e9gores du bas astral sont couramment la cause de d\u00e9boires et d\u2019instabilit\u00e9 au quotidien, gr\u00e2ce \u00e0 leur habilet\u00e9 \u00e0 retenir et suspendre les bonnes choses qui sont plac\u00e9es sur notre chemin, obstruant notre canal divin et tout ce qui est cens\u00e9 nous arriver de bon, sans leur intervention paralysante.<\/span><\/p>\n<p class=\"x_MsoNormal\"><span style=\"color: #000000;\">Cette accumulation d\u2019\u00e9nergies pernicieuses doit \u00eatre stopp\u00e9e.<\/span><\/p>\n<p class=\"x_MsoNormal\"><span style=\"color: #000000;\">Car elles polluent de fa\u00e7on insupportable\u00a0<b>notre qui\u00e9tude \u00e9motionnelle et notre pl\u00e9nitude mat\u00e9rielle<\/b>.<\/span><\/p>\n<p class=\"x_MsoNormal\"><span style=\"color: #000000;\">Cela nous accable de p\u00e9nurie si \u00e9pouvantable en tout domaine, dont l\u2019origine est entr\u00e9e par effraction, bien malgr\u00e9 nous, dans notre champ vibratoire, abaissant dangereusement nos fr\u00e9quences.<\/span><\/p>\n<p class=\"x_MsoNormal\"><span style=\"color: #000000;\">Malheureusement nous n\u2019en prenons pas forc\u00e9ment conscience au d\u00e9part, mais on sent bien que ce mal-\u00eatre qui s\u2019installe partout, dans chaque coin de notre vie, n\u2019est absolument pas normal.<\/span><\/p>\n<p class=\"x_MsoNormal\"><span style=\"color: #000000;\">Mais aucune \u00e9nergie pestilentielle et mauvaise n\u2019a la puissance de la lumi\u00e8re qui vibre en nous. Gr\u00e2ce \u00e0 notre extraordinaire lumi\u00e8re int\u00e9rieure, nous avons la toute-puissance sur ces consistances noires.<\/span><\/p>\n<p class=\"x_MsoNormal\"><span style=\"color: #000000;\">Avec la participation des plans divins, et la pr\u00e9sence de J\u00e9sus et de Marie, afin de transmuter, de lib\u00e9rer et de gu\u00e9rir ces \u00e9nergies lugubres de notre vie et pour en \u00e9viter la r\u00e9p\u00e9tition, voici le puissant Soin Quantique de No\u00ebl 2020, \u00e0 effectuer id\u00e9alement 7 jours.<\/span><\/p>\n<p class=\"x_MsoNormal\"><span style=\"color: #000000;\">C\u2019est un audio \u00e0 t\u00e9l\u00e9charger, avec ou sans musique, il dure 50 minutes, vous pouvez l\u2019\u00e9couter en plusieurs fois si n\u00e9cessaire et cela sera parfait.<\/span><\/p>\n<p class=\"x_MsoNormal\"><span style=\"color: #000000;\">Je vous en souhaite une profonde lib\u00e9ration de votre \u00eatre, et de somptueux b\u00e9n\u00e9fices.<\/span><\/p>\n<p class=\"x_MsoNormal\" align=\"center\">Tarif: 110 euros<\/p>\n","protected":false},"excerpt":{"rendered":"<p>La r\u00e9p\u00e9tition de l\u2019ancien doit \u00eatre extermin\u00e9e. Le Merveilleux soin quantique est pr\u00e9cis\u00e9ment cr\u00e9\u00e9 pour faire fondre et consumer ces \u00e9nergies de l\u2019ombre qui ont influenc\u00e9 toutes vos d\u00e9cisions, dans chaque aspect de votre existence, m\u00eame dans chacun de vos corps subtils. Se nourrissant exclusivement de nos \u00e9motions douloureuses, ces entit\u00e9s n\u00e9gatives pour les plus [&hellip;]<\/p>\n","protected":false},"featured_media":5244,"template":"","meta":[],"product_cat":[16],"product_tag":[],"_links":{"self":[{"href":"https:\/\/crea.enseignementdemichael.fr\/index.php\/wp-json\/wp\/v3\/product\/5072"}],"collection":[{"href":"https:\/\/crea.enseignementdemichael.fr\/index.php\/wp-json\/wp\/v3\/product"}],"about":[{"href":"https:\/\/crea.enseignementdemichael.fr\/index.php\/wp-json\/wp\/v2\/types\/product"}],"wp:featuredmedia":[{"embeddable":true,"href":"https:\/\/crea.enseignementdemichael.fr\/index.php\/wp-json\/wp\/v2\/media\/5244"}],"wp:attachment":[{"href":"https:\/\/crea.enseignementdemichael.fr\/index.php\/wp-json\/wp\/v2\/media?parent=5072"}],"wp:term":[{"taxonomy":"product_cat","embeddable":true,"href":"https:\/\/crea.enseignementdemichael.fr\/index.php\/wp-json\/wp\/v2\/product_cat?post=5072"},{"taxonomy":"product_tag","embeddable":true,"href":"https:\/\/crea.enseignementdemichael.fr\/index.php\/wp-json\/wp\/v2\/product_tag?post=5072"}],"curies":[{"name":"wp","href":"https:\/\/api.w.org\/{rel}","templated":true}]}}