{"id":524,"date":"2019-05-28T13:21:23","date_gmt":"2019-05-28T11:21:23","guid":{"rendered":"http:\/\/enseignementdemichael.fr\/?post_type=product&#038;p=524"},"modified":"2024-01-08T15:03:38","modified_gmt":"2024-01-08T14:03:38","slug":"flamme-de-paix-et-de-perfection-flamme-sacree-de-lesprit-saint","status":"publish","type":"product","link":"https:\/\/crea.enseignementdemichael.fr\/index.php\/produit\/flamme-de-paix-et-de-perfection-flamme-sacree-de-lesprit-saint\/","title":{"rendered":"FLAMME DE PAIX ET DE PERFECTION FLAMME SACR\u00c9E de L\u2019ESPRIT SAINT"},"content":{"rendered":"\r\n<p style=\"text-align: left;\">Ses \u00e9nergies pures ont une force de lib\u00e9ration colossale.<\/p>\r\n<p style=\"text-align: left;\">\r\n\r\n<\/p>\r\n<div class=\"wp-block-spacer\" style=\"text-align: left;\" aria-hidden=\"true\">\u00a0<\/div>\r\n<p style=\"text-align: left;\">\r\n\r\n<\/p>\r\n<p style=\"text-align: center;\">-Les conflits \u00e9maillent votre quotidien?<\/p>\r\n<p style=\"text-align: center;\">\r\n\r\n<\/p>\r\n<p style=\"text-align: center;\">-La col\u00e8re a tendance \u00e0 vous submerger?<\/p>\r\n<p style=\"text-align: center;\">\r\n\r\n<\/p>\r\n<p style=\"text-align: center;\">-La communication avec les autres est difficile?<\/p>\r\n<p style=\"text-align: center;\">\r\n\r\n<\/p>\r\n<p style=\"text-align: center;\">-Vous avez de la peine \u00e0 concr\u00e9tiser vos projets?<\/p>\r\n<p style=\"text-align: center;\">\r\n\r\n<\/p>\r\n<p style=\"text-align: center;\">-Votre parcours de vie vous semble chaotique?<\/p>\r\n<p style=\"text-align: left;\">\r\n\r\n<\/p>\r\n<div class=\"wp-block-spacer\" style=\"text-align: left;\" aria-hidden=\"true\">\u00a0<\/div>\r\n<p style=\"text-align: left;\">\r\n\r\n<\/p>\r\n<p style=\"text-align: left;\">Alors vous \u00eates au bon endroit, le protocole quantique avec la flamme de la paix et de la perfection, flamme sacr\u00e9e de l&#8217;esprit saint, est fait pour vous, pour ramener votre vie \u00e0 l&#8217;\u00e9quilibre, en faisant appel \u00e0 ces \u00e9nergies divines de paix absolue et de perfection infinie.<\/p>\r\n<p style=\"text-align: left;\">\r\n\r\n<\/p>\r\n<p style=\"text-align: left;\">Vous pouvez acheter en t\u00e9l\u00e9chargement cette s\u00e9ance priv\u00e9e au prix de 110 euros, et commencer d\u00e8s maintenant \u00e0 la faire dans le confort de votre maison, id\u00e9alement \u00e0 effectuer pendant 21 jours, afin de lib\u00e9rer votre existence terrestre de tout ce qui ne refl\u00e8te pas la paix et la perfection.<\/p>\r\n<p style=\"text-align: left;\">\r\n\r\n<\/p>\r\n<p style=\"text-align: left;\">Fluidifiez votre parcours de vie avec la flamme sacr\u00e9e de l&#8217;esprit saint, faites entrer le divin dans votre quotidien.<\/p>\r\n<p style=\"text-align: left;\">\r\n\r\n<\/p>\r\n<div class=\"wp-block-spacer\" style=\"text-align: left;\" aria-hidden=\"true\">\u00a0<\/div>\r\n<p style=\"text-align: left;\">\r\n\r\n<\/p>\r\n<p style=\"text-align: center;\">Tarif : 110 euros<\/p>\r\n<p style=\"text-align: center;\">\u00a0<\/p>\r\n","protected":false},"excerpt":{"rendered":"<p>Ses \u00e9nergies pures ont une force de lib\u00e9ration colossale. -Les conflits \u00e9maillent votre quotidien? -La col\u00e8re a tendance \u00e0 vous submerger? -La communication avec les autres est difficile? -Vous avez de la peine \u00e0 concr\u00e9tiser vos projets? -Votre parcours de vie vous semble chaotique? Alors vous \u00eates au bon endroit, le protocole quantique avec la [&hellip;]<\/p>\n","protected":false},"featured_media":520,"template":"","meta":[],"product_cat":[16],"product_tag":[],"_links":{"self":[{"href":"https:\/\/crea.enseignementdemichael.fr\/index.php\/wp-json\/wp\/v3\/product\/524"}],"collection":[{"href":"https:\/\/crea.enseignementdemichael.fr\/index.php\/wp-json\/wp\/v3\/product"}],"about":[{"href":"https:\/\/crea.enseignementdemichael.fr\/index.php\/wp-json\/wp\/v2\/types\/product"}],"wp:featuredmedia":[{"embeddable":true,"href":"https:\/\/crea.enseignementdemichael.fr\/index.php\/wp-json\/wp\/v2\/media\/520"}],"wp:attachment":[{"href":"https:\/\/crea.enseignementdemichael.fr\/index.php\/wp-json\/wp\/v2\/media?parent=524"}],"wp:term":[{"taxonomy":"product_cat","embeddable":true,"href":"https:\/\/crea.enseignementdemichael.fr\/index.php\/wp-json\/wp\/v2\/product_cat?post=524"},{"taxonomy":"product_tag","embeddable":true,"href":"https:\/\/crea.enseignementdemichael.fr\/index.php\/wp-json\/wp\/v2\/product_tag?post=524"}],"curies":[{"name":"wp","href":"https:\/\/api.w.org\/{rel}","templated":true}]}}