{"id":5264,"date":"2021-01-08T09:19:08","date_gmt":"2021-01-08T08:19:08","guid":{"rendered":"https:\/\/www.enseignementdemichael.fr\/?post_type=product&#038;p=5264"},"modified":"2023-10-25T14:30:16","modified_gmt":"2023-10-25T12:30:16","slug":"enseignement-vii-de-michael-exorciser-la-peur","status":"publish","type":"product","link":"https:\/\/crea.enseignementdemichael.fr\/index.php\/produit\/enseignement-vii-de-michael-exorciser-la-peur\/","title":{"rendered":"ENSEIGNEMENT VII DE MICHAEL EXORCISER LA PEUR"},"content":{"rendered":"<p>Notre plus grand probl\u00e8me dans l&#8217;existence c&#8217;est la PEUR.<\/p>\n<p>Car nous avons ignor\u00e9 nos capacit\u00e9s inn\u00e9es de d\u00e9passement des al\u00e9as de l&#8217;existence depuis des centaines d&#8217;ann\u00e9es.<\/p>\n<p>De l\u00e0 naissent les angoisses et les frayeurs qui paralysent les forces colossales de r\u00e9ussite qui r\u00e9sident en nous.<\/p>\n<p>Mais malgr\u00e9 le monde physique dans lequel nous vivons, tout est vibratoire, du champ \u00e9nerg\u00e9tique de l&#8217;univers d\u00e9coule toute la cr\u00e9ation.<\/p>\n<p>Dans cet endroit o\u00f9 le temps et l&#8217;espace font un, nos infinies possibilit\u00e9s pr\u00e9sentes et futures sont d\u00e9ja cr\u00e9es et stock\u00e9es. Ce sont des milliards d&#8217;informations quantiques \u00e9poustouflantes \u00e0 notre libre disposition.<\/p>\n<p>Afin d&#8217;y acc\u00e9der, nous devons exorciser LA PEUR, cet \u00e9tat vibratoire pr\u00e9judiciable \u00e0 notre bien-\u00eatre, car chaque peur \u00e9mise est un barrage colossal au succ\u00e8s et au bonheur.<\/p>\n<p>Ce protocole quantique va aller d\u00e9loger les fr\u00e9quences nocives de peur, et reprogrammer votre champ \u00e9nerg\u00e9tique et vibratoire \u00e0 travailler pour vous de fa\u00e7on bien plus coh\u00e9rente, en ad\u00e9quation avec l&#8217;intelligence de l&#8217;Univers, vous inondant d&#8217;audace et de bravoure.<\/p>\n<p>La port\u00e9e de cette reprogrammation est formidable, en dissolvant des si\u00e8cles de peurs enfouies en vous, votre pouvoir personnel est accru, d\u00e9multpliant l&#8217;efficacit\u00e9 de votre pouvoir cr\u00e9ateur.<\/p>\n<p>L&#8217;existence s&#8217;en trouve all\u00e9g\u00e9e, la vie se fluidifie, chaque aspect du quotidien est plus \u00e9panouissant, lib\u00e9r\u00e9 de LA PEUR, nous d\u00e9ployons nos ailes, la Gr\u00e2ce prend place et la lumi\u00e8re revient.<\/p>\n<p>Par rapport \u00e0 l\u2019\u00e9nergie qui est ici avec vous, accueillez-vous en tant qu\u2019\u00eatre de lumi\u00e8re.<\/p>\n<p>Ouvrez en grand votre c\u0153ur \u00e0 toute vibration qualifiante dans cet enseignement sacr\u00e9\u2026<\/p>\n<p>Michael est ici ce v\u00e9hicule d\u2019enseignement sup\u00e9rieur nous refl\u00e9tant cette conscience-connaissance que nous allons activer maintenant.<\/p>\n<p>Protocole quantique \/enseignement sacr\u00e9 en 2 parties (vous pouvez l\u2019\u00e9couter en plusieurs fois et cela sera parfait), audios \u00e0 t\u00e9l\u00e9charger.<\/p>\n","protected":false},"excerpt":{"rendered":"<p>Notre plus grand probl\u00e8me dans l&#8217;existence c&#8217;est la PEUR. Car nous avons ignor\u00e9 nos capacit\u00e9s inn\u00e9es de d\u00e9passement des al\u00e9as de l&#8217;existence depuis des centaines d&#8217;ann\u00e9es. De l\u00e0 naissent les angoisses et les frayeurs qui paralysent les forces colossales de r\u00e9ussite qui r\u00e9sident en nous. Mais malgr\u00e9 le monde physique dans lequel nous vivons, tout [&hellip;]<\/p>\n","protected":false},"featured_media":5261,"template":"","meta":[],"product_cat":[16],"product_tag":[],"_links":{"self":[{"href":"https:\/\/crea.enseignementdemichael.fr\/index.php\/wp-json\/wp\/v3\/product\/5264"}],"collection":[{"href":"https:\/\/crea.enseignementdemichael.fr\/index.php\/wp-json\/wp\/v3\/product"}],"about":[{"href":"https:\/\/crea.enseignementdemichael.fr\/index.php\/wp-json\/wp\/v2\/types\/product"}],"wp:featuredmedia":[{"embeddable":true,"href":"https:\/\/crea.enseignementdemichael.fr\/index.php\/wp-json\/wp\/v2\/media\/5261"}],"wp:attachment":[{"href":"https:\/\/crea.enseignementdemichael.fr\/index.php\/wp-json\/wp\/v2\/media?parent=5264"}],"wp:term":[{"taxonomy":"product_cat","embeddable":true,"href":"https:\/\/crea.enseignementdemichael.fr\/index.php\/wp-json\/wp\/v2\/product_cat?post=5264"},{"taxonomy":"product_tag","embeddable":true,"href":"https:\/\/crea.enseignementdemichael.fr\/index.php\/wp-json\/wp\/v2\/product_tag?post=5264"}],"curies":[{"name":"wp","href":"https:\/\/api.w.org\/{rel}","templated":true}]}}